{"id":5679,"date":"2025-07-13T17:13:49","date_gmt":"2025-07-13T17:13:49","guid":{"rendered":"http:\/\/iotronx.com\/izdelek\/aqara-nastavljiv-cilinder-dodatek-kljucavnico\/"},"modified":"2025-08-07T22:21:42","modified_gmt":"2025-08-07T22:21:42","slug":"aqara-verstellbares-zylinderschlusselschloss-zubehor","status":"publish","type":"product","link":"https:\/\/iotronx.com\/de\/product\/aqara-verstellbares-zylinderschlusselschloss-zubehor\/","title":{"rendered":"AQARA Verstellbarer Zylinder, Zubeh\u00f6r - Schloss"},"content":{"rendered":"<p><strong>Aqara einstellbarer zylindrischer Einsatz<\/strong> ist nicht nur mit dem intelligenten Schloss Aqara U200 kompatibel, sondern auch mit vielen anderen intelligenten Schl\u00f6ssern, die auf der gesch\u00fctzten Seite der T\u00fcr installiert sind. Sein Hauptvorteil ist der modulare Aufbau, der es erm\u00f6glicht, die L\u00e4nge in beiden Richtungen in Bezug auf die Mittellinie der T\u00fcr frei zu verstellen, so dass es f\u00fcr den Einbau in Schl\u00f6sser geeignet ist, die f\u00fcr fast alle Euro-Profilzylinder ausgelegt sind. 4 Verl\u00e4ngerungen f\u00fcr jede Seite sind im Paket enthalten.<\/p>\n<p><\/p>\n<p><strong>Hauptmerkmale<\/strong><\/p>\n<ul>\n<li>\n        <strong>Einstellbare L\u00e4nge<\/strong>:<br \/>Die besondere Konstruktion des verstellbaren Aqara-Zylindereinsatzes erm\u00f6glicht es, die L\u00e4nge mit Hilfe der mitgelieferten Verl\u00e4ngerungen genau an die Dicke der T\u00fcr anzupassen. Die Au\u00dfenseite kann um bis zu 20 mm verl\u00e4ngert werden (mit 4 Verl\u00e4ngerungen), ebenso die Innenseite.\n    <\/li>\n<li><strong>Ausgezeichnete Kompatibilit\u00e4t<\/strong>:<br \/>Das Produkt wurde speziell f\u00fcr das intelligente Schloss Aqara U200 entwickelt, ist aber nat\u00fcrlich auch mit anderen L\u00f6sungen mit zylindrischen Euro-Profilzylindern kompatibel.\n    <\/li>\n<li>\n        <strong>Langlebige und sichere Konstruktion<\/strong>:<br \/>Der zylindrische Einsatz ist aus langlebigen, verschlei\u00dffesten Materialien gefertigt und entspricht den h\u00f6chsten Sicherheitsstandards.\n    <\/li>\n<li>\n        <strong>Einfache Installation<\/strong>:<br \/>Das flexible Design und die intuitive Anleitung machen die Installation schnell und einfach.\n    <\/li>\n<li>\n        <strong>Interne Verst\u00e4rkungen<\/strong>:<br \/>Der mitgelieferte Satz von Verst\u00e4rkungsst\u00e4ben sorgt f\u00fcr maximale Stabilit\u00e4t auch in ausgefahrener Position.\n    <\/li>\n<li>\n        <strong>Geeignet f\u00fcr universelle T\u00fcrgr\u00f6\u00dfen<\/strong>:<br \/>Der zylindrische Einsatz passt in alle europ\u00e4ischen Standardschl\u00f6sser, ob neu oder bereits vorhanden.\n    <\/li>\n<\/ul>\n<p><\/p>\n<h4><strong>Integration und Kompatibilit\u00e4t<\/strong><\/h4>\n<p>Der verstellbare Aqara-Zylinder ist mit allen Schl\u00f6ssern kompatibel, die f\u00fcr Europrofil-Zylinder ausgelegt sind, und l\u00e4sst sich somit nahtlos in Ihr bestehendes Haus integrieren. Aqara gew\u00e4hrleistet au\u00dferdem hohe Sicherheitsstandards - das Produkt entspricht der Zertifizierung EN 1303.<\/p>\n<p><\/p>\n<h3>Hauptunterschiede zwischen AL-D01D und AL-D04E (R2)<\/h3>\n<p><\/p>\n<div class=\"_tableContainer_16hzy_1\">\n<div class=\"_tableWrapper_16hzy_14 group flex w-fit flex-col-reverse\">\n<table data-start=\"246\" data-end=\"1942\" class=\"w-fit min-w-(--thread-content-width)\">\n<thead data-start=\"246\" data-end=\"434\">\n<tr data-start=\"246\" data-end=\"434\">\n<th data-start=\"246\" data-end=\"277\" data-col-size=\"sm\">Merkmal<\/th>\n<th data-start=\"277\" data-end=\"355\" data-col-size=\"md\"><strong data-start=\"279\" data-end=\"290\">AL-D01D<\/strong><\/th>\n<th data-start=\"355\" data-end=\"434\" data-col-size=\"md\"><strong data-start=\"357\" data-end=\"368\">AL-D04E<\/strong><\/th>\n<\/tr>\n<\/thead>\n<tbody data-start=\"624\" data-end=\"1942\">\n<tr data-start=\"624\" data-end=\"812\">\n<td data-start=\"624\" data-end=\"655\" data-col-size=\"sm\"><strong data-start=\"626\" data-end=\"645\">Einstellbare L\u00e4nge<\/strong><\/td>\n<td data-start=\"655\" data-end=\"733\" data-col-size=\"md\">Innen: 35-55 mm<br \/>Au\u00dfen: 35-55 mm<\/td>\n<td data-start=\"733\" data-end=\"812\" data-col-size=\"md\">Innen: 30-65 mm<br \/>\u00c4u\u00dferes: 32-67 mm<\/td>\n<\/tr>\n<tr data-start=\"813\" data-end=\"1001\">\n<td data-start=\"813\" data-end=\"844\" data-col-size=\"sm\"><strong data-start=\"815\" data-end=\"831\">Gesamtl\u00e4nge<\/strong><\/td>\n<td data-col-size=\"md\" data-start=\"844\" data-end=\"922\">70-110 mm<\/td>\n<td data-col-size=\"md\" data-start=\"922\" data-end=\"1001\">62-132 mm<\/td>\n<\/tr>\n<tr data-start=\"1002\" data-end=\"1190\">\n<td data-start=\"1002\" data-end=\"1033\" data-col-size=\"sm\"><strong data-start=\"1004\" data-end=\"1021\">Anzahl der Tasten<\/strong><\/td>\n<td data-start=\"1033\" data-end=\"1111\" data-col-size=\"md\">2 St\u00fcck<\/td>\n<td data-start=\"1111\" data-end=\"1190\" data-col-size=\"md\">4 St\u00fcck<\/td>\n<\/tr>\n<\/tbody>\n<\/table><\/div>\n<\/div>\n<p><\/p>\n<h4><strong>Inhalt des Pakets<\/strong><\/h4>\n<ul>\n<li>1 verstellbarer zylindrischer Aqara-Einsatz<\/li>\n<li>8 Verl\u00e4ngerungsrohre (jeweils f\u00fcr 5 mm Erh\u00f6hung)<\/li>\n<li>15 Bewehrungsst\u00e4be in verschiedenen Gr\u00f6\u00dfen<\/li>\n<li>1 Innensechskant<\/li>\n<li>Schrauben und Schubstangen in verschiedenen L\u00e4ngen<\/li>\n<li>2 Tasten<\/li>\n<li>Ausf\u00fchrliche Installationsanleitung<\/li>\n<\/ul>\n<p><\/p>\n<h4><strong>Technische Daten<\/strong><\/h4>\n<ul>\n<li>\n        <strong>L\u00e4nge des Zylinders:<\/strong><\/p>\n<ul>\n            Grundl\u00e4nge: 35 mm au\u00dfen \/ 35 mm innen\n        <\/ul>\n<ul>\n            Maximale Verl\u00e4ngerung: +20 mm au\u00dfen \/ +20 mm innen\n        <\/ul>\n<\/li>\n<li>\n        <strong>Material:<\/strong> Geh\u00e4rteter Stahl und korrosionsbest\u00e4ndige Legierung\n    <\/li>\n<li>\n        <strong>Kompatibilit\u00e4t:<\/strong> Kompatibel mit Aqara U200 Smart Lock\n    <\/li>\n<li>\n        <strong>Sicherheitsstandards:<\/strong> Zertifiziert nach EN 1303<\/li>\n<\/ul>","protected":false},"excerpt":{"rendered":"<p>Der verstellbare Aqara-Zylinder ist ein Schlie\u00dfzylinder, der f\u00fcr das Smart Lock U200 entwickelt wurde. Er ist so konzipiert, dass er sich leicht an unterschiedliche T\u00fcrst\u00e4rken anpassen l\u00e4sst. Dank innovativer L\u00f6sungen zur L\u00e4ngenanpassung eignet er sich f\u00fcr eine Vielzahl von Anwendungen und erm\u00f6glicht gleichzeitig eine schnelle und einfache Installation.<\/p>","protected":false},"featured_media":5681,"template":"","meta":{"_acf_changed":false},"product_brand":[102],"product_cat":[93],"product_tag":[],"class_list":{"0":"post-5679","1":"product","2":"type-product","3":"status-publish","4":"has-post-thumbnail","6":"product_brand-aqara","7":"product_cat-pametna-vrata-in-dostop","9":"first","10":"instock","11":"sale","12":"taxable","13":"shipping-taxable","14":"purchasable","15":"product-type-simple"},"acf":[],"_links":{"self":[{"href":"https:\/\/iotronx.com\/de\/wp-json\/wp\/v2\/product\/5679","targetHints":{"allow":["GET"]}}],"collection":[{"href":"https:\/\/iotronx.com\/de\/wp-json\/wp\/v2\/product"}],"about":[{"href":"https:\/\/iotronx.com\/de\/wp-json\/wp\/v2\/types\/product"}],"wp:featuredmedia":[{"embeddable":true,"href":"https:\/\/iotronx.com\/de\/wp-json\/wp\/v2\/media\/5681"}],"wp:attachment":[{"href":"https:\/\/iotronx.com\/de\/wp-json\/wp\/v2\/media?parent=5679"}],"wp:term":[{"taxonomy":"product_brand","embeddable":true,"href":"https:\/\/iotronx.com\/de\/wp-json\/wp\/v2\/product_brand?post=5679"},{"taxonomy":"product_cat","embeddable":true,"href":"https:\/\/iotronx.com\/de\/wp-json\/wp\/v2\/product_cat?post=5679"},{"taxonomy":"product_tag","embeddable":true,"href":"https:\/\/iotronx.com\/de\/wp-json\/wp\/v2\/product_tag?post=5679"}],"curies":[{"name":"wp","href":"https:\/\/api.w.org\/{rel}","templated":true}]}}