{"id":5685,"date":"2025-07-13T17:13:49","date_gmt":"2025-07-13T17:13:49","guid":{"rendered":"http:\/\/iotronx.com\/izdelek\/aqara-nastavljiv-cilinder-dodatek-kljucavnico-2\/"},"modified":"2025-09-24T13:06:01","modified_gmt":"2025-09-24T13:06:01","slug":"aqara-verstellbares-zylinder-schlusselschloss-2","status":"publish","type":"product","link":"https:\/\/iotronx.com\/de\/product\/aqara-verstellbares-zylinder-schlusselschloss-2\/","title":{"rendered":"AQARA Verstellbarer Zylinder, Zubeh\u00f6r - Schloss"},"content":{"rendered":"<p><strong>Aqara einstellbarer zylindrischer Einsatz<\/strong> ist nicht nur mit dem intelligenten Schloss Aqara U200, sondern auch mit intelligenten Schl\u00f6ssern anderer Marken kompatibel. Sein Hauptvorteil ist der modulare Aufbau, der es erm\u00f6glicht, die Zylinderl\u00e4nge in beiden Richtungen in Bezug auf die Mittellinie der T\u00fcr frei einzustellen, wodurch er f\u00fcr Schl\u00f6sser geeignet ist, die f\u00fcr fast alle Euro-Profilzylinder ausgelegt sind. 4 Verl\u00e4ngerungen f\u00fcr jede Seite sind in der Packung enthalten.<\/p>\n<p><\/p>\n<h3>Hauptmerkmale:<\/h3>\n<ul>\n<li>\n        <strong>Einstellbare L\u00e4nge<\/strong>Die besondere Konstruktion des verstellbaren Aqara-Zylindereinsatzes erm\u00f6glicht die exakte Anpassung der L\u00e4nge an die T\u00fcrst\u00e4rke durch die mitgelieferten Verl\u00e4ngerungen. Die Au\u00dfenseite kann bis zu 20 mm verl\u00e4ngert werden (mit 4 Verl\u00e4ngerungen), die Innenseite ebenfalls bis zu 20 mm (mit 4 Verl\u00e4ngerungen).\n    <\/li>\n<li>\n        <strong>Ausgezeichnete Kompatibilit\u00e4t<\/strong>Das Ger\u00e4t ist mit dem intelligenten Schloss Aqara U200 kompatibel und kann auch mit anderen intelligenten Schlossl\u00f6sungen f\u00fcr Europrofilzylinder verwendet werden.\n    <\/li>\n<li>\n        <strong>Langlebige und sichere Konstruktion<\/strong>A: Der Zylinder ist aus robusten, abriebfesten Materialien gefertigt, die den h\u00f6chsten Sicherheitsstandards entsprechen.\n    <\/li>\n<li>\n        <strong>Einfache Installation<\/strong>: Dank der verstellbaren Struktur und der intuitiven Anleitung l\u00e4sst sich der zylindrische Einsatz schnell installieren.\n    <\/li>\n<li>\n        <strong>Interne Innovation<\/strong>Der mitgelieferte Satz von Verst\u00e4rkungsstangen gew\u00e4hrleistet die Stabilit\u00e4t des Zylinders auch in ausgefahrener Position.\n    <\/li>\n<li>\n        <strong>F\u00fcr universelle T\u00fcrgr\u00f6\u00dfen<\/strong>Der Zylinder passt zu allen europ\u00e4ischen Standardschl\u00f6ssern, sowohl f\u00fcr neue als auch f\u00fcr bestehende T\u00fcren.\n    <\/li>\n<\/ul>\n<p><\/p>\n<h4>Integration und Kompatibilit\u00e4t<\/h4>\n<p>Der verstellbare Aqara R2-Zylindereinsatz ist mit allen f\u00fcr Euro-Profilzylinder konzipierten Schlie\u00dfmechanismen kompatibel und l\u00e4sst sich somit nahtlos in Ihr bestehendes Haus integrieren. Aqara ist nicht nur vielseitig, sondern auch der Sicherheit verpflichtet, weshalb der Zylindereinsatz die Zertifizierung EN 1303 erf\u00fcllt.<\/p>\n<p><\/p>\n<h3>Hauptunterschiede zwischen AL-D01D und AL-D04E (R2)<\/h3>\n<table>\n<thead>\n<tr>\n<th>Merkmal<\/th>\n<th><strong>AL-D01D<\/strong><\/th>\n<th><strong>AL-D04E<\/strong><\/th>\n<\/tr>\n<\/thead>\n<tbody>\n<tr>\n<td><strong>Einstellbare L\u00e4nge<\/strong><\/td>\n<td>Innen: 35-55 mm<br \/>Au\u00dfen: 35-55 mm<\/td>\n<td>Innen: 30-65 mm<br \/>\u00c4u\u00dferes: 32-67 mm<\/td>\n<\/tr>\n<tr>\n<td><strong>Gesamtl\u00e4nge<\/strong><\/td>\n<td>70-110 mm<\/td>\n<td>62-132 mm<\/td>\n<\/tr>\n<tr>\n<td><strong>Anzahl der Tasten<\/strong><\/td>\n<td>2 St\u00fcck<\/td>\n<td>4 St\u00fcck<\/td>\n<\/tr>\n<\/tbody>\n<\/table>\n<p><\/p>\n<h4>Inhalt des Pakets<\/h4>\n<ul>\n<li>1 verstellbarer zylindrischer Einsatz<\/li>\n<li>4 Tasten<\/li>\n<li>1 Sechskantschraubendreher<\/li>\n<li>Befestigungsschrauben<\/li>\n<li>Installationshandbuch<\/li>\n<\/ul>\n<p><\/p>\n<h4>Technische Daten<\/h4>\n<ul>\n<li>\n        <strong>L\u00e4nge des Zylinders:<\/strong><\/p>\n<ul>\n            Grundl\u00e4nge: 32 mm au\u00dfen \/ 30 mm innen\n        <\/ul>\n<ul>\n            Maximale Verl\u00e4ngerung: +25 mm au\u00dfen \/ +35 mm innen\n        <\/ul>\n<\/li>\n<li><strong>Material:<\/strong> Geh\u00e4rteter Stahl und korrosionsbest\u00e4ndige Legierung<\/li>\n<li><strong>Kompatibilit\u00e4t:<\/strong> Kompatibel mit Aqara U200 Smart Lock, Aqara Home App und Matter-Systemen<\/li>\n<li><strong>Sicherheitsstandards:<\/strong> Zertifiziert nach EN 1303<\/li>\n<\/ul>","protected":false},"excerpt":{"rendered":"<p>Der verstellbare Aqara-Zylinder ist ein Schlie\u00dfzylinder, der f\u00fcr das Smart Lock U200 entwickelt wurde. Er ist so konzipiert, dass er sich leicht an unterschiedliche T\u00fcrst\u00e4rken anpassen l\u00e4sst. Dank innovativer L\u00f6sungen zur L\u00e4ngenanpassung eignet er sich f\u00fcr eine Vielzahl von Anwendungen und erm\u00f6glicht gleichzeitig eine schnelle und einfache Installation.<\/p>","protected":false},"featured_media":5687,"template":"","meta":{"_acf_changed":false},"product_brand":[102],"product_cat":[93],"product_tag":[],"class_list":{"0":"post-5685","1":"product","2":"type-product","3":"status-publish","4":"has-post-thumbnail","6":"product_brand-aqara","7":"product_cat-pametna-vrata-in-dostop","9":"first","10":"instock","11":"sale","12":"taxable","13":"shipping-taxable","14":"purchasable","15":"product-type-simple"},"acf":[],"_links":{"self":[{"href":"https:\/\/iotronx.com\/de\/wp-json\/wp\/v2\/product\/5685","targetHints":{"allow":["GET"]}}],"collection":[{"href":"https:\/\/iotronx.com\/de\/wp-json\/wp\/v2\/product"}],"about":[{"href":"https:\/\/iotronx.com\/de\/wp-json\/wp\/v2\/types\/product"}],"wp:featuredmedia":[{"embeddable":true,"href":"https:\/\/iotronx.com\/de\/wp-json\/wp\/v2\/media\/5687"}],"wp:attachment":[{"href":"https:\/\/iotronx.com\/de\/wp-json\/wp\/v2\/media?parent=5685"}],"wp:term":[{"taxonomy":"product_brand","embeddable":true,"href":"https:\/\/iotronx.com\/de\/wp-json\/wp\/v2\/product_brand?post=5685"},{"taxonomy":"product_cat","embeddable":true,"href":"https:\/\/iotronx.com\/de\/wp-json\/wp\/v2\/product_cat?post=5685"},{"taxonomy":"product_tag","embeddable":true,"href":"https:\/\/iotronx.com\/de\/wp-json\/wp\/v2\/product_tag?post=5685"}],"curies":[{"name":"wp","href":"https:\/\/api.w.org\/{rel}","templated":true}]}}