{"id":5692,"date":"2025-07-13T17:15:47","date_gmt":"2025-07-13T17:15:47","guid":{"rendered":"http:\/\/iotronx.com\/izdelek\/aqara-kartica-nfc\/"},"modified":"2025-08-07T22:21:41","modified_gmt":"2025-08-07T22:21:41","slug":"aqara-nfc-karte","status":"publish","type":"product","link":"https:\/\/iotronx.com\/de\/product\/aqara-nfc-karte\/","title":{"rendered":"Aqara NFC-Karte"},"content":{"rendered":"<p>Die Aqara NFC-Zugangskarte bietet einen sicheren und bequemen Zugang und ist vollst\u00e4ndig mit dem Aqara U200 Smart Lock kompatibel. Diese schlanke, leichte NFC-Karte erm\u00f6glicht es Ihnen, das intelligente Schloss mit einer einfachen Ber\u00fchrung zu entriegeln und bietet eine zuverl\u00e4ssige und leichte Alternative zu herk\u00f6mmlichen Schl\u00fcsseln oder Smartphone-Apps. Sie ist ideal f\u00fcr den schnellen Zugang und eine gute Wahl f\u00fcr Kinder, \u00e4ltere Menschen oder alle, die einen physischen Zugang bevorzugen.<\/p>\n<p><\/p>\n<h4>Wesentliche Merkmale:<\/h4>\n<ul>\n<li><strong>Kompatibilit\u00e4t<\/strong>Funktioniert ausschlie\u00dflich mit dem Aqara U200 Smart Lock und erm\u00f6glicht einen schnellen, ber\u00fchrungsfreien Zugang.<\/li>\n<li><strong>Benutzerfreundlichkeit<\/strong>Dr\u00fccken Sie einfach die NFC-Karte auf das Aqara U200 Smart Lock und die T\u00fcr wird sofort entriegelt.<\/li>\n<li><strong>Bequemer Zugang<\/strong>Eine gro\u00dfartige Alternative f\u00fcr alle, die kein Smartphone mit sich f\u00fchren oder keine digitalen Apps nutzen m\u00f6chten.<\/li>\n<li><strong>Kompakte Bauweise<\/strong>A: Das d\u00fcnne und kompakte Design der Karte erleichtert das Mitf\u00fchren in der Brieftasche, Handtasche oder Hosentasche.<\/li>\n<li><strong>Langlebig und leicht<\/strong>A: Die f\u00fcr den t\u00e4glichen Gebrauch konzipierte Karte ist leicht und langlebig und gew\u00e4hrleistet eine lange Lebensdauer.<\/li>\n<\/ul>\n<p><\/p>\n<h3>Integration und Kompatibilit\u00e4t:<\/h3>\n<p>Die Aqara NFC Access Card l\u00e4sst sich nahtlos in das Aqara Smart Home integrieren und erweitert die Funktionalit\u00e4t des Aqara U200 Smart Locks. Sie ist die perfekte Erg\u00e4nzung f\u00fcr jedes Aqara-System und bietet noch mehr Komfort und Sicherheit.<\/p>\n<p><\/p>\n<h3>Gebrauchsanweisung:<\/h3>\n<ul>\n<li>Verbinden Sie die NFC-Karte mit dem Aqara U200 Smart Lock \u00fcber die Aqara Home App.<\/li>\n<li>Sobald die Verbindung hergestellt ist, dr\u00fccken Sie einfach die Karte auf den NFC-Leser des Smart Locks, um die T\u00fcr zu entriegeln.<\/li>\n<li>Die Karte kann mehreren Familienmitgliedern zugewiesen werden, was einen einfachen und sicheren Zugang f\u00fcr alle erm\u00f6glicht.<\/li>\n<\/ul>\n<p><\/p>\n<h3>Packungsinhalt:<\/h3>\n<ul>\n<li>1x Aqara NFC-Zugangskarte<\/li>\n<\/ul>","protected":false},"excerpt":{"rendered":"<p>Die Aqara NFC-Karte f\u00fcr das U200 Smart Lock bietet eine einfache, sichere und bequeme M\u00f6glichkeit, Ihr Haus ohne Schl\u00fcssel oder mobile Ger\u00e4te zu \u00f6ffnen. Kombinieren Sie sie mit dem Aqara U200 Smart Lock und sichern Sie sich einen problemlosen Zugang und mehr Komfort.<\/p>","protected":false},"featured_media":5694,"template":"","meta":{"_acf_changed":false},"product_brand":[102],"product_cat":[93],"product_tag":[],"class_list":{"0":"post-5692","1":"product","2":"type-product","3":"status-publish","4":"has-post-thumbnail","6":"product_brand-aqara","7":"product_cat-pametna-vrata-in-dostop","9":"first","10":"instock","11":"sale","12":"taxable","13":"shipping-taxable","14":"purchasable","15":"product-type-simple"},"acf":[],"_links":{"self":[{"href":"https:\/\/iotronx.com\/de\/wp-json\/wp\/v2\/product\/5692","targetHints":{"allow":["GET"]}}],"collection":[{"href":"https:\/\/iotronx.com\/de\/wp-json\/wp\/v2\/product"}],"about":[{"href":"https:\/\/iotronx.com\/de\/wp-json\/wp\/v2\/types\/product"}],"wp:featuredmedia":[{"embeddable":true,"href":"https:\/\/iotronx.com\/de\/wp-json\/wp\/v2\/media\/5694"}],"wp:attachment":[{"href":"https:\/\/iotronx.com\/de\/wp-json\/wp\/v2\/media?parent=5692"}],"wp:term":[{"taxonomy":"product_brand","embeddable":true,"href":"https:\/\/iotronx.com\/de\/wp-json\/wp\/v2\/product_brand?post=5692"},{"taxonomy":"product_cat","embeddable":true,"href":"https:\/\/iotronx.com\/de\/wp-json\/wp\/v2\/product_cat?post=5692"},{"taxonomy":"product_tag","embeddable":true,"href":"https:\/\/iotronx.com\/de\/wp-json\/wp\/v2\/product_tag?post=5692"}],"curies":[{"name":"wp","href":"https:\/\/api.w.org\/{rel}","templated":true}]}}