{"id":5705,"date":"2025-07-13T17:15:47","date_gmt":"2025-07-13T17:15:47","guid":{"rendered":"http:\/\/iotronx.com\/izdelek\/aqara-u200-pametna-naknadna-kljucavnica-2\/"},"modified":"2025-08-07T22:21:41","modified_gmt":"2025-08-07T22:21:41","slug":"aqara-u200-smart-schlusselanhanger-2","status":"publish","type":"product","link":"https:\/\/iotronx.com\/de\/product\/aqara-u200-smart-schlusselanhanger-2\/","title":{"rendered":"Aqara U200 smartes Nachr\u00fcstschloss"},"content":{"rendered":"<p style=\"text-align: justify\">Intelligentes Schloss U200 <strong>bestehend aus einem Au\u00dfenger\u00e4t und einem Innenger\u00e4t (und zugeh\u00f6riger Ausr\u00fcstung)<\/strong>. Die beiden Ger\u00e4te kommunizieren drahtlos miteinander. <strong>Innenger\u00e4t<\/strong>der ein zylindrisches Schloss dreht, <strong>auf der gesch\u00fctzten Seite installiert werden<\/strong>, w\u00e4hrend <strong>Tastatur<\/strong> <strong>sollte au\u00dferhalb der T\u00fcr angebracht werden.<\/strong><\/p>\n<p style=\"text-align: justify\">Das Design des U200 erm\u00f6glicht eine einfache Installation an bestehenden T\u00fcren <strong>ohne gr\u00f6\u00dfere Eingriffe oder Renovierungen.<\/strong> Er ist mit den meisten europ\u00e4ischen und nordamerikanischen T\u00fcren kompatibel, einschlie\u00dflich verschiedener europ\u00e4ischer Zylindertypen. Das U200 erm\u00f6glicht einem breiten Spektrum von Eigent\u00fcmern und Mietern einen modernen schl\u00fcssellosen Lebensstil, wobei die Verwendung herk\u00f6mmlicher Schl\u00fcssel m\u00f6glich bleibt. Die Benutzer k\u00f6nnen genie\u00dfen <strong>Einfache Zugangsfreigabe, Fernzugangsverwaltung und sofortige Benachrichtigung \u00fcber den Sperrstatus f\u00fcr mehr Komfort und Sicherheit.<\/strong>&nbsp;<\/p>\n<p style=\"text-align: justify\">Das Aqara U200 nutzt modernste technische L\u00f6sungen, um den Benutzern mehrere sichere Zugangsmethoden zu bieten. Die T\u00fcr kann <strong>offen mit Fingerabdr\u00fccken (bis zu 50 Proben)<\/strong>, <strong>einmalige und wiederkehrende PINs<\/strong>, <strong>Fern- oder lokaler Zugriff \u00fcber mobile Apps, Sprachbefehle oder Aqara NFC-Karten<\/strong>. Aqara entwickelt au\u00dferdem eine Unterst\u00fctzung f\u00fcr HomeKey, die es iOS-Nutzern erm\u00f6glicht, die T\u00fcr durch Ber\u00fchren kompatibler iPhones und Apple Watch-Ger\u00e4te zu entriegeln. Das U200 ist eines der ersten Schl\u00f6sser, das mit dem Matter-Standard kompatibel ist, was die zuk\u00fcnftige Kompatibilit\u00e4t f\u00fcr die Nutzer sicherstellt.<\/p>\n<p style=\"text-align: justify\">Tastatur <strong>(externe Einheit) wird mit 4 AAA-Batterien oder \u00fcber ein festes 12-24V AC- oder DC-Netzteil betrieben<\/strong>. <strong>Das Innenger\u00e4t wird von einem Li-Ion-Akku betrieben, der \u00fcber den USB-Typ-C-Anschluss unter der abnehmbaren Zierkappe aufgeladen werden kann<\/strong>. Dank des energieeffizienten Thread-Protokolls kann das U200 <strong>bietet eine Batterielebensdauer von bis zu 6 Monaten zwischen den Ladevorg\u00e4ngen<\/strong> (bei einer durchschnittlichen Nutzung von 8-mal t\u00e4glicher Entsperrung mit Fingerabdruck oder NFC). Dar\u00fcber hinaus ist die Funktastatur nach IPX5 gesch\u00fctzt und kann extremen Temperaturen von -18\u2103 bis 66\u2103 standhalten, was einen breiten Einsatz erm\u00f6glicht.<\/p>\n<p style=\"text-align: justify\">Als integraler Bestandteil des intelligenten Hauses interagiert die U200 effektiv mit anderen intelligenten Ger\u00e4ten, um dem Benutzer ein vollst\u00e4ndig automatisiertes und personalisiertes intelligentes Erlebnis zu bieten. Mit den Alarmfunktionen in der Aqara-App k\u00f6nnen Sie zum Beispiel Automatisierungen erstellen, die ausgel\u00f6st werden, wenn ein Familienmitglied die U200 aufschlie\u00dft oder die Innenkamera und die Videot\u00fcrklingel nach mehreren fehlgeschlagenen Aufschlie\u00dfungsversuchen aktiviert werden.<\/p>\n<p>Die U200 kann <strong>verbindet sich mit der Aqara Home App \u00fcber Bluetooth oder \u00fcber den Aqara Hub M3. Die Kompatibilit\u00e4t mit anderen Matter-kompatiblen Plattformen (z.B. Amazon Alexa, Apple Home, Google Home, Samsung SmartThings, Home Assistant) soll schrittweise eingef\u00fchrt werden.<\/strong><\/p>\n<p style=\"text-align: justify\">Die Unterst\u00fctzung f\u00fcr die HomeKey-Entsperrung befindet sich in der Entwicklung und wird in einem zuk\u00fcnftigen OTA-Update verf\u00fcgbar sein, sobald das Schloss die erforderlichen Zertifikate erhalten hat.<\/p>\n<p style=\"text-align: justify\">Es gelten Beschr\u00e4nkungen. Detaillierte Informationen zur Kompatibilit\u00e4t des U200-Schlosses finden Sie auf der Kickstarter-Seite oder kontaktieren Sie den Aqara-Support.<\/p>\n<p style=\"text-align: justify\">Die Batterielebensdauer von 6 Monaten wurde bei durchschnittlich 8 t\u00e4glichen Nutzungen der Fingerabdruck- oder NFC-Entsperrung berechnet.<\/p>\n<h3><strong>Produktmerkmale:<\/strong><\/h3>\n<ul>\n<li>Die externe Einheit wird mit Batterien (4 x AAA) oder einem festen Netzteil (12V-24V AC\/DC) betrieben.<\/li>\n<li>Die Au\u00dfeneinheit hat die Schutzart IPX5<\/li>\n<li>Das Innenger\u00e4t wird \u00fcber einen wiederaufladbaren Li-Ion-Akku \u00fcber USB Typ-C mit Strom versorgt<\/li>\n<li>Die gesch\u00e4tzte Lebensdauer der Batterie des Innenger\u00e4ts betr\u00e4gt 6 Monate.<\/li>\n<li>Bluetooth-Verbindung \u00fcber Smartphone oder Aqara Hub M3<\/li>\n<li>Kommunikationsprotokolle Thread, Bluetooth, NFC<\/li>\n<li>Entsperren \u00fcber PIN, Fingerabdruck, Smartphone (Bluetooth), Sprachassistenten oder Aqara NFC-Karte<\/li>\n<li>Betriebstemperaturbereich: -18\u2103 bis 66\u2103<\/li>\n<li>Mit Anleitung, Schrauben, Adaptern und Halterungen<\/li>\n<li>Modell: EL-D02D<\/li>\n<\/ul>","protected":false},"excerpt":{"rendered":"<p>Das U200 Smart Lock ist ein intelligentes Schloss, das ein Zylinderschloss mechanisch \u00f6ffnen\/schlie\u00dfen kann. Es besteht aus zwei Einheiten, einem internen und einem externen Ger\u00e4t, die drahtlos miteinander kommunizieren: Mit dem intelligenten Schloss U200 k\u00f6nnen Sie die T\u00fcr mit Ihrem Telefon (Bluetooth), Ihrem Fingerabdruck oder Ihrem Passwort entriegeln.<\/p>","protected":false},"featured_media":5707,"template":"","meta":{"_acf_changed":false},"product_brand":[102],"product_cat":[94],"product_tag":[],"class_list":{"0":"post-5705","1":"product","2":"type-product","3":"status-publish","4":"has-post-thumbnail","6":"product_brand-aqara","7":"product_cat-vticnice","9":"first","10":"instock","11":"sale","12":"taxable","13":"shipping-taxable","14":"purchasable","15":"product-type-simple"},"acf":[],"_links":{"self":[{"href":"https:\/\/iotronx.com\/de\/wp-json\/wp\/v2\/product\/5705","targetHints":{"allow":["GET"]}}],"collection":[{"href":"https:\/\/iotronx.com\/de\/wp-json\/wp\/v2\/product"}],"about":[{"href":"https:\/\/iotronx.com\/de\/wp-json\/wp\/v2\/types\/product"}],"wp:featuredmedia":[{"embeddable":true,"href":"https:\/\/iotronx.com\/de\/wp-json\/wp\/v2\/media\/5707"}],"wp:attachment":[{"href":"https:\/\/iotronx.com\/de\/wp-json\/wp\/v2\/media?parent=5705"}],"wp:term":[{"taxonomy":"product_brand","embeddable":true,"href":"https:\/\/iotronx.com\/de\/wp-json\/wp\/v2\/product_brand?post=5705"},{"taxonomy":"product_cat","embeddable":true,"href":"https:\/\/iotronx.com\/de\/wp-json\/wp\/v2\/product_cat?post=5705"},{"taxonomy":"product_tag","embeddable":true,"href":"https:\/\/iotronx.com\/de\/wp-json\/wp\/v2\/product_tag?post=5705"}],"curies":[{"name":"wp","href":"https:\/\/api.w.org\/{rel}","templated":true}]}}