{"id":5790,"date":"2025-07-13T17:15:47","date_gmt":"2025-07-13T17:15:47","guid":{"rendered":"http:\/\/iotronx.com\/izdelek\/dvojni-adapter-na-din-nivoj\/"},"modified":"2025-08-07T22:21:41","modified_gmt":"2025-08-07T22:21:41","slug":"doppeladapter-auf-din-ebene","status":"publish","type":"product","link":"https:\/\/iotronx.com\/de\/product\/doppeladapter-auf-din-ebene\/","title":{"rendered":"Doppelter DIN-Schienen-Adapter"},"content":{"rendered":"<p>Mit diesem Adapter k\u00f6nnen Sie bis zu 2 Shelly PLUS, Gen3 oder Shelly PLUS WAVE Relais einfach auf DIN-Schienen in Schaltk\u00e4sten montieren. Er ist auch mit den Nous-Nachr\u00fcstmodulen B1Z, B2Z, B3Z, B4Z und B1T, B2T, B3T kompatibel.<\/p>\n<p>Es handelt sich um einen hochwertigen 3D-Druck aus hochwertigem PETG-Material. Empfohlen f\u00fcr die Verwendung in Innenr\u00e4umen.<\/p>","protected":false},"excerpt":{"rendered":"<p>DIN-Skalenadapter f\u00fcr 2 St\u00fcck Shelly PLUS und Gen3-Relais oder auch Shelly PLUS WAVE-Relais. Auch kompatibel mit nachger\u00fcsteten Nous-Relais.<\/p>","protected":false},"featured_media":5792,"template":"","meta":{"_acf_changed":false},"product_brand":[97],"product_cat":[17],"product_tag":[],"class_list":{"0":"post-5790","1":"product","2":"type-product","3":"status-publish","4":"has-post-thumbnail","6":"product_brand-shelly","7":"product_cat-nekategorizirano","9":"first","10":"instock","11":"sale","12":"taxable","13":"shipping-taxable","14":"purchasable","15":"product-type-simple"},"acf":[],"_links":{"self":[{"href":"https:\/\/iotronx.com\/de\/wp-json\/wp\/v2\/product\/5790","targetHints":{"allow":["GET"]}}],"collection":[{"href":"https:\/\/iotronx.com\/de\/wp-json\/wp\/v2\/product"}],"about":[{"href":"https:\/\/iotronx.com\/de\/wp-json\/wp\/v2\/types\/product"}],"wp:featuredmedia":[{"embeddable":true,"href":"https:\/\/iotronx.com\/de\/wp-json\/wp\/v2\/media\/5792"}],"wp:attachment":[{"href":"https:\/\/iotronx.com\/de\/wp-json\/wp\/v2\/media?parent=5790"}],"wp:term":[{"taxonomy":"product_brand","embeddable":true,"href":"https:\/\/iotronx.com\/de\/wp-json\/wp\/v2\/product_brand?post=5790"},{"taxonomy":"product_cat","embeddable":true,"href":"https:\/\/iotronx.com\/de\/wp-json\/wp\/v2\/product_cat?post=5790"},{"taxonomy":"product_tag","embeddable":true,"href":"https:\/\/iotronx.com\/de\/wp-json\/wp\/v2\/product_tag?post=5790"}],"curies":[{"name":"wp","href":"https:\/\/api.w.org\/{rel}","templated":true}]}}