{"id":5807,"date":"2025-07-13T17:15:47","date_gmt":"2025-07-13T17:15:47","guid":{"rendered":"http:\/\/iotronx.com\/izdelek\/gledopto-gl-s-006p\/"},"modified":"2025-08-07T22:21:41","modified_gmt":"2025-08-07T22:21:41","slug":"siehe-auch-gl-s-006p","status":"publish","type":"product","link":"https:\/\/iotronx.com\/de\/product\/siehe-auch-gl-s-006p\/","title":{"rendered":"Gledopto GL-S-006P"},"content":{"rendered":"<p style=\"text-align: justify\">Kot plug &#038; play re\u0161itev je ta pametna \u017earnica zelo enostavna za namestitev: preprosto odstranite staro \u017earnico in vstavite GLEDPTO RGB + CCT (GU10) Zigbee pametno \u017earnico kot zamenjavo.<\/p>\n<p style=\"text-align: justify\">Dank des Zigbee 3.0-Protokolls ist er mit einer Vielzahl von Zigbee-Gateways kompatibel, darunter alle bew\u00e4hrten Zigbee-Gateways, die mit der eWeLink-App arbeiten, Tuya\/SmartLife Zigbee-Gateways und der Aeotec SmartThings Hub. Au\u00dferdem ist er kompatibel mit Philips Hub, Apple HomeKit-kompatiblen Zigbee-Gateways und den g\u00e4ngigsten Zigbee-USB-Sticks (z. B. Conbee II).<\/p>\n<p style=\"text-align: justify\"><\/p>\n<p style=\"text-align: justify\">Wie andere Produkte der Gledopto Pro-Serie unterst\u00fctzt er auch die lokale drahtlose Fernsteuerung. Es kann auch mit 2,4GHz Gledopto RF-Fernbedienungen und Wandpanels gesteuert werden.<\/p>\n<p style=\"text-align: justify\">Neben der Steuerung per App\/Hub und der lokalen Fernsteuerung erm\u00f6glicht Zigbee je nach Zigbee-Hub auch die Sprachsteuerung.<\/p>\n<p style=\"text-align: justify\"><\/p>\n<p style=\"text-align: justify\">Die Gl\u00fchbirne hat eine einstellbare Farbtemperatur (f\u00fcr wei\u00dfes Licht), eine einstellbare Lichtst\u00e4rke (f\u00fcr farbiges und wei\u00dfes Licht) und unterst\u00fctzt bis zu 16 Millionen Farben f\u00fcr farbiges Licht.<\/p>\n<p style=\"text-align: justify\">Die fortschrittliche RGB + CCT-Gl\u00fchbirne verf\u00fcgt \u00fcber separate LEDs f\u00fcr warmwei\u00dfes (4 St\u00fcck), kaltwei\u00dfes (4 St\u00fcck) und RGB\/farbiges Licht (2 St\u00fcck), die zusammen die gew\u00fcnschte W\u00e4rme und Farbe des Lichts erzeugen.<\/p>\n<p style=\"text-align: justify\">Die GU10-Reflektorlampe strahlt das Licht in einem Winkel von 30 Grad ab. Ein Farbwiedergabeindex (CRI) von \u00fcber 80 gew\u00e4hrleistet eine hohe Farbtreue.<\/p>\n<p style=\"text-align: justify\">Durch die Verwendung des Zigbee 3.0-Protokolls fungiert die intelligente Gl\u00fchbirne auch als Zigbee-Mesh-Knoten, d. h. sie kann das Zigbee-Signal an andere Zigbee-Ger\u00e4te weiterleiten, die weiter vom Zigbee-Gateway entfernt sind.<\/p>\n<p style=\"text-align: justify\"><\/p>\n<p><strong>Produktmerkmale:<\/strong><\/p>\n<ul>\n<li>Strahlerbirne kompatibel mit GU10-Fassung<\/li>\n<li>Low-Power-LED-Technologie: maximale Leistungsaufnahme 5 W<\/li>\n<li>Spannung: 100-240 V<\/li>\n<li>Lichtstrom: 300-450 lm (einstellbare Lichtst\u00e4rke), liefert Durchlicht<\/li>\n<li>CRI: 80+<\/li>\n<li>Farbtemperatur des wei\u00dfen Lichts: 2700K-6500K<\/li>\n<li>Zigbee-Gateway f\u00fcr die Verwendung erforderlich<\/li>\n<li>verwendet das Standardprotokoll Zigbee 3.0, das eine breite Kompatibilit\u00e4t mit Zigbee-Gateways bietet<\/li>\n<li>Kompatibel mit eWeLink App (mit eWeLink Zigbee Gateways), Tuya\/SmartLife App (f\u00fcr Tuya Zigbee Gateways) und SmartThings Hub, verbindet sich auch mit Conbee II Zigbee USB Stick und Apple HomeKit kompatiblen Zigbee Gateways, sowie Philips Hue Hub<\/li>\n<li>unterst\u00fctzt auch Zigbee-Mesh<\/li>\n<\/ul>\n<p><\/p>","protected":false},"excerpt":{"rendered":"<p>Die RGB+CCT Zigbee 3.0 Smart Bulb f\u00fcr GU10 von Gledopt ist eine dimmbare, wei\u00dfe und farbige Gl\u00fchbirne, die mit eWeLink, Tuya\/SmartLife Zigbee-Gateways, Aeotec SmartThings Zigbee-Hub, mehreren Apple-Hubs mit Zigbee-Unterst\u00fctzung, Conbee II und vielen anderen verbunden werden kann. Als Standard Zigbee 3.0 Produkt ist es auch mit vielen anderen Zigbee Gateways kompatibel.<\/p>","protected":false},"featured_media":5809,"template":"","meta":{"_acf_changed":false},"product_brand":[105],"product_cat":[90],"product_tag":[],"class_list":{"0":"post-5807","1":"product","2":"type-product","3":"status-publish","4":"has-post-thumbnail","6":"product_brand-gledopto","7":"product_cat-razsvetljava","9":"first","10":"instock","11":"sale","12":"taxable","13":"shipping-taxable","14":"purchasable","15":"product-type-simple"},"acf":[],"_links":{"self":[{"href":"https:\/\/iotronx.com\/de\/wp-json\/wp\/v2\/product\/5807","targetHints":{"allow":["GET"]}}],"collection":[{"href":"https:\/\/iotronx.com\/de\/wp-json\/wp\/v2\/product"}],"about":[{"href":"https:\/\/iotronx.com\/de\/wp-json\/wp\/v2\/types\/product"}],"wp:featuredmedia":[{"embeddable":true,"href":"https:\/\/iotronx.com\/de\/wp-json\/wp\/v2\/media\/5809"}],"wp:attachment":[{"href":"https:\/\/iotronx.com\/de\/wp-json\/wp\/v2\/media?parent=5807"}],"wp:term":[{"taxonomy":"product_brand","embeddable":true,"href":"https:\/\/iotronx.com\/de\/wp-json\/wp\/v2\/product_brand?post=5807"},{"taxonomy":"product_cat","embeddable":true,"href":"https:\/\/iotronx.com\/de\/wp-json\/wp\/v2\/product_cat?post=5807"},{"taxonomy":"product_tag","embeddable":true,"href":"https:\/\/iotronx.com\/de\/wp-json\/wp\/v2\/product_tag?post=5807"}],"curies":[{"name":"wp","href":"https:\/\/api.w.org\/{rel}","templated":true}]}}