{"id":5827,"date":"2025-07-13T17:16:52","date_gmt":"2025-07-13T17:16:52","guid":{"rendered":"http:\/\/iotronx.com\/izdelek\/gledopto-gl-d-002p-zigbee-pro-zigbee-3-0-rf-sprejemnik-pametna-vgradna-led-svetilka-300-lumnov-ip40\/"},"modified":"2025-08-07T22:21:41","modified_gmt":"2025-08-07T22:21:41","slug":"gledopto-gl-d-002p-zigbee-pro-zigbee-3-0-rf-empfanger-intelligente-led-einbauleuchte-300-lumen-ip40","status":"publish","type":"product","link":"https:\/\/iotronx.com\/de\/product\/gledopto-gl-d-002p-zigbee-pro-zigbee-3-0-rf-empfanger-intelligente-led-einbauleuchte-300-lumen-ip40\/","title":{"rendered":"Gledopto GL-D-002P Zigbee Pro (Zigbee 3.0 + RF-Empf\u00e4nger) intelligente LED-Einbauleuchte (300 Lumen. IP40)"},"content":{"rendered":"<p>Der Gledopto GL-D-002P ist ein 6-W-LED-Einbaustrahler, der sowohl RGB-Farboptionen als auch einstellbares wei\u00dfes Licht von warmwei\u00df (2200K) bis kaltwei\u00df (6500K) bietet. Er unterst\u00fctzt Zigbee 3.0 f\u00fcr die Smart-Home-Integration und bietet Sprach- und App-Steuerung, was ihn zu einer vielseitigen Wahl f\u00fcr die heutigen Anforderungen an die Innenbeleuchtung macht.<\/p>\n<h3>Pr\u00e4sentation der Marke<\/h3>\n<p>Gledopto ist eine beliebte Smart-Home-Marke, die f\u00fcr ihre hochwertigen intelligenten Beleuchtungsl\u00f6sungen bekannt ist und hochwertige intelligente LED-Gl\u00fchbirnen und -Lampen anbietet. Ihre Zigbee Pro- und Zigbee Pro+-Produkte eignen sich sowohl f\u00fcr die lokale Steuerung \u00fcber 2,4-GHz-Funkfernbedienungen als auch f\u00fcr die intelligente Steuerung \u00fcber Zigbee 3.0.<\/p>\n<p>Insbesondere Zigbee Pro Produkte bieten eine breite und nahtlose Integration mit Philips Hue, SmartThings Zigbee Hubs und anderen, und die meisten Zigbee Pro L\u00f6sungen sind auch mit anderen Standard Zigbee 3.0 Gateways kompatibel.<\/p>\n<p>Die Produkte von Gledopt sind bekannt f\u00fcr ihre hochwertigen Materialien, ihr durchdachtes Design, ihre Zuverl\u00e4ssigkeit und ihre gute Kompatibilit\u00e4t mit verschiedenen Smart-Home-\u00d6kosystemen.<\/p>\n<h3>Wesentliche Merkmale<\/h3>\n<ul>\n<li><strong>Intelligente Verwaltung<\/strong>Integration mit Zigbee 3.0, erm\u00f6glicht die Steuerung per Sprache, mobile Apps und Fernbedienungen.<\/li>\n<li><strong>Vielseitige Beleuchtung<\/strong>RGB + Warm White + Cool White Farboptionen mit einstellbarer Farbtemperatur von 2200K bis 6500K.<\/li>\n<li><strong>Energie-Effizienz<\/strong>Leistungsaufnahme 6 W, Lichtausbeute 52 lm\/W und Gesamtlichtausbeute 300 Lumen.<\/li>\n<li><strong>Hochwertiges Licht<\/strong>: Indeks barvne reprodukcije (CRI) >90, ki zagotavlja \u017eive in natan\u010dne barve.<\/li>\n<li><strong>Langlebiges Design<\/strong>Lebensdauer bis zu 50.000 Stunden mit Schutzart IP40, geeignet f\u00fcr den Einsatz in Innenr\u00e4umen.<\/li>\n<li><strong>Kompakt und leicht<\/strong>Wiegt nur 0,117 kg und eignet sich f\u00fcr den Einbau in eine 60-mm-Bohrung, was eine einfache Installation in verschiedenen R\u00e4umen erm\u00f6glicht.<\/li>\n<\/ul>\n<h3>Smart-Home-Protokolle und -Integrationen<\/h3>\n<p>Der GL-D-002P unterst\u00fctzt Zigbee 3.0 und erm\u00f6glicht die nahtlose Integration in eine Vielzahl von Smart-Home-Systemen. Er ist mit beliebten Plattformen wie Philips Hue, SmartThings, Alexa und Tuya kompatibel und erm\u00f6glicht umfangreiche Steuerungs- und Automatisierungsoptionen.<\/p>\n<h3>Technische Daten<\/h3>\n<ul>\n<li><strong>Eingangsspannung:<\/strong> AC 100-240V<\/li>\n<li><strong>Stromverbrauch:<\/strong> 6W<\/li>\n<li><strong>Lichteffizienz:<\/strong> 52 lm\/W<\/li>\n<li><strong>Lichtstrom:<\/strong> 300 lm<\/li>\n<li><strong>Farbtemperatur:<\/strong> einstellbar zwischen 2200K und 6500K<\/li>\n<li><strong>Farbwiedergabe-Index (CRI):<\/strong> >90<\/li>\n<li><strong>Winkel des Lichtstrahls:<\/strong> 60\u00b0<\/li>\n<li><strong>Lebenszeit:<\/strong> 50.000 Stunden<\/li>\n<li><strong>Schutzart (IP):<\/strong> IP40<\/li>\n<li><strong>Gr\u00f6\u00dfe des Installationslochs:<\/strong> 60 mm (2,36 Zoll)<\/li>\n<\/ul>\n<h3>Verwenden Sie<\/h3>\n<p>Dieser Strahler ist ideal f\u00fcr moderne Innenr\u00e4ume wie Wohnzimmer, Schlafzimmer und K\u00fcchen, in denen eine einstellbare und hochwertige Beleuchtung erw\u00fcnscht ist. Seine intelligenten Steuerungsm\u00f6glichkeiten und seine vielseitige Beleuchtung erm\u00f6glichen es Ihnen, in jeder Umgebung die perfekte Atmosph\u00e4re zu schaffen.<\/p>","protected":false},"excerpt":{"rendered":"<p>Die Gledopto GL-D-002P ist eine 6-W-LED-Leuchte f\u00fcr den Innenbereich, die RGB-Farboptionen und eine einstellbare wei\u00dfe Beleuchtung von warmwei\u00df (2200K) bis kaltwei\u00df (6500K) bietet. Sie unterst\u00fctzt die Zigbee 3.0-Technologie f\u00fcr die Smart-Home-Integration und bietet Sprach- und App-Steuerung, was sie zu einer vielseitigen Wahl f\u00fcr die heutigen Anforderungen an die Innenbeleuchtung macht.<\/p>","protected":false},"featured_media":5829,"template":"","meta":{"_acf_changed":false},"product_brand":[105],"product_cat":[90],"product_tag":[],"class_list":{"0":"post-5827","1":"product","2":"type-product","3":"status-publish","4":"has-post-thumbnail","6":"product_brand-gledopto","7":"product_cat-razsvetljava","9":"first","10":"instock","11":"sale","12":"taxable","13":"shipping-taxable","14":"purchasable","15":"product-type-simple"},"acf":[],"_links":{"self":[{"href":"https:\/\/iotronx.com\/de\/wp-json\/wp\/v2\/product\/5827","targetHints":{"allow":["GET"]}}],"collection":[{"href":"https:\/\/iotronx.com\/de\/wp-json\/wp\/v2\/product"}],"about":[{"href":"https:\/\/iotronx.com\/de\/wp-json\/wp\/v2\/types\/product"}],"wp:featuredmedia":[{"embeddable":true,"href":"https:\/\/iotronx.com\/de\/wp-json\/wp\/v2\/media\/5829"}],"wp:attachment":[{"href":"https:\/\/iotronx.com\/de\/wp-json\/wp\/v2\/media?parent=5827"}],"wp:term":[{"taxonomy":"product_brand","embeddable":true,"href":"https:\/\/iotronx.com\/de\/wp-json\/wp\/v2\/product_brand?post=5827"},{"taxonomy":"product_cat","embeddable":true,"href":"https:\/\/iotronx.com\/de\/wp-json\/wp\/v2\/product_cat?post=5827"},{"taxonomy":"product_tag","embeddable":true,"href":"https:\/\/iotronx.com\/de\/wp-json\/wp\/v2\/product_tag?post=5827"}],"curies":[{"name":"wp","href":"https:\/\/api.w.org\/{rel}","templated":true}]}}