{"id":5864,"date":"2025-07-13T17:16:52","date_gmt":"2025-07-13T17:16:52","guid":{"rendered":"http:\/\/iotronx.com\/izdelek\/gledopto-gl-c-011p\/"},"modified":"2025-08-07T22:21:41","modified_gmt":"2025-08-07T22:21:41","slug":"gledopto-gl-c-011p","status":"publish","type":"product","link":"https:\/\/iotronx.com\/de\/product\/gledopto-gl-c-011p\/","title":{"rendered":"Gledopto GL-C-011P"},"content":{"rendered":"<p><strong>Die Gledopto Zigbee Pro Serie bietet innovative, qualitativ hochwertige Produkte, die eine intelligente Steuerung \u00fcber eine Zigbee-Verbindung, eine lokale Steuerung mit 2,4GHz RF-Fernbedienungen und eine Sprachsteuerung \u00fcber Alexa und Google Home unterst\u00fctzen.<\/strong> <em>(je nach Gateway)<\/em><strong>.<\/strong><\/p>\n<p><strong>Kompatibel mit allen wichtigen Zigbee-Gateways und -Plattformen<\/strong>: kompatibel mit <strong>Sonoff ZBBridge und andere eWeLink Zigbee-Gateways<\/strong>, arbeiten mit <strong>Tuya\/SmartLife<\/strong> Zigbee-Gateways, auch kompatibel mit <strong>SmartThings<\/strong> gateway, <strong>Startseite<\/strong>, <strong>ConBee II<\/strong>, <strong>Hubitat-Erhebung<\/strong>, <strong>Philips Hue<\/strong> gateway, <strong>Amazon Alexa<\/strong> Ger\u00e4te mit eingebautem Zigbee-Gateway und auch mit <strong>Terncy (Apple Home kompatibel)<\/strong> gateway.<\/p>\n<p>Pro-Produkte k\u00f6nnen auch verwaltet werden mit <strong>Gledopto 2.4GHz Fernbedienungen<\/strong> und drahtlose Wandpanels, so dass auch die lokale Verwaltung unterst\u00fctzt wird.<\/p>\n<p>&nbsp;<\/p>\n<p><strong>Gledopto Zigbee Pro 5 in 1 LED-Steuerung (Zigbee+RF)<\/strong> <em>(GL-C-011P)<\/em> ist eines der fortschrittlichsten Pro-Produkte von Gledopt, das in Schaltk\u00e4sten und DIN-Schienengeh\u00e4usen montiert werden kann, 5 Betriebsarten unterst\u00fctzt und f\u00fcr folgende Anwendungen geeignet ist:<\/p>\n<ul>\n<li>v <strong>RGB+CCT- und RGBCCT-Modus<\/strong>Unterst\u00fctzt RGB-Farblicht + warmes\/kaltes wei\u00dfes Licht;<\/li>\n<li>v <strong>RGBW-Modus<\/strong>: kann RGBW-LED-Streifen f\u00fcr farbiges RGB-Licht + warmes\/kaltes wei\u00dfes Licht steuern;<\/li>\n<li>v <strong>RGB-Modus<\/strong>: kann RGB-LED-Streifen f\u00fcr farbiges und wei\u00dfes Licht steuern;<\/li>\n<li>v <strong>CCT-Modus<\/strong>: kann warmes\/kaltes wei\u00dfes Licht und dessen Intensit\u00e4t steuern; oder beliebige zweifarbige LED-Streifen; (max. 2 LED-Streifen);<\/li>\n<li>v <strong>Dimmer-Modus<\/strong>: Steuerung der Lichtintensit\u00e4t f\u00fcr einfarbige LED-Streifen, (max. 5 LED-Streifen)<\/li>\n<\/ul>\n<p><\/p>\n<p>Die gew\u00fcnschte Betriebsart kann einfach durch Dr\u00fccken der OPT-Taste am Ger\u00e4t vor der Kopplung mit dem Zigbee-Gateway ausgew\u00e4hlt werden.<\/p>\n<p>Die Stromversorgung ist mit DC 12V, DC 24V, DC 36V, DC 48V oder sogar DC 54V m\u00f6glich, so dass diese <strong>Der 5-in-1 Zigbee Pro LED Controller ist praktisch f\u00fcr die Steuerung von LED-Streifen fast jeder Spannung und Art.<\/strong><\/p>\n<p>&nbsp;<\/p>\n<p>Als eines der fortschrittlichsten Produkte auf dem Markt ist Gledopto <strong>Der 5-in-1 Zigbee Pro LED-Controller unterst\u00fctzt auch PWM (Pulsweitenmodulation) Frequenzeinstellungen<\/strong>. Auf diese Weise k\u00f6nnen Sie die Frequenz so einstellen, dass sie mit der Stromversorgung optimal kompatibel ist, Ger\u00e4usche vermieden oder reduziert werden und das st\u00f6rende Flackern der LED-Leuchten vermieden wird.<\/p>\n<p>Frekvenco lahko nastavite s fizi\u010dnim gumbom na napravi med naslednjimi mo\u017enostmi: 600 Hz -> 800 Hz -> 1000 Hz -> 2000 Hz -> 4000 Hz -> 8000 Hz. Standardna nastavitev je 1000 Hz.<\/p>\n<p>Sie k\u00f6nnen auch optional einstellen <strong>Standardmodus beim Einschalten<\/strong>: ob das LED-Licht beim Einschalten des Ger\u00e4ts \u00fcber eine physische Taste ein- oder ausgeschaltet werden soll.<\/p>\n<p>Der Controller ist mit den meisten ZigBee ZLL und ZigBee 3.0 Gateways kompatibel. Er wurde mit Philips Hue\u00ae, Osram Lightify\u00ae, Amazon Echo Plus, Sonoff eWeLink Zigbee Gateways und Tuya Zigbee Gateways getestet.<\/p>\n<p><strong style=\"font-size: 0.875rem;letter-spacing: 0.01071em\"><br \/><\/strong><\/p>\n<p><strong style=\"font-size: 0.875rem;letter-spacing: 0.01071em\">Maximale Ausgangslast:<\/strong><\/p>\n<ul>\n<li><span style=\"font-size: 0.875rem;letter-spacing: 0.01071em\">bei 12V Spannung: 10A<\/span><\/li>\n<li><span style=\"font-size: 0.875rem;letter-spacing: 0.01071em\">bei 24V: 10A<\/span><\/li>\n<li><span style=\"font-size: 0.875rem;letter-spacing: 0.01071em\">bei 36 V: 7,5 A<\/span><\/li>\n<li><span style=\"font-size: 0.875rem;letter-spacing: 0.01071em\">bei 48V: 5,6A<\/span><\/li>\n<li>bei 54V: 5A<\/li>\n<\/ul>\n<p>&nbsp;<\/p>\n<h3>Merkmale (je nach Betriebsart und LED-Streifentyp):<\/h3>\n<ul>\n<li><strong>DIN-Schienen-kompatibel<\/strong><\/li>\n<li><strong>Farbeinstellung (im RGBCCT-, RGBW- und RGB-Modus):<\/strong> Unterst\u00fctzt 16 Millionen Farben<\/li>\n<li><strong>Einstellung der Helligkeit:<\/strong> Dimmer-Funktion<\/li>\n<li><strong>Einstellung der Farbtemperatur<\/strong> (au\u00dfer im Dimmermodus): Kalt- oder Warmwei\u00df, 2000K bis 6500K<\/li>\n<li><strong>Steuerung \u00fcber Smartphone<\/strong> - abh\u00e4ngig vom Zigbee-Gateway<\/li>\n<li><strong>Sprachsteuerung<\/strong> - \u00fcber Google Assistant oder Alexa - je nach Zigbee-Gateway<\/li>\n<li><strong>Kompatibel mit 2,4GHz RF-Fernbedienungen oder RF-Wandpanels<\/strong> <em>(separat erh\u00e4ltlich), kein Zigbee-Hub f\u00fcr RF-Steuerung erforderlich<\/em><\/li>\n<li>Einfache Montage - mit doppelseitigem Kleber oder Schrauben<\/li>\n<li><strong>Gesamte Leistungsabgabe:<\/strong>\n<ul>\n<li>12V: maximal 10A<\/li>\n<li>24V: maximal 10A<\/li>\n<li>36V: maximal 7,5A<\/li>\n<li>48V: maximal 5,6A<\/li>\n<li>54V: maximal 5A<\/li>\n<\/ul>\n<\/li>\n<li><strong>Verschiedene DC-Netzteile und LED-Streifen werden unterst\u00fctzt:<\/strong> DC 12V \/ 24V \/ 36V \/ 48V \/ 54V<\/li>\n<li><strong>5 Betriebsarten werden unterst\u00fctzt:<\/strong> RGB+CCT \/ RGBCCT, RGBW, RGB, CCT, Dimmer<\/li>\n<li><strong>Einfache Integration mit Zigbee<\/strong> drahtloses Kommunikationsprotokoll<\/li>\n<li><strong>Kompatibel mit einer gro\u00dfen Anzahl von Gateways<\/strong>Sonoff \/ eWeLink Zigbee-Gateway, Tuya\/SmartLife Zigbee-Gateway, Philips Hue-Bridge, SmartThings \/ Aeotec-Gateway, Homee, ConBee II, Hubitat Elevation, Amazon Zigbee-Gateway, Terncy (Apple Home-kompatibel) Gateway.<br \/> Hinweis: Einige Methoden funktionieren m\u00f6glicherweise nicht mit bestimmten Gateways. <em>(z. B. ist der RGB-Modus nicht mit dem eWeLink-Gateway kompatibel)<\/em><\/li>\n<li><strong>Unterst\u00fctzung f\u00fcr Zigbee-Mesh-Netzwerk<\/strong>: ja<\/li>\n<\/ul>","protected":false},"excerpt":{"rendered":"<p>Der Glodopto Zigbee Pro 5 in 1 LED Controller (Zigbee+RF) ist ein Produkt der Glodopto Pro Serie mit Unterst\u00fctzung f\u00fcr Zigbee+RF Fernsteuerung und unterst\u00fctzt 5 Betriebsmodi: RGB CCT, RGBW, RGB, CCT und Dimmer.<\/p>","protected":false},"featured_media":5866,"template":"","meta":{"_acf_changed":false},"product_brand":[105],"product_cat":[90],"product_tag":[],"class_list":{"0":"post-5864","1":"product","2":"type-product","3":"status-publish","4":"has-post-thumbnail","6":"product_brand-gledopto","7":"product_cat-razsvetljava","9":"first","10":"instock","11":"sale","12":"taxable","13":"shipping-taxable","14":"purchasable","15":"product-type-simple"},"acf":[],"_links":{"self":[{"href":"https:\/\/iotronx.com\/de\/wp-json\/wp\/v2\/product\/5864","targetHints":{"allow":["GET"]}}],"collection":[{"href":"https:\/\/iotronx.com\/de\/wp-json\/wp\/v2\/product"}],"about":[{"href":"https:\/\/iotronx.com\/de\/wp-json\/wp\/v2\/types\/product"}],"wp:featuredmedia":[{"embeddable":true,"href":"https:\/\/iotronx.com\/de\/wp-json\/wp\/v2\/media\/5866"}],"wp:attachment":[{"href":"https:\/\/iotronx.com\/de\/wp-json\/wp\/v2\/media?parent=5864"}],"wp:term":[{"taxonomy":"product_brand","embeddable":true,"href":"https:\/\/iotronx.com\/de\/wp-json\/wp\/v2\/product_brand?post=5864"},{"taxonomy":"product_cat","embeddable":true,"href":"https:\/\/iotronx.com\/de\/wp-json\/wp\/v2\/product_cat?post=5864"},{"taxonomy":"product_tag","embeddable":true,"href":"https:\/\/iotronx.com\/de\/wp-json\/wp\/v2\/product_tag?post=5864"}],"curies":[{"name":"wp","href":"https:\/\/api.w.org\/{rel}","templated":true}]}}