{"id":5917,"date":"2025-07-13T17:16:52","date_gmt":"2025-07-13T17:16:52","guid":{"rendered":"http:\/\/iotronx.com\/izdelek\/gledopto-gl-dr-002w-tuya-wi-fi-pametni-rele-16a-z-merilnikom-moci\/"},"modified":"2025-08-07T22:21:41","modified_gmt":"2025-08-07T22:21:41","slug":"gledopto-gl-dr-002w-tuya-wi-fi-smart-relay-16a-mit-leistungsmesser","status":"publish","type":"product","link":"https:\/\/iotronx.com\/de\/product\/gledopto-gl-dr-002w-tuya-wi-fi-smart-relay-16a-mit-leistungsmesser\/","title":{"rendered":"Gledopto GL-DR-002W Tuya Wi-Fi Smart Relay (16A) mit Leistungsmesser"},"content":{"rendered":"<p><strong>Gledopto GL-DR-002W<\/strong> ist ein intelligenter Wi-Fi-Schutzschalter f\u00fcr die DIN-Schienenmontage, der f\u00fcr die Fernsteuerung und \u00dcberwachung von Stromkreisen entwickelt wurde. Er unterst\u00fctzt Amazon Alexa und Google Assistant, was eine einfache Integration in Smart-Home-Systeme erm\u00f6glicht. Das Ger\u00e4t ist aus feuerfestem PC-Material gefertigt und bietet einen maximalen Ausgangsstrom von 16A. Er arbeitet im Spannungsbereich von 90-130V und 198-240V AC und verf\u00fcgt \u00fcber einen eingebauten Energiez\u00e4hler zur Echtzeit\u00fcberwachung.<\/p>\n<h4>Pr\u00e4sentation der Marke<\/h4>\n<p>Gledopto ist eine beliebte Marke im Smart-Home-Sektor, die f\u00fcr ihre hochwertigen intelligenten Beleuchtungsl\u00f6sungen bekannt ist, einschlie\u00dflich hochwertiger intelligenter LED-Gl\u00fchbirnen und -Lampen. Die Produkte von Gledopto sind bekannt f\u00fcr ihre hochwertigen Materialien, ihr zuverl\u00e4ssiges Design und ihre gute Kompatibilit\u00e4t mit verschiedenen Smart-Home-\u00d6kosystemen.<\/p>\n<h4>Wesentliche Merkmale<\/h4>\n<ul>\n<li><strong>Wi-Fi-Verbindung:<\/strong> Integration mit Tuya Smart, ohne dass ein lokaler Controller erforderlich ist.<\/li>\n<li><strong>Unterst\u00fctzte Protokolle:<\/strong> Amazon Alexa, Google Assistant.<\/li>\n<li><strong>Eingangsspannung:<\/strong> AC 198-240V.<\/li>\n<li><strong>Maximaler Ausgangsstrom:<\/strong> 16A.<\/li>\n<li><strong>Material:<\/strong> Ein refrakt\u00e4rer PC.<\/li>\n<li><strong>Schutzklasse:<\/strong> IP20.<\/li>\n<li><strong>Eingebauter Energiez\u00e4hler.<\/strong><\/li>\n<\/ul>\n<h4>Technische Daten<\/h4>\n<ul>\n<li><strong>Modell:<\/strong> GL-DR-002W<\/li>\n<li><strong>Eingangsspannung:<\/strong> 90-130V AC \/ 198-240V AC<\/li>\n<li><strong>Maximale Belastung:<\/strong> 16A<\/li>\n<li><strong>Governance:<\/strong> Wi-Fi (\u00fcber Tuya-App)<\/li>\n<li><strong>Abmessungen:<\/strong> 9,3 cm x 2,5 cm x 6 cm<\/li>\n<\/ul>","protected":false},"excerpt":{"rendered":"<p>Der Gledopto GL-DR-002W ist ein Tuya Wi-Fi Smart Dual White &amp; RGB LED Controller, der f\u00fcr die intelligente Steuerung von LED-Beleuchtung entwickelt wurde. Dieser vielseitige Controller unterst\u00fctzt RGB- und duale wei\u00dfe (warme und k\u00fchle) LED-Streifen und ist mit der Tuya Smart-Plattform kompatibel, so dass Sie den GL-DR-002W ganz einfach per Smartphone-App oder Sprachassistenten steuern k\u00f6nnen.<\/p>","protected":false},"featured_media":5919,"template":"","meta":{"_acf_changed":false},"product_brand":[105],"product_cat":[91],"product_tag":[],"class_list":{"0":"post-5917","1":"product","2":"type-product","3":"status-publish","4":"has-post-thumbnail","6":"product_brand-gledopto","7":"product_cat-nadzor-porabe-energije","9":"first","10":"instock","11":"sale","12":"taxable","13":"shipping-taxable","14":"purchasable","15":"product-type-simple"},"acf":[],"_links":{"self":[{"href":"https:\/\/iotronx.com\/de\/wp-json\/wp\/v2\/product\/5917","targetHints":{"allow":["GET"]}}],"collection":[{"href":"https:\/\/iotronx.com\/de\/wp-json\/wp\/v2\/product"}],"about":[{"href":"https:\/\/iotronx.com\/de\/wp-json\/wp\/v2\/types\/product"}],"wp:featuredmedia":[{"embeddable":true,"href":"https:\/\/iotronx.com\/de\/wp-json\/wp\/v2\/media\/5919"}],"wp:attachment":[{"href":"https:\/\/iotronx.com\/de\/wp-json\/wp\/v2\/media?parent=5917"}],"wp:term":[{"taxonomy":"product_brand","embeddable":true,"href":"https:\/\/iotronx.com\/de\/wp-json\/wp\/v2\/product_brand?post=5917"},{"taxonomy":"product_cat","embeddable":true,"href":"https:\/\/iotronx.com\/de\/wp-json\/wp\/v2\/product_cat?post=5917"},{"taxonomy":"product_tag","embeddable":true,"href":"https:\/\/iotronx.com\/de\/wp-json\/wp\/v2\/product_tag?post=5917"}],"curies":[{"name":"wp","href":"https:\/\/api.w.org\/{rel}","templated":true}]}}