{"id":6001,"date":"2025-07-13T17:18:02","date_gmt":"2025-07-13T17:18:02","guid":{"rendered":"http:\/\/iotronx.com\/izdelek\/homey-pro-ethernet-adapter-dodatna-oprema\/"},"modified":"2025-08-07T22:21:40","modified_gmt":"2025-08-07T22:21:40","slug":"homey-pro-ethernet-adapter-zubehor","status":"publish","type":"product","link":"https:\/\/iotronx.com\/de\/product\/homey-pro-ethernet-adapter-zubehor\/","title":{"rendered":"Homey Pro Ethernet-Adapter (Zubeh\u00f6r)"},"content":{"rendered":"<p>Erweitern Sie Ihren Homey Pro Hub mit dem Homey Pro Ethernet Adapter um eine zuverl\u00e4ssige, kabelgebundene Verbindung.<\/p>\n<p>Ohne diesen Adapter unterst\u00fctzt der Homey Pro-Hub nur Wi-Fi-Konnektivit\u00e4t.<\/p>","protected":false},"excerpt":{"rendered":"<p>F\u00fcgen Sie mit dem Homey Pro Ethernet-Adapter eine zuverl\u00e4ssigere kabelgebundene Verbindung hinzu, indem Sie den Homey Pro-Hub als werkseitig montiertes Zubeh\u00f6r verwenden.<\/p>","protected":false},"featured_media":6003,"template":"","meta":{"_acf_changed":false},"product_brand":[107],"product_cat":[94],"product_tag":[],"class_list":{"0":"post-6001","1":"product","2":"type-product","3":"status-publish","4":"has-post-thumbnail","6":"product_brand-homey","7":"product_cat-vticnice","9":"first","10":"instock","11":"sale","12":"taxable","13":"shipping-taxable","14":"purchasable","15":"product-type-simple"},"acf":[],"_links":{"self":[{"href":"https:\/\/iotronx.com\/de\/wp-json\/wp\/v2\/product\/6001","targetHints":{"allow":["GET"]}}],"collection":[{"href":"https:\/\/iotronx.com\/de\/wp-json\/wp\/v2\/product"}],"about":[{"href":"https:\/\/iotronx.com\/de\/wp-json\/wp\/v2\/types\/product"}],"wp:featuredmedia":[{"embeddable":true,"href":"https:\/\/iotronx.com\/de\/wp-json\/wp\/v2\/media\/6003"}],"wp:attachment":[{"href":"https:\/\/iotronx.com\/de\/wp-json\/wp\/v2\/media?parent=6001"}],"wp:term":[{"taxonomy":"product_brand","embeddable":true,"href":"https:\/\/iotronx.com\/de\/wp-json\/wp\/v2\/product_brand?post=6001"},{"taxonomy":"product_cat","embeddable":true,"href":"https:\/\/iotronx.com\/de\/wp-json\/wp\/v2\/product_cat?post=6001"},{"taxonomy":"product_tag","embeddable":true,"href":"https:\/\/iotronx.com\/de\/wp-json\/wp\/v2\/product_tag?post=6001"}],"curies":[{"name":"wp","href":"https:\/\/api.w.org\/{rel}","templated":true}]}}