{"id":6021,"date":"2025-07-13T17:18:02","date_gmt":"2025-07-13T17:18:02","guid":{"rendered":"http:\/\/iotronx.com\/izdelek\/kingart-visoko-zmogljivo-20-a-zdruzljivo-s-sonoffom-wifi-stikalo-na-dotik-stikalo\/"},"modified":"2026-01-22T13:32:25","modified_gmt":"2026-01-22T13:32:25","slug":"kingart-hochleistungsfahiger-20-a-sonoff-kompatibler-wifi-schalter-touch-schalter","status":"publish","type":"product","link":"https:\/\/iotronx.com\/de\/product\/kingart-hochleistungsfahiger-20-a-sonoff-kompatibler-wifi-schalter-touch-schalter\/","title":{"rendered":"KingArt Hochleistung (20 A), Sonoff kompatibel, WiFi Touch\/Schalter"},"content":{"rendered":"<p>Der KingArt 20A-Schalter ist ein speziell entwickelter Sonoff\/eWeLink-kompatibler Glas-Touch-Schalter mit einer maximalen Last von 20A. Er erm\u00f6glicht die Steuerung von elektrischen Hochleistungsger\u00e4ten wie Elektroboilern, Elektroheizungen, Elektrosaunen und \u00e4hnlichem. Es handelt sich um eine WiFi-only-Version, ohne RF-Empf\u00e4nger im Schalter.<\/p>\n<p>Es ist mit einem Touchpanel aus schwarzem Glas erh\u00e4ltlich.<\/p>\n<p>Der Schalter hat eine elegante Glasfront mit einer Touch-Taste. Dank des eingebauten WiFi-Chips kann der Schalter per Smartphone (iOS oder Android) aus der Ferne ein- oder ausgeschaltet werden, und Sie k\u00f6nnen auch einen Einmal- oder Ein\/Aus-Zeitplan festlegen. Durch Antippen des Schalters k\u00f6nnen Sie ihn auch als klassische Wandschalttafel verwenden. Die Fernbedienung kann mit Familienmitgliedern geteilt werden. Die ideale L\u00f6sung f\u00fcr die intelligente Steuerung von Licht und Lampen, da Sie das Licht auch dann ein- oder ausschalten k\u00f6nnen, wenn Sie nicht zu Hause sind. Als Einbruchschutz kann sie einen Zeitplan festlegen, der Ihre Anwesenheit simuliert.<\/p>\n<p>Wie die intelligenten Schalter von Sonoff unterst\u00fctzt er auch die Sprachsteuerung. Er ist mit Amazon Alexa und Google Assistant kompatibel, sodass Sie mit dem Schalter verbundene Ger\u00e4te per Sprachbefehl steuern k\u00f6nnen - ideal, um allt\u00e4gliche Aufgaben zu erleichtern.<\/p>\n<p>Das elegante Design mit Glasplatte und ber\u00fchrungsempfindlichen Tasten verleiht Ihrem Zuhause einen modernen Touch. Die LED-Anzeige macht es einfach, den Schalter auch im Dunkeln zu finden.<\/p>\n<p>Dar\u00fcber hinaus k\u00f6nnen Sie Ihren Status synchronisieren und die Verwaltung mit Familienmitgliedern teilen. Sie k\u00f6nnen den Status des Schalters (ein\/aus) auf Ihrem Telefon \u00fcberwachen und ihn gemeinsam mit anderen verwalten.<\/p>\n<h3>Wichtigste Produktmerkmale:<\/h3>\n<ul>\n<li><strong>Ber\u00fchrungsschalter<\/strong> - Touch-Schalter und LED-WiFi-Aktivit\u00e4tsanzeige auf der Glasfront<\/li>\n<li><strong>Abmessungen nach EU-Normen<\/strong> - 86\u00d786 mm Frontplatte und 34 mm Tiefe, geeignet f\u00fcr den Einbau in EU-Standarddosen<\/li>\n<li><strong>WiFi-only-Version<\/strong> - keine Unterst\u00fctzung f\u00fcr 433 MHz RF, daher ist eine bidirektionale Steuerung von RF-Schaltern nicht m\u00f6glich<\/li>\n<li><strong>Fernbedienung ein\/aus<\/strong> - \u00fcberall und jederzeit \u00fcber die App<\/li>\n<li><strong>Mobile App<\/strong> - Kostenlose eWeLink-App f\u00fcr iOS und Android<\/li>\n<li><strong>Status-Synchronisation<\/strong> - \u00dcberwachung des Status des Schalters in der App<\/li>\n<li><strong>Zeitschaltuhr<\/strong> - Unterst\u00fctzung f\u00fcr einmalige und wiederkehrende Zeitpl\u00e4ne, Countdown-Timer und Schleifen<\/li>\n<li><strong>Gemeinsame Verwaltung<\/strong> - erm\u00f6glicht mehreren Benutzern die Verwaltung des Ger\u00e4ts<\/li>\n<li><strong>Schauplatz<\/strong> - Ein- und Ausschalten mehrerer Ger\u00e4te mit einem Tastendruck<\/li>\n<li><strong>Clevere Szenen<\/strong> - Aktivierung durch Temperatur, Feuchtigkeit oder andere Sensoren<\/li>\n<li><strong>Kompatibilit\u00e4t<\/strong> - funktioniert perfekt mit Amazon Alexa, Google Assistant, IFTTT und Google Nest<\/li>\n<li><strong>Das ist wichtig:<\/strong> F\u00fcr den ordnungsgem\u00e4\u00dfen Betrieb ist eine Versorgung mit Phase und Nullleiter erforderlich.<\/li>\n<\/ul>","protected":false},"excerpt":{"rendered":"<p>Der KingArt&amp;#8217 Hochleistungs-Touch-Wandschalter kann bis zu 20A\/4400W Leistung steuern, so dass er zum Schalten von Warmwasserbereitern, Boilern, elektrischen Heizungen usw. verwendet werden kann. Der Schalter ist wie die Sonoff- und SmartWise-Schalter eWeLink-kompatibel, so dass Sie ihn mit der eWeLink-App \u00fcber das Internet fernsteuern k\u00f6nnen.<\/p>","protected":false},"featured_media":6023,"template":"","meta":{"_acf_changed":false},"product_brand":[109],"product_cat":[95],"product_tag":[],"class_list":{"0":"post-6021","1":"product","2":"type-product","3":"status-publish","4":"has-post-thumbnail","6":"product_brand-kingart","7":"product_cat-stikala","9":"first","10":"outofstock","11":"sale","12":"taxable","13":"shipping-taxable","14":"purchasable","15":"product-type-simple"},"acf":[],"_links":{"self":[{"href":"https:\/\/iotronx.com\/de\/wp-json\/wp\/v2\/product\/6021","targetHints":{"allow":["GET"]}}],"collection":[{"href":"https:\/\/iotronx.com\/de\/wp-json\/wp\/v2\/product"}],"about":[{"href":"https:\/\/iotronx.com\/de\/wp-json\/wp\/v2\/types\/product"}],"wp:featuredmedia":[{"embeddable":true,"href":"https:\/\/iotronx.com\/de\/wp-json\/wp\/v2\/media\/6023"}],"wp:attachment":[{"href":"https:\/\/iotronx.com\/de\/wp-json\/wp\/v2\/media?parent=6021"}],"wp:term":[{"taxonomy":"product_brand","embeddable":true,"href":"https:\/\/iotronx.com\/de\/wp-json\/wp\/v2\/product_brand?post=6021"},{"taxonomy":"product_cat","embeddable":true,"href":"https:\/\/iotronx.com\/de\/wp-json\/wp\/v2\/product_cat?post=6021"},{"taxonomy":"product_tag","embeddable":true,"href":"https:\/\/iotronx.com\/de\/wp-json\/wp\/v2\/product_tag?post=6021"}],"curies":[{"name":"wp","href":"https:\/\/api.w.org\/{rel}","templated":true}]}}