{"id":6025,"date":"2025-07-13T17:18:02","date_gmt":"2025-07-13T17:18:02","guid":{"rendered":"http:\/\/iotronx.com\/izdelek\/legrand-niloe-rapido-krempelj\/"},"modified":"2025-08-07T22:21:40","modified_gmt":"2025-08-07T22:21:40","slug":"legrand-niloe-rapido-klaue","status":"publish","type":"product","link":"https:\/\/iotronx.com\/de\/product\/legrand-niloe-rapido-klaue\/","title":{"rendered":"Legrand Nilo\u00e9 Rapido Klaue"},"content":{"rendered":"<p>Es handelt sich um ein Zubeh\u00f6r f\u00fcr die Nachr\u00fcstung \u00e4lterer Unterputzdosen, die keine Schraubbefestigung unterst\u00fctzen.<\/p>\n<p>Erm\u00f6glicht die Befestigung von Ger\u00e4ten (z. B. Wandschalter, Steckdosen usw.), die keinen Schraubring haben, in Unterputzdosen, wo eine Schraubmontage nicht m\u00f6glich ist.<\/p>\n<p>Kompatibel mit Shelly Wall Switches, Sonoff TX Smart Switches, SmartWise und KingArt Smart Switches und anderen \u00e4hnlichen Ger\u00e4ten.<\/p>","protected":false},"excerpt":{"rendered":"<p>Dies ist ein Zubeh\u00f6r f\u00fcr die Nachr\u00fcstung \u00e4lterer Wanddosen, die keine Schrauben unterst\u00fctzen. Es erm\u00f6glicht den Einbau von Ger\u00e4ten (z.B.<\/p>","protected":false},"featured_media":6027,"template":"","meta":{"_acf_changed":false},"product_brand":[110],"product_cat":[94],"product_tag":[],"class_list":{"0":"post-6025","1":"product","2":"type-product","3":"status-publish","4":"has-post-thumbnail","6":"product_brand-legrand","7":"product_cat-vticnice","9":"first","10":"instock","11":"sale","12":"taxable","13":"shipping-taxable","14":"purchasable","15":"product-type-simple"},"acf":[],"_links":{"self":[{"href":"https:\/\/iotronx.com\/de\/wp-json\/wp\/v2\/product\/6025","targetHints":{"allow":["GET"]}}],"collection":[{"href":"https:\/\/iotronx.com\/de\/wp-json\/wp\/v2\/product"}],"about":[{"href":"https:\/\/iotronx.com\/de\/wp-json\/wp\/v2\/types\/product"}],"wp:featuredmedia":[{"embeddable":true,"href":"https:\/\/iotronx.com\/de\/wp-json\/wp\/v2\/media\/6027"}],"wp:attachment":[{"href":"https:\/\/iotronx.com\/de\/wp-json\/wp\/v2\/media?parent=6025"}],"wp:term":[{"taxonomy":"product_brand","embeddable":true,"href":"https:\/\/iotronx.com\/de\/wp-json\/wp\/v2\/product_brand?post=6025"},{"taxonomy":"product_cat","embeddable":true,"href":"https:\/\/iotronx.com\/de\/wp-json\/wp\/v2\/product_cat?post=6025"},{"taxonomy":"product_tag","embeddable":true,"href":"https:\/\/iotronx.com\/de\/wp-json\/wp\/v2\/product_tag?post=6025"}],"curies":[{"name":"wp","href":"https:\/\/api.w.org\/{rel}","templated":true}]}}