{"id":6088,"date":"2025-07-13T17:20:35","date_gmt":"2025-07-13T17:20:35","guid":{"rendered":"http:\/\/iotronx.com\/izdelek\/nous-e2-smart-tuya-zigbee-brezzicni-senzor-gibanja-pir\/"},"modified":"2025-08-07T22:21:40","modified_gmt":"2025-08-07T22:21:40","slug":"nous-e2-smart-tuya-zigbee-wireless-motion-sensor-pir","status":"publish","type":"product","link":"https:\/\/iotronx.com\/de\/product\/nous-e2-smart-tuya-zigbee-wireless-motion-sensor-pir\/","title":{"rendered":"Nous E2 smart Tuya Zigbee Funk-PIR-Bewegungsmelder"},"content":{"rendered":"<p>Nous E2 ist ein kleiner drahtloser PIR-Sensor f\u00fcr Smart Home, der das Tuya Zigbee-Protokoll unterst\u00fctzt und mit dem Netzwerk \u00fcber ein Tuya Zigbee-Gateway-Ger\u00e4t kommuniziert. Er ist mit Tuya\/SmartLife Zigbee-Gateways kompatibel, \u00fcber die er sich mit der Tuya-Cloud verbindet, erm\u00f6glicht die \u00dcberwachung anderer Wi-Fi- oder Zigbee-kompatibler Tuya-Ger\u00e4te auf der Grundlage seiner Alarme und kann \u00fcber die Tuya- oder Nous-App Benachrichtigungen an Ihr Telefon senden.<\/p>\n<blockquote>\n<p><strong>Was ist die Tuya\/SmartLife Smart Plattform und App?<\/strong><\/p>\n<p>Tuya ist eine beliebte Cloud-Plattform f\u00fcr intelligente H\u00e4user, die integrierte L\u00f6sungen f\u00fcr eine Vielzahl von intelligenten Ger\u00e4ten und Anwendungen bietet. Die Plattform macht es schnell und einfach, Ger\u00e4te zu verbinden und sie \u00fcber eine einzige App aus der Ferne zu verwalten. Tuya, auch bekannt unter dem Namen SmartLife, bietet Nutzern ein umfassendes \u00d6kosystem von intelligenten Ger\u00e4ten verschiedenster Hersteller.<\/p>\n<p>Die Tuya-Plattform l\u00e4sst sich auch in andere \u00d6kosysteme wie Amazon Alexa, Google Assistant und SmartThings integrieren, so dass Tuya-Ger\u00e4te auch auf diesen Plattformen genutzt werden k\u00f6nnen. \u00c4hnlich wie die globale eWeLink-Plattform ist Tuya ein cloudbasiertes System, aber die Qualit\u00e4t der Tuya-Ger\u00e4te kann stark variieren.<\/p>\n<p>Im Tuya-Sortiment bietet die europ\u00e4ische Marke Nous stabile und hochwertige Ger\u00e4te, die \u00fcber die Nous-App oder die Standard-Tuya-App gesteuert werden k\u00f6nnen.<\/p>\n<\/blockquote>\n<p>Das Ger\u00e4t ist mit Nous und Tuya kompatibel, wobei in Tuya je nach Benutzererfahrung mehr Funktionen zur Verf\u00fcgung stehen.<\/p>\n<p>Der Sensor ist das empfohlene Ger\u00e4t f\u00fcr das Tuya Smart Home, das meist im Cloud-Modus arbeitet. F\u00fcr Tuya Zigbee-Gateways, die eine lokale Zwischenspeicherung und Automatisierung erm\u00f6glichen, kann der Sensor jedoch auch ohne Internetverbindung funktionieren.<\/p>\n<p>Wenn es mit dem Tuya Zigbee-Gateway verbunden ist, unterst\u00fctzt es die Sprachsteuerung \u00fcber Amazon Alexa, Google Assistant und (f\u00fcr iOS-Ger\u00e4te) Siri.<\/p>\n<p><strong>Wichtigste Produktmerkmale:<\/strong><\/p>\n<ul style=\"list-style-type: disc;\">\n<li>Verbindung zum Tuya Zigbee-Chip: verbindet sich mit Tuya Zigbee-Gateways \u00fcber das 2,4-GHz-Tuya-Zigbee-Protokoll.<\/li>\n<li>Die Zigbee-Technologie erm\u00f6glicht eine Daten\u00fcbertragung \u00fcber gro\u00dfe Entfernungen, w\u00e4hrend die Mesh-Technologie die Reichweite weiter erh\u00f6ht.<\/li>\n<li>Sprachsteuerung: kompatibel mit Google Assistant und Amazon Alexa, erm\u00f6glicht die Steuerung per Sprachbefehl (bei Verwendung von Tuya Zigbee-Gateways).<\/li>\n<\/ul>","protected":false},"excerpt":{"rendered":"<p>Der Nous E2 Bewegungssensor ist ein batteriebetriebener drahtloser Sensor, der das Tuya Zigbee-Protokoll f\u00fcr das Smart Home nutzt. Basierend auf Alarmen kann er andere Tuya Zigbee-Ger\u00e4te oder Tuya WiFi-Ger\u00e4te \u00fcber die Tuya Zigbee Bridge steuern.<\/p>","protected":false},"featured_media":6090,"template":"","meta":{"_acf_changed":false},"product_brand":[114],"product_cat":[92],"product_tag":[],"class_list":{"0":"post-6088","1":"product","2":"type-product","3":"status-publish","4":"has-post-thumbnail","6":"product_brand-nous","7":"product_cat-varnost-in-nadzor","9":"first","10":"instock","11":"sale","12":"taxable","13":"shipping-taxable","14":"purchasable","15":"product-type-simple"},"acf":[],"_links":{"self":[{"href":"https:\/\/iotronx.com\/de\/wp-json\/wp\/v2\/product\/6088","targetHints":{"allow":["GET"]}}],"collection":[{"href":"https:\/\/iotronx.com\/de\/wp-json\/wp\/v2\/product"}],"about":[{"href":"https:\/\/iotronx.com\/de\/wp-json\/wp\/v2\/types\/product"}],"wp:featuredmedia":[{"embeddable":true,"href":"https:\/\/iotronx.com\/de\/wp-json\/wp\/v2\/media\/6090"}],"wp:attachment":[{"href":"https:\/\/iotronx.com\/de\/wp-json\/wp\/v2\/media?parent=6088"}],"wp:term":[{"taxonomy":"product_brand","embeddable":true,"href":"https:\/\/iotronx.com\/de\/wp-json\/wp\/v2\/product_brand?post=6088"},{"taxonomy":"product_cat","embeddable":true,"href":"https:\/\/iotronx.com\/de\/wp-json\/wp\/v2\/product_cat?post=6088"},{"taxonomy":"product_tag","embeddable":true,"href":"https:\/\/iotronx.com\/de\/wp-json\/wp\/v2\/product_tag?post=6088"}],"curies":[{"name":"wp","href":"https:\/\/api.w.org\/{rel}","templated":true}]}}