{"id":6121,"date":"2025-07-13T17:20:35","date_gmt":"2025-07-13T17:20:35","guid":{"rendered":"http:\/\/iotronx.com\/izdelek\/nous-l5-pametni-krmilnik-tuya-wi-fi-ir-infrardeci\/"},"modified":"2025-08-07T22:21:40","modified_gmt":"2025-08-07T22:21:40","slug":"nous-l5-smart-controller-tuya-wi-fi-ir-infrared","status":"publish","type":"product","link":"https:\/\/iotronx.com\/de\/product\/nous-l5-smart-controller-tuya-wi-fi-ir-infrared\/","title":{"rendered":"Nous L5 Tuya Wi-Fi IR (Infrarot) Smart Controller"},"content":{"rendered":"<p>Verwandeln Sie Ihr Zuhause mit Nous L5 smart <strong>Tuya IR-Gateway\/Steuerungsmodul<\/strong>die die beliebte Tuya Smart Home-Plattform nutzt, um herk\u00f6mmliche Infrarotger\u00e4te (z. B. Fernseher, Klimaanlagen) in Ihrer Umgebung zu steuern und zu automatisieren.<\/p>\n<p><strong>NOUS L5 ist im Wesentlichen eine intelligente Universalfernbedienung \u00fcber Wi-Fi<\/strong>die die Steuerung von IR-Ger\u00e4ten (Infrarot) wie Fernsehern, Klimaanlagen, Ventilatoren und anderen Ger\u00e4ten zu Hause erleichtert. Diese moderne und elegante Fernbedienung verwandelt jedes IR-Ger\u00e4t in ein intelligentes Ger\u00e4t und macht Ihr Zuhause komfortabler und intelligenter.<\/p>\n<blockquote>\n<p><strong>Was ist die Tuya\/SmartLife Smart Plattform und App?<\/strong><\/p>\n<p>Tuya ist eine beliebte cloudbasierte Smart-Plattform, die integrierte L\u00f6sungen f\u00fcr verschiedene Smart-Home-Ger\u00e4te und -Anwendungen bietet. Die Plattform macht es schnell und einfach, Ger\u00e4te \u00fcber eine einzige App zu verbinden, fernzusteuern und zu verwalten. Tuya, auch bekannt als SmartLife, bietet Nutzern ein komplettes smartes \u00d6kosystem mit Ger\u00e4ten vieler Hersteller.<\/p>\n<p>Die Tuya-Plattform l\u00e4sst sich in andere intelligente \u00d6kosysteme wie Amazon Alexa, Google Assistant und SmartThings integrieren, sodass Tuya-Ger\u00e4te auch auf diesen Plattformen genutzt werden k\u00f6nnen. Tuya ist, wie die globale eWeLink-Plattform, cloudbasiert, aber die Qualit\u00e4t der Ger\u00e4te kann stark variieren.<\/p>\n<p>Im Tuya-Sortiment bietet die europ\u00e4ische Marke Nous stabile, hochwertige Tuya-Ger\u00e4te an, die \u00fcber die Nous-App oder die Standard-Tuya-App gesteuert werden k\u00f6nnen.<\/p>\n<\/blockquote>\n<h3>Hauptmerkmale:<\/h3>\n<ul>\n<li><strong>Fernbedienung und Sprachsteuerung:<\/strong> Steuern Sie Ihre Ger\u00e4te von \u00fcberall aus per Smartphone oder Sprachbefehl. Der Controller ist mit Alexa und Google Assistant kompatibel und erm\u00f6glicht die Sprachsteuerung.<\/li>\n<li><strong>Automatisierung und Zeitpl\u00e4ne:<\/strong> Erstellen Sie Zeitschaltuhren, Zeitpl\u00e4ne und benutzerdefinierte Szenen. So k\u00f6nnen Sie beispielsweise die Klimaanlage so einstellen, dass sie sich automatisch einschaltet, bevor Sie nach Hause kommen.<\/li>\n<li><strong>Einfache Installation:<\/strong> Es werden keine zus\u00e4tzlichen Gateways oder Kabel ben\u00f6tigt. Schalten Sie das Ger\u00e4t einfach ein, verbinden Sie es mit Ihrem Wi-Fi-Netzwerk und steuern Sie es mit der Tuya-App.<\/li>\n<li><strong>Breite Kompatibilit\u00e4t:<\/strong> Unterst\u00fctzt alle 2,4-GHz-Wi-Fi-Netzwerke und multidirektionale IR-Signale. Es funktioniert zuverl\u00e4ssig bis zu 10 Meter und kann mehrere Ger\u00e4te gleichzeitig steuern.<\/li>\n<\/ul>\n<h3>Technische Daten:<\/h3>\n<ul>\n<li><strong>Bescheinigungen:<\/strong> CE, RoHS<\/li>\n<li><strong>Abmessungen:<\/strong> 67 x 67 x 19,5 mm<\/li>\n<li><strong>Spannung:<\/strong> 5V<\/li>\n<li><strong>Nennstrom:<\/strong> 1A<\/li>\n<li><strong>Betriebstemperatur:<\/strong> 0~50\u00b0C<\/li>\n<li><strong>Stromverbrauch im Standby-Modus:<\/strong> weniger als 0,5 W<\/li>\n<li><strong>Arbeitsfeuchtigkeit:<\/strong> \u226485% RH<\/li>\n<li><strong>IR-Frequenz:<\/strong> 38KHz<\/li>\n<li><strong>IR-Ausrichtung:<\/strong> multidirektionales Infrarotlicht<\/li>\n<li><strong>IR-Reichweite:<\/strong> bis zu 10 m (je nach Umgebung)<\/li>\n<li><strong>Netzfrequenz:<\/strong> Wi-Fi 2.4GHz 802.11 b\/g\/n<\/li>\n<li><strong>Material:<\/strong> ABS-Kunststoff<\/li>\n<\/ul>","protected":false},"excerpt":{"rendered":"<p>Das Nous L5 smart Tuya IR-Gateway\/Controller-Modul nutzt die beliebte Tuya Smart Home-Plattform, um herk\u00f6mmliche Infrarotger\u00e4te (z. B. Fernseher, Klimaanlagen) in Ihrer Umgebung zu steuern und zu automatisieren.<\/p>","protected":false},"featured_media":6123,"template":"","meta":{"_acf_changed":false},"product_brand":[114],"product_cat":[90],"product_tag":[],"class_list":{"0":"post-6121","1":"product","2":"type-product","3":"status-publish","4":"has-post-thumbnail","6":"product_brand-nous","7":"product_cat-razsvetljava","9":"first","10":"instock","11":"sale","12":"taxable","13":"shipping-taxable","14":"purchasable","15":"product-type-simple"},"acf":[],"_links":{"self":[{"href":"https:\/\/iotronx.com\/de\/wp-json\/wp\/v2\/product\/6121","targetHints":{"allow":["GET"]}}],"collection":[{"href":"https:\/\/iotronx.com\/de\/wp-json\/wp\/v2\/product"}],"about":[{"href":"https:\/\/iotronx.com\/de\/wp-json\/wp\/v2\/types\/product"}],"wp:featuredmedia":[{"embeddable":true,"href":"https:\/\/iotronx.com\/de\/wp-json\/wp\/v2\/media\/6123"}],"wp:attachment":[{"href":"https:\/\/iotronx.com\/de\/wp-json\/wp\/v2\/media?parent=6121"}],"wp:term":[{"taxonomy":"product_brand","embeddable":true,"href":"https:\/\/iotronx.com\/de\/wp-json\/wp\/v2\/product_brand?post=6121"},{"taxonomy":"product_cat","embeddable":true,"href":"https:\/\/iotronx.com\/de\/wp-json\/wp\/v2\/product_cat?post=6121"},{"taxonomy":"product_tag","embeddable":true,"href":"https:\/\/iotronx.com\/de\/wp-json\/wp\/v2\/product_tag?post=6121"}],"curies":[{"name":"wp","href":"https:\/\/api.w.org\/{rel}","templated":true}]}}