{"id":6127,"date":"2025-07-13T17:20:35","date_gmt":"2025-07-13T17:20:35","guid":{"rendered":"http:\/\/iotronx.com\/izdelek\/nous-l14-tuya-zigbee-pametni-namakalni-ventil\/"},"modified":"2025-09-24T13:12:02","modified_gmt":"2025-09-24T13:12:02","slug":"nous-l14-tuya-zigbee-smart-bewasserungsventil","status":"publish","type":"product","link":"https:\/\/iotronx.com\/de\/product\/nous-l14-tuya-zigbee-smart-bewasserungsventil\/","title":{"rendered":"Nous L14 Tuya Zigbee Intelligentes Bew\u00e4sserungsventil"},"content":{"rendered":"<p><strong>Nous L14 Tuya Zigbee Intelligentes Bew\u00e4sserungsventil<\/strong> ist die ideale L\u00f6sung f\u00fcr die Automatisierung und Fernsteuerung der Gartenarbeit. Egal, ob Sie einen kleinen Garten, einen Rasen oder ein Gew\u00e4chshaus bew\u00e4ssern, mit diesem intelligenten Ger\u00e4t k\u00f6nnen Sie den Wasserfluss pr\u00e4zise steuern - auch aus der Ferne.<\/p>\n<p>Dank der eingebauten <strong>Echtzeit-Wasserdurchflusssensor<\/strong> k\u00f6nnen Sie Ihren Wasserverbrauch sofort \u00fcberwachen, was Ihnen hilft, Wasser zu sparen und Kosten zu senken. Das Ger\u00e4t hat <strong>Schutzart IP66<\/strong>Das bedeutet, dass es staub- und wasserfest ist und somit f\u00fcr den Au\u00dfeneinsatz geeignet ist.<\/p>\n<p>Sie wird betrieben von <strong>Tuya Zigbee-Protokoll<\/strong>und gew\u00e4hrleistet eine stabile und zuverl\u00e4ssige Kommunikation. Es ist einfach zu installieren und erfordert nur ein kompatibles Tuya\/Smart Life Zigbee-Gateway. Es unterst\u00fctzt auch die Integration mit <strong>Zigbee-Haushaltsassistenten-Koordinatoren<\/strong> und Sprachassistenten wie <strong>Amazon Alexa<\/strong> und <strong>Google Assistent<\/strong>und erm\u00f6glicht eine freih\u00e4ndige Bedienung mit Sprachbefehlen.<\/p>\n<h3>\u00dcber Nous<\/h3>\n<p><strong>Nous<\/strong> ist eine im Jahr 2014 gegr\u00fcndete europ\u00e4ische Marke f\u00fcr intelligente Ger\u00e4te. Ihr Portfolio umfasst intelligente Steckdosen, Schalter, Sensoren und Kameras, die gr\u00f6\u00dftenteils auf der Tuya-Plattform basieren. Nous Wi-Fi-Ger\u00e4te lassen sich nahtlos und ohne zus\u00e4tzliches Gateway in bestehende Heimnetzwerke integrieren, w\u00e4hrend Tuya Zigbee-Ger\u00e4te \u00fcber spezielle Zigbee-Gateways funktionieren, die eine bessere Konnektivit\u00e4t und Netzwerktrennung erm\u00f6glichen.<\/p>\n<h3>Wesentliche Merkmale<\/h3>\n<ul>\n<li><strong>Automatisierte Wasserwirtschaft<\/strong><br \/>Schalten Sie die Wasserversorgung aus der Ferne \u00fcber die Nous Smart Home App ein oder aus, um die Bew\u00e4sserung pr\u00e4zise zu steuern.<\/li>\n<li><strong>Integrierter Durchflusssensor<\/strong><br \/>Es \u00fcberwacht den Wasserverbrauch genau und hilft so, die Umwelt zu sch\u00fctzen und Wasser zu sparen.<\/li>\n<li><strong>Tuya Zigbee-Kompatibilit\u00e4t<\/strong><br \/>Zuverl\u00e4ssige Kommunikation \u00fcber das Tuya Zigbee-Protokoll f\u00fcr die Smart-Home-Integration.<\/li>\n<li><strong>Integration von Sprachassistenten<\/strong><br \/>Er arbeitet mit Amazon Alexa und Google Assistant (\u00fcber das Zigbee-Gateway) f\u00fcr eine bequeme Steuerung per Sprachbefehl.<\/li>\n<li><strong>Zeitplan-Funktion<\/strong><br \/>Stellen Sie Zeitschaltuhren zum \u00d6ffnen oder Schlie\u00dfen des Ventils ein - ideal f\u00fcr automatische Bew\u00e4sserungsroutinen.<\/li>\n<li><strong>Programmierbare Regenverz\u00f6gerung<\/strong><br \/>Vermeiden Sie \u00dcberw\u00e4sserung, indem Sie die Bew\u00e4sserung je nach Wetterlage verschieben.<\/li>\n<li><strong>Manuelle Bedienung<\/strong><br \/>Manuelle \u00dcberbr\u00fcckung bei Stromausfall oder Unterbrechung der Verbindung.<\/li>\n<\/ul>\n<h3>Protokoll- und Plattformkompatibilit\u00e4t<\/h3>\n<ul>\n<li><strong>Unterst\u00fctzte Protokolle:<\/strong> Tuya Zigbee<\/li>\n<li><strong>Ihre eigenen Anwendungen:<\/strong> Nous Smart Home \/ Tuya \/ Intelligentes Leben<\/li>\n<li><strong>Cloud-Integration:<\/strong> Amazon Alexa, Google Assistant (\u00fcber Zigbee-Gateway)<\/li>\n<li><strong>Vorw\u00e4rtsintegration:<\/strong> Zigbee2MQTT-Unterst\u00fctzung f\u00fcr Home Assistant<\/li>\n<li><strong>Sprachsteuerung:<\/strong> Kompatibel mit Amazon Alexa und Google Assistant<\/li>\n<\/ul>\n<h3>\u00dcbersicht \u00fcber die intelligenten Funktionen<\/h3>\n<ul>\n<li>Ferngesteuertes Ein- und Ausschalten \u00fcber die Nous Smart Home App<\/li>\n<li>\u00dcberwachung des Wasserverbrauchs in Echtzeit<\/li>\n<li>Zeitgesteuertes \u00d6ffnen und Schlie\u00dfen des Ventils<\/li>\n<li>Programmierbare Regenverz\u00f6gerung<\/li>\n<li>Automatisierung und Szenen mit anderen Zigbee-Ger\u00e4ten<\/li>\n<li>Sprachsteuerung \u00fcber Alexa und Google Assistant<\/li>\n<li>Manueller Betrieb auch offline<\/li>\n<\/ul>\n<h3>Zus\u00e4tzliche technische Spezifikationen<\/h3>\n<ul>\n<li>Geeignet f\u00fcr den Innen- und Au\u00dfenbereich (IP66 wasserdicht)<\/li>\n<li>Enostavna Plug &#038; Play namestitev (zahteva Tuya Zigbee gateway)<\/li>\n<li>Schlauchgewinde: \u00be Zoll (DN20)<\/li>\n<li>Betriebswasserdruck: 0,03-0,9 MPa (0,3-9 bar)<\/li>\n<li>Wasserdurchflussmenge: 1-35 L\/min (0,016-0,58 L\/s)<\/li>\n<li>Stromversorgung: 4 \u00d7 AA 1,5 V-Batterien (nicht enthalten)<\/li>\n<\/ul>","protected":false},"excerpt":{"rendered":"<p>Das Nous L14 Tuya Zigbee Smart Water Valve ist die perfekte L\u00f6sung f\u00fcr die Automatisierung und Fernsteuerung der Bew\u00e4sserung von Hausg\u00e4rten, Rasenfl\u00e4chen und sogar Gew\u00e4chsh\u00e4usern. Mit diesem intelligenten Ger\u00e4t k\u00f6nnen Sie nicht nur Bew\u00e4sserungspl\u00e4ne pr\u00e4zise verwalten - sogar aus der Ferne - sondern auch die verbrauchte Wassermenge messen, was Ihnen hilft, effizient Ressourcen zu sparen.<\/p>","protected":false},"featured_media":6129,"template":"","meta":{"_acf_changed":false},"product_brand":[114],"product_cat":[94],"product_tag":[],"class_list":{"0":"post-6127","1":"product","2":"type-product","3":"status-publish","4":"has-post-thumbnail","6":"product_brand-nous","7":"product_cat-vticnice","9":"first","10":"instock","11":"sale","12":"taxable","13":"shipping-taxable","14":"purchasable","15":"product-type-simple"},"acf":[],"_links":{"self":[{"href":"https:\/\/iotronx.com\/de\/wp-json\/wp\/v2\/product\/6127","targetHints":{"allow":["GET"]}}],"collection":[{"href":"https:\/\/iotronx.com\/de\/wp-json\/wp\/v2\/product"}],"about":[{"href":"https:\/\/iotronx.com\/de\/wp-json\/wp\/v2\/types\/product"}],"wp:featuredmedia":[{"embeddable":true,"href":"https:\/\/iotronx.com\/de\/wp-json\/wp\/v2\/media\/6129"}],"wp:attachment":[{"href":"https:\/\/iotronx.com\/de\/wp-json\/wp\/v2\/media?parent=6127"}],"wp:term":[{"taxonomy":"product_brand","embeddable":true,"href":"https:\/\/iotronx.com\/de\/wp-json\/wp\/v2\/product_brand?post=6127"},{"taxonomy":"product_cat","embeddable":true,"href":"https:\/\/iotronx.com\/de\/wp-json\/wp\/v2\/product_cat?post=6127"},{"taxonomy":"product_tag","embeddable":true,"href":"https:\/\/iotronx.com\/de\/wp-json\/wp\/v2\/product_tag?post=6127"}],"curies":[{"name":"wp","href":"https:\/\/api.w.org\/{rel}","templated":true}]}}