{"id":6146,"date":"2025-07-13T17:21:47","date_gmt":"2025-07-13T17:21:47","guid":{"rendered":"http:\/\/iotronx.com\/izdelek\/nous-a4z-smart-tuya-zigbee-zunanji-napajalni-trak\/"},"modified":"2025-08-07T22:21:39","modified_gmt":"2025-08-07T22:21:39","slug":"nous-a4z-smart-tuya-zigbee-externe-steckdosenleiste","status":"publish","type":"product","link":"https:\/\/iotronx.com\/de\/product\/nous-a4z-smart-tuya-zigbee-externe-steckdosenleiste\/","title":{"rendered":"Nous A4Z smart Tuya Zigbee externe Steckdosenleiste"},"content":{"rendered":"<p>Mit Nous B4Z m\u00fcssen Sie nicht auf eine intelligente Steckdose f\u00fcr den Au\u00dfenbereich verzichten. Verbinden Sie die Verteilersteckdose mit zwei Steckdosen einfach mit einer Au\u00dfensteckdose und Sie erhalten eine IP44-Verteilersteckdose f\u00fcr den Au\u00dfeneinsatz.<\/p>\n<p>Sie k\u00f6nnen die gew\u00fcnschten Ger\u00e4te bequem aus der Ferne einschalten, bevor Sie nach Hause kommen, oder einfach einen Zeitplan f\u00fcr das Ein- und Ausschalten festlegen.<\/p>\n<p>Dar\u00fcber hinaus k\u00f6nnen Sie den Energieverbrauch der angeschlossenen Ger\u00e4te \u00fcberwachen, um Energie und Kosten zu sparen.<\/p>\n<p>Die intelligente Zigbee-Steckdose kann Strom bis zu 16 A schalten und so Ger\u00e4te mit h\u00f6herer Leistung (bis zu 3680 W) bedienen.<\/p>\n<p><strong>Tuya Zigbee-kompatible intelligente Steckdose<\/strong>F\u00fcr die Verbindung der intelligenten Steckdose mit dem Zigbee-Netzwerk ist Nous oder ein anderer Tuya Zigbee-Port, Koordinator oder Hub erforderlich. Sobald sie mit einem Zigbee-Knoten verbunden ist, ist die Steckdose automatisiert und kann von \u00fcberall auf der Welt gesteuert werden.<\/p>\n<p>Wie andere Zigbee-Ger\u00e4te, die mit 230 V betrieben werden, kann er als Zigbee-Mesh-Hub fungieren, der die Reichweite Ihres Zigbee-Netzwerks erh\u00f6ht und stabile Verbindungen f\u00fcr Ger\u00e4te in den entlegensten Winkeln Ihres Hauses bereitstellt.<\/p>\n<p><\/p>\n<blockquote>\n<p><strong>Was ist die Tuya\/SmartLife Smart Home Plattform und App?<\/strong><\/p>\n<p>Tuya ist eine beliebte cloudbasierte Smart-Home-Plattform, die integrierte L\u00f6sungen f\u00fcr eine Vielzahl von Smart-Home-Ger\u00e4ten und -Anwendungen bietet. Die Plattform macht es schnell und einfach, Ger\u00e4te \u00fcber eine einzige App zu verbinden, fernzusteuern und zu verwalten. Tuya, auch bekannt als SmartLife, bietet Nutzern ein komplettes Smart-Home-\u00d6kosystem, das Ger\u00e4te vieler Hersteller umfasst.<\/p>\n<p> Die Tuya-Plattform l\u00e4sst sich auch in verschiedene andere Smart-Home-\u00d6kosysteme wie Amazon Alexa, Google Assistant und SmartThings integrieren, so dass Tuya-Ger\u00e4te auch auf diesen Plattformen verwendet werden k\u00f6nnen. Tuya ist, wie die globale eWeLink-Plattform, cloudbasiert, aber die Qualit\u00e4t der verf\u00fcgbaren Tuya-Ger\u00e4te kann variieren.<\/p>\n<p> Im Tuya Sortiment bietet die europ\u00e4ische Marke Nous die stabile Qualit\u00e4t der Tuya Ger\u00e4te. Sie k\u00f6nnen ihre Ger\u00e4te mit Ihrer eigenen Nous-App oder der Standard-Tuya-App verwenden.<\/p>\n<\/blockquote>\n<p><\/p>\n<p><strong>Produktmerkmale:<\/strong><\/p>\n<ul>\n<li><strong>Erh\u00f6hte maximale Leistung:<\/strong> insgesamt maximal 3680W\/16A<\/li>\n<li><strong>EU-Version:<\/strong> geerdete Ausf\u00fchrung der Steckdose nach ungarischen Normen<\/li>\n<li><strong>Zigbee-Protokoll:<\/strong> das Ger\u00e4t arbeitet nach dem Tuya Zigbee-Standard, <strong><span>funktioniert auch als Zigbee-Mesh<\/span><\/strong> in einem Zigbee-Netzwerk. F\u00fcr den Betrieb und die Fernsteuerung ist ein Tuya Zigbee-Port oder Hub erforderlich.<\/li>\n<li><strong>Fernsteuerung von ON\/OFF:<\/strong> Sie k\u00f6nnen jetzt Ger\u00e4te, die an eine Steckdose angeschlossen sind, aus der Ferne ein- oder ausschalten<\/li>\n<li><strong>Mobile App:<\/strong> Kostenlose mobile iOS- und Android-App: SmartLife \/ Tuya oder Nous-App mit Tuya Zigbee-Hub<\/li>\n<li><strong>Statusanzeige:<\/strong> der aktuelle Zustand der Steckdose (an oder aus) ist in der mobilen App sichtbar<\/li>\n<li><strong><span>Zeitschaltuhr:<\/span><\/strong><span> verschiedene Zeitmessfunktionen sind in der Tuya App mit Tuya Zigbee Bridge verf\u00fcgbar<\/span><\/li>\n<\/ul>","protected":false},"excerpt":{"rendered":"<p>Nous B4Z ist eine Stromversorgung mit zwei Anschl\u00fcssen, die mit einem Zigbee-Tuya-Chip ausgestattet und f\u00fcr den Au\u00dfenbereich geeignet ist. Es ist mit der Tuya\/SmartLife Smart Home App kompatibel und erfordert ein Tuya Zigbee-Gateway<\/p>","protected":false},"featured_media":6148,"template":"","meta":{"_acf_changed":false},"product_brand":[114],"product_cat":[94],"product_tag":[],"class_list":{"0":"post-6146","1":"product","2":"type-product","3":"status-publish","4":"has-post-thumbnail","6":"product_brand-nous","7":"product_cat-vticnice","9":"first","10":"instock","11":"sale","12":"taxable","13":"shipping-taxable","14":"purchasable","15":"product-type-simple"},"acf":[],"_links":{"self":[{"href":"https:\/\/iotronx.com\/de\/wp-json\/wp\/v2\/product\/6146","targetHints":{"allow":["GET"]}}],"collection":[{"href":"https:\/\/iotronx.com\/de\/wp-json\/wp\/v2\/product"}],"about":[{"href":"https:\/\/iotronx.com\/de\/wp-json\/wp\/v2\/types\/product"}],"wp:featuredmedia":[{"embeddable":true,"href":"https:\/\/iotronx.com\/de\/wp-json\/wp\/v2\/media\/6148"}],"wp:attachment":[{"href":"https:\/\/iotronx.com\/de\/wp-json\/wp\/v2\/media?parent=6146"}],"wp:term":[{"taxonomy":"product_brand","embeddable":true,"href":"https:\/\/iotronx.com\/de\/wp-json\/wp\/v2\/product_brand?post=6146"},{"taxonomy":"product_cat","embeddable":true,"href":"https:\/\/iotronx.com\/de\/wp-json\/wp\/v2\/product_cat?post=6146"},{"taxonomy":"product_tag","embeddable":true,"href":"https:\/\/iotronx.com\/de\/wp-json\/wp\/v2\/product_tag?post=6146"}],"curies":[{"name":"wp","href":"https:\/\/api.w.org\/{rel}","templated":true}]}}