{"id":6177,"date":"2025-07-13T17:21:47","date_gmt":"2025-07-13T17:21:47","guid":{"rendered":"http:\/\/iotronx.com\/izdelek\/nous-a5-smart-tuya-wi-fi-napajalnik-16-a-z-1\/"},"modified":"2025-08-07T22:21:39","modified_gmt":"2025-08-07T22:21:39","slug":"nous-a5-smart-tuya-wi-fi-power-adapter-16-a-z-1","status":"publish","type":"product","link":"https:\/\/iotronx.com\/de\/product\/nous-a5-smart-tuya-wi-fi-power-adapter-16-a-z-1\/","title":{"rendered":"Nous A5 smart Tuya Wi-Fi Netzger\u00e4t (16 A) mit 1"},"content":{"rendered":"<p>Der Nous A5 16A Wi-Fi Smart Extender ist die perfekte Wahl f\u00fcr ein bequemes und effizientes Management Ihres Zuhauses. Mit diesem modernen und vielseitigen Verl\u00e4ngerungskabel k\u00f6nnen Sie Ihre Ger\u00e4te in Echtzeit \u00fcber Ihr Smartphone oder Ihren Sprachassistenten steuern und \u00fcberwachen.<\/p>\n<p>Der Nous A5 Smart Extender verf\u00fcgt \u00fcber drei individuell gesteuerte Steckdosen und drei USB-Anschl\u00fcsse, die ein optimiertes Aufladen erm\u00f6glichen. Das Ger\u00e4t ist schnell und einfach zu installieren, ohne dass eine zentrale Einheit erforderlich ist. Die Verl\u00e4ngerung ist die ideale Wahl f\u00fcr Wohnzimmer, Schlafzimmer, K\u00fcche oder B\u00fcro.<\/p>\n<p><strong><br \/><\/strong><\/p>\n<blockquote>\n<p><strong>Was ist die Tuya\/SmartLife Smart Home Plattform und App?<\/strong><\/p>\n<p>Tuya ist eine beliebte cloudbasierte Smart-Home-Plattform, die integrierte L\u00f6sungen f\u00fcr eine Vielzahl von Smart-Home-Ger\u00e4ten und -Anwendungen bietet. Die Plattform macht es schnell und einfach, Ger\u00e4te \u00fcber eine einzige App zu verbinden, fernzusteuern und zu verwalten. Tuya, auch bekannt als SmartLife, bietet Nutzern ein komplettes Smart-Home-\u00d6kosystem mit Ger\u00e4ten zahlreicher Hersteller.<\/p>\n<p>Die Tuya-Plattform l\u00e4sst sich auch in andere Smart-Home-\u00d6kosysteme wie Amazon Alexa, Google Assistant und SmartThings integrieren, so dass Tuya-Ger\u00e4te auch auf diesen Plattformen genutzt werden k\u00f6nnen. Tuya ist, wie die globale eWeLink-Plattform, eine Cloud-Plattform, aber die Qualit\u00e4t der verf\u00fcgbaren Tuya-Ger\u00e4te kann variieren.<\/p>\n<p>Im Tuya-Sortiment bietet die europ\u00e4ische Marke Nous stabile und hochwertige Tuya-Ger\u00e4te an. Die Ger\u00e4te k\u00f6nnen mit der eigenen App von Nous oder der Standard-Tuya-App verwendet werden.<\/p>\n<\/blockquote>\n<p><\/p>\n<p><strong>Hauptmerkmale:<\/strong><\/p>\n<ul>\n<li><strong>Kontrolle des Energieverbrauchs:<\/strong> Aktuelle und historische Verbrauchsdaten anzeigen.<\/li>\n<li><strong>Sprachsteuerung:<\/strong> Kompatibel mit Alexa und Google Assistant.<\/li>\n<li><strong>Planung und Timer:<\/strong> Automatisierung durch t\u00e4gliche Routinen.<\/li>\n<li><strong>Sicherheit:<\/strong> Eingebauter \u00dcberspannungsschutz, hergestellt aus feuerfesten Materialien.<\/li>\n<\/ul>\n<p><strong><br \/><\/strong><\/p>\n<p><strong>Spezifikationen:<\/strong><\/p>\n<ul>\n<li><strong>Protokoll:<\/strong> Wi-Fi IEEE 802.11b\/g\/n (2,4 GHz)<\/li>\n<li><strong>Nennleistung \/ maximale Last:<\/strong> 16A \/ 3680W<\/li>\n<li><strong>Abmessungen:<\/strong> 26 x 6,5 x 4 cm<\/li>\n<li><strong>L\u00e4nge des Verl\u00e4ngerungskabels:<\/strong> 1,5 Meter<\/li>\n<li><strong>Betriebstemperatur:<\/strong> -20 ~ 45 \u00b0C<\/li>\n<li><strong>Anzahl der USB-Anschl\u00fcsse:<\/strong> 3<\/li>\n<li><strong>Farbe:<\/strong> Wei\u00df<\/li>\n<\/ul>","protected":false},"excerpt":{"rendered":"<p>Das Nous A5 Wi-Fi Smart Power Supply nutzt die beliebte Tuya Smart Home Plattform zur Fernsteuerung und Automatisierung. Es ist ein 16A-Netzteil, das mit einem Energiemessger\u00e4t ausgestattet ist, mit dem Sie nicht nur Ihre elektrischen Ger\u00e4te steuern, sondern auch deren Energieverbrauch messen k\u00f6nnen.<\/p>","protected":false},"featured_media":6179,"template":"","meta":{"_acf_changed":false},"product_brand":[114],"product_cat":[94],"product_tag":[],"class_list":{"0":"post-6177","1":"product","2":"type-product","3":"status-publish","4":"has-post-thumbnail","6":"product_brand-nous","7":"product_cat-vticnice","9":"first","10":"instock","11":"sale","12":"taxable","13":"shipping-taxable","14":"purchasable","15":"product-type-simple"},"acf":[],"_links":{"self":[{"href":"https:\/\/iotronx.com\/de\/wp-json\/wp\/v2\/product\/6177","targetHints":{"allow":["GET"]}}],"collection":[{"href":"https:\/\/iotronx.com\/de\/wp-json\/wp\/v2\/product"}],"about":[{"href":"https:\/\/iotronx.com\/de\/wp-json\/wp\/v2\/types\/product"}],"wp:featuredmedia":[{"embeddable":true,"href":"https:\/\/iotronx.com\/de\/wp-json\/wp\/v2\/media\/6179"}],"wp:attachment":[{"href":"https:\/\/iotronx.com\/de\/wp-json\/wp\/v2\/media?parent=6177"}],"wp:term":[{"taxonomy":"product_brand","embeddable":true,"href":"https:\/\/iotronx.com\/de\/wp-json\/wp\/v2\/product_brand?post=6177"},{"taxonomy":"product_cat","embeddable":true,"href":"https:\/\/iotronx.com\/de\/wp-json\/wp\/v2\/product_cat?post=6177"},{"taxonomy":"product_tag","embeddable":true,"href":"https:\/\/iotronx.com\/de\/wp-json\/wp\/v2\/product_tag?post=6177"}],"curies":[{"name":"wp","href":"https:\/\/api.w.org\/{rel}","templated":true}]}}