{"id":6201,"date":"2025-07-13T17:21:47","date_gmt":"2025-07-13T17:21:47","guid":{"rendered":"http:\/\/iotronx.com\/izdelek\/nous-f5-smart-tuya-wi-fi-rgbic-nadzor-po-cipih-led-trak\/"},"modified":"2025-08-07T22:21:39","modified_gmt":"2025-08-07T22:21:39","slug":"nous-f5-smart-tuya-wi-fi-rgbic-digital-surveillance-led-strip","status":"publish","type":"product","link":"https:\/\/iotronx.com\/de\/product\/nous-f5-smart-tuya-wi-fi-rgbic-digital-surveillance-led-strip\/","title":{"rendered":"Nous F5 smart Tuya Wi-Fi RGBIC (Chipsteuerung) LED-Streifen"},"content":{"rendered":"<p>Der 10 Meter lange Smart RGB IC Wi-Fi LED-Streifen Nous F5 macht Ihr Zuhause zu etwas Besonderem. Mit der RGBIC-Technologie kann jede LED verschiedene Farben anzeigen und so atemberaubende Regenbogeneffekte erzeugen. Steuern Sie ihn ganz einfach mit Ihrem Smartphone \u00fcber die Apps Nous Smart oder Tuya Smart Life oder mit Sprachbefehlen \u00fcber Alexa und Google Assistant.<\/p>\n<p>Es ist perfekt f\u00fcr Partys, Feiertage oder jede Gelegenheit, die eine professionelle Beleuchtung erfordert. Das Band ist einfach zu installieren, l\u00e4sst sich zuschneiden und bei Bedarf an jeden Raum anpassen. W\u00e4hlen Sie aus 16 Millionen Farben und vielen Modi, um jedes Mal die richtige Atmosph\u00e4re zu schaffen. Das Produkt ist au\u00dferdem energieeffizient und langlebig.<\/p>\n<p><strong><br \/><\/strong><\/p>\n<blockquote>\n<p><strong>Was ist die Tuya\/SmartLife Smart Home Plattform und App?<\/strong><\/p>\n<p>Tuya ist eine beliebte cloudbasierte Smart-Home-Plattform, die integrierte L\u00f6sungen f\u00fcr eine Vielzahl von Smart-Home-Ger\u00e4ten und -Anwendungen bietet. Die Plattform erm\u00f6glicht eine schnelle und einfache Ger\u00e4teverbindung, Fernsteuerung und Verwaltung \u00fcber eine einzige App. Tuya, auch bekannt als SmartLife, bietet Nutzern ein komplettes Smart-Home-\u00d6kosystem mit Ger\u00e4ten zahlreicher Hersteller.<\/p>\n<p>Die Tuya-Plattform ist \u00fcber die Cloud mit mehreren anderen Smart-Home-\u00d6kosystemen wie Amazon Alexa, Google Assistant und SmartThings verbunden, so dass Tuya-Ger\u00e4te auch auf diesen Plattformen genutzt werden k\u00f6nnen. Tuya ist - wie die globale eWeLink-Plattform - ebenfalls ein cloudbasiertes System, aber die Qualit\u00e4t der verf\u00fcgbaren Tuya-Ger\u00e4te kann erheblich variieren.<\/p>\n<p>Innerhalb des Tuya-Sortiments ist Nous die europ\u00e4ische Marke f\u00fcr stabile, hochwertige Tuya-Ger\u00e4te. Ihre Ger\u00e4te k\u00f6nnen mit der Nous-App oder der Standard-Tuya-App verwendet werden.<\/p>\n<\/blockquote>\n<p><\/p>\n<p><strong>Spezifikationen:<\/strong><\/p>\n<ul>\n<li>Lichtquelle: SMD 5050 LED<\/li>\n<li>Spannung: 24V\/1A<\/li>\n<li>L\u00e4nge: 10 Meter (2\u00d75 m)<\/li>\n<li>Breite des Bandes: 10 mm<\/li>\n<li>CRI \/ Farbwiedergabeindex (Ra): \u2265 80<\/li>\n<li>Lebensdauer: 25.000 Stunden<\/li>\n<li>Schutzart: IP44<\/li>\n<li>Kompatibilit\u00e4t: Alexa, Google Assistant, Siri<\/li>\n<\/ul>","protected":false},"excerpt":{"rendered":"<p>Nous F5 ist ein intelligenter Wi-Fi-LED-Controller mit einem 10 Meter langen RGB-IC-LED-Streifen, bei dem jede LED einzeln gesteuert werden kann. Er ist f\u00fcr den Au\u00dfeneinsatz mit Schutzart IP44 konzipiert.<\/p>","protected":false},"featured_media":6203,"template":"","meta":{"_acf_changed":false},"product_brand":[114],"product_cat":[92],"product_tag":[],"class_list":{"0":"post-6201","1":"product","2":"type-product","3":"status-publish","4":"has-post-thumbnail","6":"product_brand-nous","7":"product_cat-varnost-in-nadzor","9":"first","10":"instock","11":"sale","12":"taxable","13":"shipping-taxable","14":"purchasable","15":"product-type-simple"},"acf":[],"_links":{"self":[{"href":"https:\/\/iotronx.com\/de\/wp-json\/wp\/v2\/product\/6201","targetHints":{"allow":["GET"]}}],"collection":[{"href":"https:\/\/iotronx.com\/de\/wp-json\/wp\/v2\/product"}],"about":[{"href":"https:\/\/iotronx.com\/de\/wp-json\/wp\/v2\/types\/product"}],"wp:featuredmedia":[{"embeddable":true,"href":"https:\/\/iotronx.com\/de\/wp-json\/wp\/v2\/media\/6203"}],"wp:attachment":[{"href":"https:\/\/iotronx.com\/de\/wp-json\/wp\/v2\/media?parent=6201"}],"wp:term":[{"taxonomy":"product_brand","embeddable":true,"href":"https:\/\/iotronx.com\/de\/wp-json\/wp\/v2\/product_brand?post=6201"},{"taxonomy":"product_cat","embeddable":true,"href":"https:\/\/iotronx.com\/de\/wp-json\/wp\/v2\/product_cat?post=6201"},{"taxonomy":"product_tag","embeddable":true,"href":"https:\/\/iotronx.com\/de\/wp-json\/wp\/v2\/product_tag?post=6201"}],"curies":[{"name":"wp","href":"https:\/\/api.w.org\/{rel}","templated":true}]}}