{"id":6234,"date":"2025-07-13T17:21:47","date_gmt":"2025-07-13T17:21:47","guid":{"rendered":"http:\/\/iotronx.com\/izdelek\/nous-b1t-smart-wi-fi-mini-relejni-modul\/"},"modified":"2025-08-07T22:21:39","modified_gmt":"2025-08-07T22:21:39","slug":"nous-b1t-smart-wi-fi-mini-relay-modul","status":"publish","type":"product","link":"https:\/\/iotronx.com\/de\/product\/nous-b1t-smart-wi-fi-mini-relay-modul\/","title":{"rendered":"Nous B1T Smart Wi-Fi Mini-Relaismodul"},"content":{"rendered":"<p>Eines der neuen europ\u00e4ischen Produkte von Nous ist <strong>Nous B1T 1-Kanal<\/strong> Wi-Fi-Smart-Relais ohne Strommessfunktion, das hinter Steckdosen oder Schalttafeln installiert werden kann, um diese oder jedes andere Ger\u00e4t bis zu 16 A zu steuern. <strong>Er kann auch ohne Spannung betrieben werden und eignet sich daher f\u00fcr den Betrieb von Garagentoren und T\u00fcr\u00f6ffnermotoren.<\/strong> <strong>Das Produkt ist mit der Matter-Norm kompatibel.<\/strong><\/p>\n<p>Das Relaismodul Nous B1T wird mit vorinstallierter Tasmota-Firmware geliefert und ist damit ideal f\u00fcr Nutzer und Integratoren von Open-Source-Smart-Home-Systemen sowie f\u00fcr diejenigen, die nach L\u00f6sungen suchen, die mit Matter-Hubs kompatibel sind.<\/p>\n<p><\/p>\n<p>Die Besonderheit dieses Moduls besteht darin, dass Nous es mit der bereits vorinstallierten Tasmota-Firmware ausliefert, so dass es f\u00fcr Nutzer von Open-Source-Smart-Home-Systemen empfohlen wird.<\/p>\n<p><em>Hinweis: Die Tasmota-Firmware ist kein kommerzielles Produkt, sondern wird nur von der Community unterst\u00fctzt.<\/em><\/p>\n<p><\/p>\n<blockquote>\n<p><strong>Was ist Tasmota-Firmware?<\/strong><\/p>\n<p>TASMOTA ist eine Open-Source-Firmware, die zunehmend als Basissoftware f\u00fcr Smart-Home-Ger\u00e4te verwendet wird und oft sogar schon ab Werk vorinstalliert ist. Sie erm\u00f6glicht eine lokale Steuerung ohne Cloud-Abh\u00e4ngigkeit und unterst\u00fctzt eine herstellerunabh\u00e4ngige, lokale und sichere Datenspeicherung. Da Tasmota Open Source ist, wird es von der Community st\u00e4ndig weiterentwickelt und \u00fcberarbeitet, was die Sicherheit und Zuverl\u00e4ssigkeit erh\u00f6ht.<\/p>\n<p>Es unterst\u00fctzt eine Vielzahl von Kommunikationsprotokollen wie MQTT, HTTP und WebSocket, was eine breite Kompatibilit\u00e4t mit verschiedenen Ger\u00e4ten erm\u00f6glicht. Ger\u00e4te mit TASMOTA-Firmware k\u00f6nnen leicht in verschiedene Smart-Home-Systeme wie Home Assistant, OpenHAB, Domoticz und Node-RED integriert werden.<\/p>\n<p>Die Tasmota-Firmware bietet eine lokale Webschnittstelle zur Verwaltung der Einstellungen auf den Ger\u00e4ten selbst, aber keine \"Werksanwendung\". Es gibt jedoch mehrere Anwendungen von Drittanbietern f\u00fcr die Verwaltung und Steuerung der Ger\u00e4te. Plattformen wie Home Assistant, OpenHAB und andere Smart-Home-Plattformen haben auch mobile Apps f\u00fcr die Integration und Verwaltung von Tasmota-Ger\u00e4ten.<\/p>\n<\/blockquote>\n<p><\/p>\n<p>Das Nous B1T WiFi Smart Relay Modul ist ein Einkanal-Relais, das ein integriertes ESP32 MINI-1 Modul mit 4MB Flash-Speicher enth\u00e4lt und mit Tasmota-Firmware vorinstalliert ist, was eine einfache Integration mit verschiedenen Smart Home-Systemen wie Home Assistant erm\u00f6glicht.<\/p>\n<p>Das B1T-Modul unterst\u00fctzt 100-240 V Wechselstrom oder 24-48 V Gleichstrom oder 12 V Gleichstrom und l\u00e4sst sich \u00fcber das integrierte 2,4-GHz-Wi-Fi verbinden.<\/p>\n<p>Die Tasmoto-Firmware ist nicht mit der eigenen Anwendung von Nous kompatibel, sondern mit Open-Source-L\u00f6sungen wie Home Assistant oder anderen Systemen, die das MQTT-Protokoll unterst\u00fctzen.<\/p>\n<p>Aufgrund seiner kompakten Gr\u00f6\u00dfe passt das Modul in Standarddosen und kann hinter herk\u00f6mmlichen Schaltstellen installiert werden. Es verf\u00fcgt \u00fcber einen Schalteingang, so dass intelligent aufger\u00fcstete Schaltstellen wie bisher nutzbar bleiben.<\/p>\n<p><\/p>\n<p>Es funktioniert lokal, ohne Internetverbindung oder Werks-Cloud, und erlaubt Ihnen, Zeitpl\u00e4ne festzulegen.<\/p>\n<p>Matter-kompatible L\u00f6sung, kompatibel mit Apple HomeKit und SmartThings bei Anschluss an einen Matter-Hub.<\/p>\n<p>Wenn es mit Matter Hub oder Home Assistant verbunden ist, unterst\u00fctzt es die Sprachsteuerung \u00fcber Amazon Alexa und Google Assistant.<\/p>\n<p><\/p>\n<h3><strong>Hauptmerkmale:<\/strong><\/h3>\n<ul>\n<li>Wi-Fi: Direkte Verbindung mit einem Wi-Fi-Router \u00fcber 2,4 GHz Wi-Fi.<\/li>\n<li>ESP32-Chip: Der leistungsstarke ESP32-Prozessor sorgt f\u00fcr stabile Leistung und schnelle Datenverarbeitung.<\/li>\n<li>Tasmota-Firmware: Open-Source-Software, die eine flexible Nutzung und Steuerung ohne die Cloud erm\u00f6glicht.<\/li>\n<li>Einkanalige Steuerung: geeignet f\u00fcr die Steuerung eines Stromkreises bis zu 16A.<\/li>\n<li>Trockenkontakte: erm\u00f6glichen den Kontakt ohne Spannung, geeignet f\u00fcr die Bedienung von Garagentoren, T\u00fcrmotoren oder Heizkesseln.<\/li>\n<li>Kompatibilit\u00e4t: kompatibel mit verschiedenen Open Source Smart Home Systemen wie Home Assistant, OpenHAB, Domoticz und anderen.<\/li>\n<li>Matter-kompatibel: l\u00e4sst sich mit den g\u00e4ngigsten Matter-Hubs verbinden und ist mit verschiedenen Smart Home-Plattformen wie SmartThings, Apple HomeKit, eWeLink usw. kompatibel.<\/li>\n<li>Wandmontage: Das Modul kann hinter den Schaltern installiert werden, so dass ausgew\u00e4hlte herk\u00f6mmliche Schalter ohne sichtbare Ver\u00e4nderungen smart werden.<\/li>\n<li>Sprachsteuerung: kompatibel mit Google Assistant und Amazon Alexa (\u00fcber Matter Hub oder Home Assistant).<\/li>\n<li>Sicher und gesch\u00fctzt: Die quelloffene Tasmota-Firmware erm\u00f6glicht den lokalen Betrieb und die sichere (cloudlose) Datenspeicherung.<\/li>\n<\/ul>\n<h3>Beispiele f\u00fcr Integrationsm\u00f6glichkeiten:<\/h3>\n<ul>\n<li><strong>Standard-Materie<\/strong> - Kompatibel mit dem neuen Matter-Smart-Home-Standard und angeschlossenen Hubs:\n<ul>\n<li>Apple HomePod<\/li>\n<li>Apple TV<\/li>\n<li>Amazon Alexa Echo<\/li>\n<li>Amazon Alexa Echo Dot 2. Generation<\/li>\n<li>Google Home<\/li>\n<li>Nest Mini<\/li>\n<\/ul>\n<\/li>\n<li><strong>Kompatibel mit Matter Hub:<\/strong>\n<ul>\n<li><strong>SmartThings<\/strong> Plattform<\/li>\n<li><strong>Apple HomeKit<\/strong> System<\/li>\n<li><strong>Amazon Alexa<\/strong> Sprachsteuerung<\/li>\n<li><strong>Google Home<\/strong> Sprachsteuerung<\/li>\n<\/ul>\n<\/li>\n<li><strong>MQTT<\/strong> - Ein Messaging-Protokoll, das die einfache Integration von Ger\u00e4ten mit Tasmota-Firmware in verschiedene Smart-Home-Systeme erm\u00f6glicht, wie z. B.:\n<ul>\n<li><strong>Assistentin zu Hause<\/strong> - Eine der beliebtesten Open-Source-Plattformen f\u00fcr Smart Home, die die Integration und Automatisierung verschiedener Ger\u00e4te erm\u00f6glicht.<\/li>\n<li><strong>OpenHAB<\/strong> - Ein weiteres Open-Source-Heimautomatisierungssystem, das eine breite Palette von Ger\u00e4ten und Automatisierungsoptionen unterst\u00fctzt.<\/li>\n<li><strong>Domoticz<\/strong> - Ein einfaches System zur Verwaltung und Steuerung intelligenter Ger\u00e4te.<\/li>\n<li><strong>Node-RED<\/strong> - Visuelle Programmierung f\u00fcr einfache Integration und Automatisierung von Ger\u00e4ten.<\/li>\n<li><strong>KNX<\/strong> System<\/li>\n<li><strong>ioBroker<\/strong> System<\/li>\n<li><strong>Homematic IP<\/strong> System<\/li>\n<\/ul>\n<\/li>\n<\/ul>","protected":false},"excerpt":{"rendered":"<p>Nous B1T ist ein intelligentes Wi-Fi-Relais f\u00fcr 1 Steckdose, das hinter Steckdosen oder Schaltern installiert werden kann, um diese zu steuern. Es erm\u00f6glicht das Schalten von Trockenkontakten und eignet sich daher f\u00fcr die Steuerung von Garagentoren und T\u00fcr\u00f6ffner-Motoren.<\/p>","protected":false},"featured_media":6236,"template":"","meta":{"_acf_changed":false},"product_brand":[114],"product_cat":[95],"product_tag":[],"class_list":{"0":"post-6234","1":"product","2":"type-product","3":"status-publish","4":"has-post-thumbnail","6":"product_brand-nous","7":"product_cat-stikala","9":"first","10":"instock","11":"sale","12":"taxable","13":"shipping-taxable","14":"purchasable","15":"product-type-simple"},"acf":[],"_links":{"self":[{"href":"https:\/\/iotronx.com\/de\/wp-json\/wp\/v2\/product\/6234","targetHints":{"allow":["GET"]}}],"collection":[{"href":"https:\/\/iotronx.com\/de\/wp-json\/wp\/v2\/product"}],"about":[{"href":"https:\/\/iotronx.com\/de\/wp-json\/wp\/v2\/types\/product"}],"wp:featuredmedia":[{"embeddable":true,"href":"https:\/\/iotronx.com\/de\/wp-json\/wp\/v2\/media\/6236"}],"wp:attachment":[{"href":"https:\/\/iotronx.com\/de\/wp-json\/wp\/v2\/media?parent=6234"}],"wp:term":[{"taxonomy":"product_brand","embeddable":true,"href":"https:\/\/iotronx.com\/de\/wp-json\/wp\/v2\/product_brand?post=6234"},{"taxonomy":"product_cat","embeddable":true,"href":"https:\/\/iotronx.com\/de\/wp-json\/wp\/v2\/product_cat?post=6234"},{"taxonomy":"product_tag","embeddable":true,"href":"https:\/\/iotronx.com\/de\/wp-json\/wp\/v2\/product_tag?post=6234"}],"curies":[{"name":"wp","href":"https:\/\/api.w.org\/{rel}","templated":true}]}}