{"id":6253,"date":"2025-07-13T17:22:51","date_gmt":"2025-07-13T17:22:51","guid":{"rendered":"http:\/\/iotronx.com\/izdelek\/nous-b2z-smart-tuya-zigbee-mini-relejni-modul-z-merilnikom-moci-in-vhodnim-stikalom\/"},"modified":"2025-08-07T22:21:39","modified_gmt":"2025-08-07T22:21:39","slug":"nous-b2z-smart-tuya-zigbee-mini-relay-module-mit-leistungsmesser-und-eingangsschalter","status":"publish","type":"product","link":"https:\/\/iotronx.com\/de\/product\/nous-b2z-smart-tuya-zigbee-mini-relay-module-mit-leistungsmesser-und-eingangsschalter\/","title":{"rendered":"Nous B2Z smart Tuya Zigbee Mini-Relaismodul mit Leistungsmesser und Eingangsschalter"},"content":{"rendered":"<p>Eines der neuen europ\u00e4ischen Produkte von Nous ist <strong>Nous B2Z 1-Kanal<\/strong><strong> Intelligentes Relais<\/strong> <strong>mit einem Energiez\u00e4hler, der mit einem Tuya Zigbee-Chip ausgestattet ist. Das Modul kann in Unterputzsteckdosen oder Schaltern installiert werden, um deren Stromverbrauch zu verwalten und zu messen<\/strong> oder zur Steuerung und Dosierung eines anderen Ger\u00e4ts mit maximal 16 A.<\/p>\n<p>Das Nous B2Z-Relaismodul ist mit einem Tuya Zigbee-Chip ausgestattet, der zur Fernsteuerung \u00fcber die Tuya\/SmartLife-App auf einem Smartphone mit einem Tuya Zigbee-Gateway verbunden werden muss.<\/p>\n<p><\/p>\n<blockquote>\n<p><strong>Was ist die Tuya\/SmartLife Smart Home Plattform und App?<\/strong><\/p>\n<p>Tuya ist eine beliebte cloudbasierte Smart-Home-Plattform, die integrierte L\u00f6sungen f\u00fcr eine Vielzahl von Smart-Home-Ger\u00e4ten und -Anwendungen bietet. Die Plattform macht es schnell und einfach, Ger\u00e4te zu verbinden, sie fernzusteuern und \u00fcber eine einzige App zu verwalten. Unter dem Namen Tuya oder SmartLife bietet sie Nutzern ein komplettes Smart-Home-\u00d6kosystem mit Ger\u00e4ten verschiedenster Hersteller.<\/p>\n<p> Die Tuya-Plattform l\u00e4sst sich auch in andere Smart-Home-\u00d6kosysteme wie Amazon Alexa, Google Assistant und SmartThings integrieren, so dass Tuya-Ger\u00e4te auch auf diesen Plattformen genutzt werden k\u00f6nnen. \u00c4hnlich wie bei der globalen eWeLink-Plattform handelt es sich bei Tuya um eine Cloud-Plattform und die Qualit\u00e4t der verf\u00fcgbaren Tuya-Ger\u00e4te kann variieren.<\/p>\n<p>Im Tuya-Sortiment ist die europ\u00e4ische Marke Nous f\u00fcr ihre stabilen, hochwertigen Tuya-Ger\u00e4te bekannt, die mit der Nous-App oder der Standard-Tuya-App genutzt werden k\u00f6nnen.<\/p>\n<\/blockquote>\n<p><\/p>\n<p>Das Nous B2Z Tuya Zigbee Smart-Relais-Modul ist ein 1-Kanal-Smart-Relais-Modul mit einem integrierten Stromverbrauchsmesser. Es unterst\u00fctzt eine Stromversorgung von 100-240V AC oder 24-30V DC und kann \u00fcber den eingebauten Tuya Zigbee-Chip mit dem eigenen Zigbee-Gateway von Nous oder anderen Standard-Tuya Zigbee-Gateways verbunden werden.<\/p>\n<p>Das Ger\u00e4t kann \u00fcber ein Smartphone mit der Nous-App gesteuert werden, <span style=\"font-size: 1rem;letter-spacing: 0.00938em\">aber in Bezug auf die Benutzerfreundlichkeit bietet die Tuya-App mehr Funktionen.<\/span><\/p>\n<p>Dank seiner geringen Gr\u00f6\u00dfe passt er in handels\u00fcbliche Wandsteckdosen und Schaltersteckdosen und kann diese nicht nur steuern, sondern auch deren Verbrauch messen. Er verf\u00fcgt \u00fcber einen Schaltertasteneingang, so dass mit ihm \"intelligent\" aufger\u00fcstete Schaltstellen wie bisher nutzbar bleiben.<\/p>\n<p><\/p>\n<p>Nous B2Z ist ein Relaismodul f\u00fcr das Tuya Smart Home, das haupts\u00e4chlich im Cloud-Modus arbeitet. Mit den Tuya Zigbee-Gateways, die eine lokale Zwischenspeicherung und Automatisierung erm\u00f6glichen, kann es jedoch auch ohne Internetverbindung funktionieren.<\/p>\n<p><span style=\"font-size: 1rem;letter-spacing: 0.00938em\">Wenn es mit dem Tuya Zigbee-Gateway verbunden ist, unterst\u00fctzt es die Sprachsteuerung \u00fcber Amazon Alexa, Google Assistant und (f\u00fcr iOS-Ger\u00e4te) Siri.<\/span><\/p>\n<p><\/p>\n<h3><strong>Hauptmerkmale:<\/strong><\/h3>\n<ul>\n<li>Verbindung \u00fcber Tuya Zigbee-Chip: verbindet sich mit Tuya Zigbee-Gateways \u00fcber das 2,4-GHz-Tuya-Zigbee-Protokoll.<\/li>\n<li><span style=\"font-size: 1rem;letter-spacing: 0.00938em\">Einkanalige Steuerung: geeignet f\u00fcr die Steuerung eines Stromkreises mit maximal 16A.<\/span><\/li>\n<li><span style=\"font-size: 1rem;letter-spacing: 0.00938em\">Energiemessung: genaue \u00dcberwachung des Verbrauchs in Echtzeit.<\/span><\/li>\n<li>Option f\u00fcr versenktes Andocken: Das Modul kann hinter dem Schalter installiert werden und macht den traditionellen Schalter Ihrer Wahl diskret smart.<\/li>\n<li>Sprachsteuerung: Kompatibel mit Google Assistant und Amazon Alexa, erm\u00f6glicht Sprachsteuerung (mit Tuya Zigbee-Gateways).<\/li>\n<\/ul>","protected":false},"excerpt":{"rendered":"<p>Nous B2Z ist ein intelligentes 1-Stecker-Relais, das mit einem Zigbee-Tuya-Chip und einem Stromverbrauchsmesser ausgestattet ist. Es ist f\u00fcr den Einsatz in Wanddosen hinter Steckdosen oder Lichtschaltern konzipiert, um deren Stromverbrauch mit der Tuya\/SmartLife Smart Home App zu steuern und zu messen.<\/p>","protected":false},"featured_media":6255,"template":"","meta":{"_acf_changed":false},"product_brand":[114],"product_cat":[95],"product_tag":[],"class_list":{"0":"post-6253","1":"product","2":"type-product","3":"status-publish","4":"has-post-thumbnail","6":"product_brand-nous","7":"product_cat-stikala","9":"first","10":"instock","11":"sale","12":"taxable","13":"shipping-taxable","14":"purchasable","15":"product-type-simple"},"acf":[],"_links":{"self":[{"href":"https:\/\/iotronx.com\/de\/wp-json\/wp\/v2\/product\/6253","targetHints":{"allow":["GET"]}}],"collection":[{"href":"https:\/\/iotronx.com\/de\/wp-json\/wp\/v2\/product"}],"about":[{"href":"https:\/\/iotronx.com\/de\/wp-json\/wp\/v2\/types\/product"}],"wp:featuredmedia":[{"embeddable":true,"href":"https:\/\/iotronx.com\/de\/wp-json\/wp\/v2\/media\/6255"}],"wp:attachment":[{"href":"https:\/\/iotronx.com\/de\/wp-json\/wp\/v2\/media?parent=6253"}],"wp:term":[{"taxonomy":"product_brand","embeddable":true,"href":"https:\/\/iotronx.com\/de\/wp-json\/wp\/v2\/product_brand?post=6253"},{"taxonomy":"product_cat","embeddable":true,"href":"https:\/\/iotronx.com\/de\/wp-json\/wp\/v2\/product_cat?post=6253"},{"taxonomy":"product_tag","embeddable":true,"href":"https:\/\/iotronx.com\/de\/wp-json\/wp\/v2\/product_tag?post=6253"}],"curies":[{"name":"wp","href":"https:\/\/api.w.org\/{rel}","templated":true}]}}