{"id":6337,"date":"2025-07-13T17:22:51","date_gmt":"2025-07-13T17:22:51","guid":{"rendered":"http:\/\/iotronx.com\/izdelek\/slzb-06p10-zigbee-ethernet-poe-usb-wi-fi\/"},"modified":"2025-08-07T22:21:39","modified_gmt":"2025-08-07T22:21:39","slug":"slzb-06p10-zigbee-ethernet-poe-usb-wi-fi","status":"publish","type":"product","link":"https:\/\/iotronx.com\/de\/product\/slzb-06p10-zigbee-ethernet-poe-usb-wi-fi\/","title":{"rendered":"SLZB-06p10 Zigbee Ethernet, PoE, USB, Wi-Fi"},"content":{"rendered":"<p style=\"text-align: justify\"><strong>SLZB-06p10<\/strong> ist plattformunabh\u00e4ngig, universell <strong>Zigbee-Adapter<\/strong> mit Ethernet-, PoE-, USB- und Wi-Fi-Konnektivit\u00e4t. Sie k\u00f6nnen das Ger\u00e4t lokal \u00fcber USB mit dem Hub, \u00fcber eine kabelgebundene Ethernet-Verbindung - mit PoE und Stromversorgung - oder \u00fcber Wi-Fi mit dem lokalen Hub verbinden.<\/p>\n<p style=\"text-align: justify\">Das Ger\u00e4t wurde speziell f\u00fcr die Unterst\u00fctzung von Zigbee-Smart-Home-Systemen entwickelt, wie z. B. <strong>Zigbee2MQTT<\/strong> und <strong>ZHA<\/strong>.<\/p>\n<p style=\"text-align: justify\">F\u00fcr ein gr\u00f6\u00dferes Zigbee-Netz ist es m\u00f6glich, mehrere Koordinatoren auf einem einzigen Server zu verwenden, so dass das Zigbee-Netz durch Hinzuf\u00fcgen weiterer Adapter flexibel skaliert werden kann.<\/p>\n<p style=\"text-align: justify\">Der 20-dB-Signalverst\u00e4rker erh\u00f6ht die Stabilit\u00e4t und Reichweite der Zigbee-Verbindung erheblich, insbesondere \u00fcber gro\u00dfe Entfernungen oder bei Vorhandensein physischer Hindernisse. Die Antenne mit 5 dB Gewinn liefert ein starkes Signal \u00fcber einen gro\u00dfen Bereich, ideal f\u00fcr Umgebungen, in denen mehrere Zigbee-Ger\u00e4te angeschlossen sind.<\/p>\n<p style=\"text-align: justify\"><strong>SLZB-06p10<\/strong> unterst\u00fctzt sowohl <strong>Zigbee 3.0<\/strong> Modus: Er kann als <strong>Koordinator<\/strong> oder <strong>Router<\/strong>. Die Betriebsart kann durch die Installation der entsprechenden Software \u00fcber das Webinterface leicht ge\u00e4ndert werden. So kann der Benutzer je nach den Bed\u00fcrfnissen des Netzwerks flexibel zwischen Koordinator- und Routerfunktionen w\u00e4hlen.<\/p>\n<p style=\"text-align: justify\"><strong>SLZB-06p10<\/strong> Der Koordinator kann auch als Matter-over-Thread-Router \u00fcber eine Ethernet-Verbindung fungieren, dank der neuesten Erweiterung des OpenThread Border Router Add-ons. Diese Funktion erm\u00f6glicht die Kommunikation zwischen dem Matter-Protokoll und dem Thread-Netzwerk und verbessert die Integration von intelligenten Ger\u00e4ten.<\/p>\n<h3>Hardware:<\/h3>\n<p style=\"text-align: justify\">Das Ger\u00e4t verwendet die Chips CC2674P10 und ESP32, um eine stabile, zuverl\u00e4ssige Verbindung f\u00fcr die gleichzeitige Verwaltung von bis zu <strong>400 Zigbee-Ger\u00e4te<\/strong>. Das Modul wird mit vorinstallierter Software geliefert und ist daher sofort einsatzbereit.<\/p>\n<p style=\"text-align: justify\"><strong>SLZB-06p10<\/strong> ist eine erweiterte Version des SLZB-06 und verwendet den Texas Instruments CC2674P10 Chip, der die h\u00f6chste Leistung und den stabilsten Betrieb auf dem Markt bietet, sowohl f\u00fcr ZHA (Zigbee Home Automation) als auch f\u00fcr Zigbee2MQTT Systeme.<\/p>\n<p style=\"text-align: justify\">Der Hauptunterschied zwischen <strong>SLZB-06<\/strong> und <strong>SLZB-06p10<\/strong> befindet sich im integrierten Chip. Der SLZB-06 verwendet den CC2652P, w\u00e4hrend der SLZB-06p10 den fortschrittlicheren CC2674P10-Chip mit mehr Speicher (264 KB RAM) und h\u00f6herer Leistung hat. Der SLZB-06p10 ist das einzige Produkt auf dem Markt, das diesen leistungsstarken CC2674P10-Chip verwendet.<\/p>\n<p style=\"text-align: justify\">Der SLZB-06p10 ist auch eine gute Wahl f\u00fcr Heimwerker und Smart-Home-Enthusiasten, da er die notwendigen Pinout-Anschl\u00fcsse sowohl f\u00fcr den ESP32- als auch f\u00fcr den CC2674P10-Chipsatz enth\u00e4lt. Dies erm\u00f6glicht eine Vielzahl von Modifikationen, wie z. B. den direkten Zugriff auf die Chips\u00e4tze f\u00fcr Upgrades oder die Installation von kundenspezifischer Software, was dem Benutzer maximale Flexibilit\u00e4t bei der Entwicklung eigener L\u00f6sungen und der Anpassung der Leistung des Ger\u00e4ts bietet.<\/p>\n<h3>Wesentliche Merkmale:<\/h3>\n<ul>\n<li style=\"text-align: justify\"><strong>Chipsatz:<\/strong> Der CC2674P10 Chip ist vollst\u00e4ndig kompatibel mit Zigbee2MQTT und Home Assistant ZHA Systemen.<\/li>\n<li style=\"text-align: justify\"><strong>Konnektivit\u00e4t:<\/strong> Unterst\u00fctzung von USB, Ethernet und Wi-Fi. Der Betriebsmodus kann in der Firmware (per Fernzugriff \u00fcber das Webinterface) oder lokal per Knopfdruck ausgew\u00e4hlt werden.<\/li>\n<li style=\"text-align: justify\"><strong>Stromversorgung:<\/strong> Der SLZB-06p10 kann \u00fcber PoE (Power over Ethernet) oder Typ-C-Anschluss mit Strom versorgt werden.<\/li>\n<li style=\"text-align: justify\"><strong>PoE-Unterst\u00fctzung:<\/strong> Stromversorgung \u00fcber 802.3af-Ethernet-Kabel <em>(PoE-Adapter nicht enthalten, kann separat bestellt werden)<\/em>. Praktisch f\u00fcr abgelegene Installationen oder weniger Kabel.<\/li>\n<li style=\"text-align: justify\"><strong>Firmware-Unterst\u00fctzung:<\/strong> Open-Source-Software mit der M\u00f6glichkeit, OTA (Over-the-Air) oder \u00fcber USB zu aktualisieren.<\/li>\n<li style=\"text-align: justify\"><strong>Einfache Installation:<\/strong> Der Koordinator ist Plug-and-Play-f\u00e4hig und wird mit vorinstallierter Software geliefert.<\/li>\n<li style=\"text-align: justify\"><strong>Einbau:<\/strong> Das Kit wird mit selbstklebendem Band oder Schrauben f\u00fcr eine feste Befestigung geliefert, so dass Sie das Ger\u00e4t dort positionieren k\u00f6nnen, wo es Ihnen am besten passt.<\/li>\n<li style=\"text-align: justify\"><strong>Antenne:<\/strong> 20 dB Signalverst\u00e4rker + 5 dB Antenne f\u00fcr zus\u00e4tzliche Reichweite und hervorragende Signalqualit\u00e4t. Die dreidimensional drehbare Antenne erm\u00f6glicht eine optimale Ausrichtung f\u00fcr das beste Signal. Die Drehbarkeit verbessert die Stabilit\u00e4t und Reichweite der Verbindung zwischen Zigbee-Ger\u00e4ten in Abh\u00e4ngigkeit von den Umgebungsbedingungen.<\/li>\n<\/ul>\n<h3>Packungsinhalt:<\/h3>\n<ol>\n<li>SLZB-06p10 Zigbee-LAN-Koordinator<\/li>\n<li>5 dB-Antenne<\/li>\n<li>Micro-USB zu Typ-C Konverter<\/li>\n<li>Schrauben und Befestigungszubeh\u00f6r<\/li>\n<li>Schraubendreher<\/li>\n<\/ol>\n<p style=\"text-align: justify; font-size: 1rem; letter-spacing: 0.00938em;\">Dieses Produkt ist sehr empfehlenswert f\u00fcr alle, die ihre Zigbee-Ger\u00e4te einfach und effizient in ihr Smart Home integrieren m\u00f6chten. Der SLZB-06p10 bietet eine zuverl\u00e4ssige Fernsteuerung und hervorragende Konnektivit\u00e4t \u00fcber einen gro\u00dfen Bereich.<\/p>","protected":false},"excerpt":{"rendered":"<p>Der SLZB-06p10 ist ein universeller Zigbee-Adapter mit Ethernet-, PoE-, USB- und Wi-Fi-Konnektivit\u00e4t, der plattformunabh\u00e4ngig ist. Das Ger\u00e4t kann lokal \u00fcber USB an einen Hub, \u00fcber eine kabelgebundene Ethernet-Verbindung - mit PoE auch zur Stromversorgung - oder \u00fcber Wi-Fi an einen lokalen Hub angeschlossen werden.<\/p>","protected":false},"featured_media":6339,"template":"","meta":{"_acf_changed":false},"product_brand":[116],"product_cat":[94],"product_tag":[],"class_list":{"0":"post-6337","1":"product","2":"type-product","3":"status-publish","4":"has-post-thumbnail","6":"product_brand-smlight","7":"product_cat-vticnice","9":"first","10":"instock","11":"sale","12":"taxable","13":"shipping-taxable","14":"purchasable","15":"product-type-simple"},"acf":[],"_links":{"self":[{"href":"https:\/\/iotronx.com\/de\/wp-json\/wp\/v2\/product\/6337","targetHints":{"allow":["GET"]}}],"collection":[{"href":"https:\/\/iotronx.com\/de\/wp-json\/wp\/v2\/product"}],"about":[{"href":"https:\/\/iotronx.com\/de\/wp-json\/wp\/v2\/types\/product"}],"wp:featuredmedia":[{"embeddable":true,"href":"https:\/\/iotronx.com\/de\/wp-json\/wp\/v2\/media\/6339"}],"wp:attachment":[{"href":"https:\/\/iotronx.com\/de\/wp-json\/wp\/v2\/media?parent=6337"}],"wp:term":[{"taxonomy":"product_brand","embeddable":true,"href":"https:\/\/iotronx.com\/de\/wp-json\/wp\/v2\/product_brand?post=6337"},{"taxonomy":"product_cat","embeddable":true,"href":"https:\/\/iotronx.com\/de\/wp-json\/wp\/v2\/product_cat?post=6337"},{"taxonomy":"product_tag","embeddable":true,"href":"https:\/\/iotronx.com\/de\/wp-json\/wp\/v2\/product_tag?post=6337"}],"curies":[{"name":"wp","href":"https:\/\/api.w.org\/{rel}","templated":true}]}}