{"id":6354,"date":"2025-07-13T17:22:51","date_gmt":"2025-07-13T17:22:51","guid":{"rendered":"http:\/\/iotronx.com\/izdelek\/injektor-poe\/"},"modified":"2025-08-07T22:21:39","modified_gmt":"2025-08-07T22:21:39","slug":"poe-injektor","status":"publish","type":"product","link":"https:\/\/iotronx.com\/de\/product\/poe-injektor\/","title":{"rendered":"PoE-Injektor"},"content":{"rendered":"<p>Kompakter PoE-Injektor, der direkt in eine 230-V-AC-Steckdose eingesteckt wird.<\/p>\n<blockquote><p> Die Power-over-Ethernet (PoE)-Technologie erm\u00f6glicht die \u00dcbertragung von Strom zusammen mit Daten \u00fcber Ethernet-Netzwerkkabel. Diese Technologie wird haupts\u00e4chlich zur Stromversorgung von Netzwerkger\u00e4ten wie PoE-Zigbee-Gateways, IP-Kameras, IP-Sprechanlagen, VoIP-Telefonen, drahtlosen Zugangspunkten und anderen mit dem Netzwerk verbundenen Ger\u00e4ten verwendet, ohne dass eine separate Stromquelle erforderlich ist. PoE vereinfacht die Installation und Wartung dieser Ger\u00e4te und ist daher eine beliebte Wahl f\u00fcr eine Vielzahl von Anwendungen wie Netzwerke, Telekommunikation und Sicherheits\u00fcberwachung. <\/p><\/blockquote>\n<p>Leicht anzuschlie\u00dfen. Schlie\u00dfen Sie den Injektor einfach an eine Steckdose an und verbinden Sie die Ethernet-Kabel mit den beiden Anschl\u00fcssen:<\/p>\n<ul>\n<li>\"LAN\" - Anschluss an einen Router oder Zugangspunkt;<\/li>\n<li>\"PoE\" - Anschluss an PoE-Ger\u00e4te.<\/li>\n<\/ul>\n<p>Ausgangsleistung: 24 W, Spannung: 48 V.<\/p>\n<p>Ideal f\u00fcr die Stromversorgung von SLZB-06 Zigbee-Adaptern.<\/p>\n<p><em style=\"font-size: 1rem; letter-spacing: 0.00938em;\">Hinweis: F\u00fcr den PoE-Betrieb muss ein 8-adriges Ethernet-Kabel verwendet werden; ein 4-adriges Kabel ist nicht geeignet.<\/em><\/p>","protected":false},"excerpt":{"rendered":"<p>Ein kompakter PoE-Injektor, der es erm\u00f6glicht, Strom zusammen mit Daten \u00fcber Ethernet-Netzwerkkabel zu \u00fcbertragen. Ideal f\u00fcr die Stromversorgung von SLZB-06 Zigbee-Adaptern.<\/p>","protected":false},"featured_media":6356,"template":"","meta":{"_acf_changed":false},"product_brand":[116],"product_cat":[94],"product_tag":[],"class_list":{"0":"post-6354","1":"product","2":"type-product","3":"status-publish","4":"has-post-thumbnail","6":"product_brand-smlight","7":"product_cat-vticnice","9":"first","10":"instock","11":"sale","12":"taxable","13":"shipping-taxable","14":"purchasable","15":"product-type-simple"},"acf":[],"_links":{"self":[{"href":"https:\/\/iotronx.com\/de\/wp-json\/wp\/v2\/product\/6354","targetHints":{"allow":["GET"]}}],"collection":[{"href":"https:\/\/iotronx.com\/de\/wp-json\/wp\/v2\/product"}],"about":[{"href":"https:\/\/iotronx.com\/de\/wp-json\/wp\/v2\/types\/product"}],"wp:featuredmedia":[{"embeddable":true,"href":"https:\/\/iotronx.com\/de\/wp-json\/wp\/v2\/media\/6356"}],"wp:attachment":[{"href":"https:\/\/iotronx.com\/de\/wp-json\/wp\/v2\/media?parent=6354"}],"wp:term":[{"taxonomy":"product_brand","embeddable":true,"href":"https:\/\/iotronx.com\/de\/wp-json\/wp\/v2\/product_brand?post=6354"},{"taxonomy":"product_cat","embeddable":true,"href":"https:\/\/iotronx.com\/de\/wp-json\/wp\/v2\/product_cat?post=6354"},{"taxonomy":"product_tag","embeddable":true,"href":"https:\/\/iotronx.com\/de\/wp-json\/wp\/v2\/product_tag?post=6354"}],"curies":[{"name":"wp","href":"https:\/\/api.w.org\/{rel}","templated":true}]}}