{"id":6401,"date":"2025-07-13T17:24:17","date_gmt":"2025-07-13T17:24:17","guid":{"rendered":"http:\/\/iotronx.com\/izdelek\/sprednja-plosca-stenskega-stikala-smartwise-gumbi-3\/"},"modified":"2025-12-08T20:00:39","modified_gmt":"2025-12-08T20:00:39","slug":"vorderseite-des-smartwise-wandschalters-3-tasten","status":"publish","type":"product","link":"https:\/\/iotronx.com\/de\/product\/vorderseite-des-smartwise-wandschalters-3-tasten\/","title":{"rendered":"SmartWise Wandschalter Frontplatte - Tasten"},"content":{"rendered":"<p>Dies ist eine zus\u00e4tzliche Frontplatte f\u00fcr die SmartWise (WiFi+RF) BL und BLN, (Zigbee) BL-ZB und BLN-ZB, B6 Wi-Fi und B6 Zigbee und BRF 433 MHz Wireless RF Schalter.<\/p>\n<p>Die Vorderseite ist in Dunkelgrau gehalten und verf\u00fcgt \u00fcber eine physische Taste, die Produktversion \u00fcber drei Tasten.<\/p>","protected":false},"excerpt":{"rendered":"<p>Dies ist ein Frontplattenzubeh\u00f6r f\u00fcr SmartWise (WiFi+RF) BL und BLN, (Zigbee) BL-ZB und BLN-ZB, B6 Wi-Fi und B6 Zigbee Smart Switches und BRF 433 MHz Wireless RF Switches. Dies ist eine geschw\u00e4rzte graue Frontplatte mit einer physischen Drucktasten-, Drei-Tasten-Version des Produkts.<\/p>","protected":false},"featured_media":6403,"template":"","meta":{"_acf_changed":false},"product_brand":[117],"product_cat":[94],"product_tag":[],"class_list":{"0":"post-6401","1":"product","2":"type-product","3":"status-publish","4":"has-post-thumbnail","6":"product_brand-smartwise","7":"product_cat-vticnice","9":"first","10":"outofstock","11":"sale","12":"taxable","13":"shipping-taxable","14":"purchasable","15":"product-type-simple"},"acf":[],"_links":{"self":[{"href":"https:\/\/iotronx.com\/de\/wp-json\/wp\/v2\/product\/6401","targetHints":{"allow":["GET"]}}],"collection":[{"href":"https:\/\/iotronx.com\/de\/wp-json\/wp\/v2\/product"}],"about":[{"href":"https:\/\/iotronx.com\/de\/wp-json\/wp\/v2\/types\/product"}],"wp:featuredmedia":[{"embeddable":true,"href":"https:\/\/iotronx.com\/de\/wp-json\/wp\/v2\/media\/6403"}],"wp:attachment":[{"href":"https:\/\/iotronx.com\/de\/wp-json\/wp\/v2\/media?parent=6401"}],"wp:term":[{"taxonomy":"product_brand","embeddable":true,"href":"https:\/\/iotronx.com\/de\/wp-json\/wp\/v2\/product_brand?post=6401"},{"taxonomy":"product_cat","embeddable":true,"href":"https:\/\/iotronx.com\/de\/wp-json\/wp\/v2\/product_cat?post=6401"},{"taxonomy":"product_tag","embeddable":true,"href":"https:\/\/iotronx.com\/de\/wp-json\/wp\/v2\/product_tag?post=6401"}],"curies":[{"name":"wp","href":"https:\/\/api.w.org\/{rel}","templated":true}]}}