{"id":6552,"date":"2025-07-13T17:24:58","date_gmt":"2025-07-13T17:24:58","guid":{"rendered":"http:\/\/iotronx.com\/izdelek\/smartwise-b61-uni-wi-fi-ewelink-remote-pametno-stensko-stikalo-napeljavo\/"},"modified":"2025-12-08T19:58:43","modified_gmt":"2025-12-08T19:58:43","slug":"smartwise-b61-uni-wi-fi-ewelink-remote-smart-wandschalter-verdrahtung","status":"publish","type":"product","link":"https:\/\/iotronx.com\/de\/product\/smartwise-b61-uni-wi-fi-ewelink-remote-smart-wandschalter-verdrahtung\/","title":{"rendered":"SmartWise B61 UNI Wi-Fi + eWeLink-Remote, intelligenter Wandschalter - Zubeh\u00f6r"},"content":{"rendered":"<p>Die SmartWise B6 UNI-Familie intelligenter Wandschalter verf\u00fcgt \u00fcber Wi-Fi-Konnektivit\u00e4t und einen physischen Druckknopf auf der Vorderseite. Dieses neue Produkt verwendet jetzt einen Chip, der Folgendes unterst\u00fctzt <strong>Wi-Fi + Bluetooth<\/strong> Verbindung (statt der bisher \u00fcblichen Wi-Fi + RF 433MHz). Der intelligente Wandschalter verbindet sich \u00fcber die App direkt mit dem Wi-Fi-Router <strong>eWeLink<\/strong> auf einem Smartphone, so dass es mit derselben eWeLink-Smart-Home-Plattform verbunden ist wie die Sonoff-Ger\u00e4te und keine lokale Zentraleinheit ben\u00f6tigt, da es \u00fcber die eWeLink-Cloud-Plattform funktioniert.<\/p>\n<p>Das Bluetooth-Modul unterst\u00fctzt die schnelle und einfache Kopplung mit Telefon- und Wi-Fi-Netzwerken, und sein eWeLink-Remote (Bluetooth)-Protokollempf\u00e4nger kann mit SmartWise Bluetooth-Funkschaltern und Funkschaltern gekoppelt werden, um als kabelloser Zwei-Wege-Schalter verwendet zu werden.<\/p>\n<p><strong>Der intelligente Lichtschalter SmartWise B6 ist mit einer, zwei oder drei Tasten (Gang) und einer Druckplatte in Wei\u00df, Grau, Schwarz und Gold erh\u00e4ltlich.<\/strong><\/p>\n<blockquote><p>Die Schalterfamilie ist auch in einer eleganten Version mit wei\u00dfem oder schwarzem Glas-Touch-Panel unter der Bezeichnung SmartWise T6 erh\u00e4ltlich und verf\u00fcgt \u00fcber die gleichen intelligenten Funktionen wie das Modell mit physischen Drucktasten.<\/p><\/blockquote>\n<p><strong><br \/><\/strong><\/p>\n<p><strong>Verkabelung<\/strong><\/p>\n<p>Die UNI-Version der SmartWise Smart Wall Switches unterst\u00fctzt eine universelle Verkabelung: empfohlen f\u00fcr <strong>Phase + Nullleiter<\/strong>unterst\u00fctzt aber auch die Verdrahtung mit nur einem <strong>Au\u00dfenleiter (ohne Nullleiter)<\/strong>So k\u00f6nnen Sie sie \u00fcberall als Ersatz f\u00fcr herk\u00f6mmliche Wandschalter verwenden. Wenn sie ohne Nullleiter verdrahtet sind, werden sie nur f\u00fcr Leuchten empfohlen und sind mit Gl\u00fchbirnen, LED- und CFL-Lampen kompatibel. Bei einer Verkabelung mit nur einem Phasenleiter muss ein kleines Anti-Rip-Modul (im Lieferumfang enthalten) an die Leuchte angeschlossen werden.<\/p>\n<p><strong><br \/><\/strong><\/p>\n<p><strong>Plattform f\u00fcr intelligentes Wohnen<\/strong><\/p>\n<p>Als intelligente Schalter von Sonoff sind sie mit einer Cloud-Plattform und einer App verbunden <strong>eWeLink<\/strong> als Standardeinstellung, so dass sie auch gut mit anderen Marken funktionieren, die eWeLink verwenden, wie Sonoff, SmartWise, KingArt, WDYK und Woolley.<\/p>\n<p>Moderne Hardware erm\u00f6glicht den Betrieb ohne lokale Zentraleinheit, da alle Ger\u00e4te \u00fcber die Wi-Fi-Internetverbindung des Routers auf die eWeLink-Cloud-Plattform zugreifen.<\/p>\n<blockquote><p>Wenn Sie Ihr Ger\u00e4t nicht im Cloud-Modus, sondern mit einer lokalen Zentraleinheit verwenden m\u00f6chten, k\u00f6nnen Sie das kosteng\u00fcnstige <strong>SONOFF iHost Zentraleinheit<\/strong>. Anstelle der cloudbasierten eWeLink-Plattform kann es die lokale eWeLink-Plattform (eWeLink Cube) ohne Internetverbindung betreiben und unterst\u00fctzt auch andere Open-Source-Smart-Home-Plattformen (Home Assistant, NodeRED, etc.).<\/p>\n<p>Sie k\u00f6nnen auch mit dem Home Assistant Green Hub verwendet werden, auf dem die Open-Source-Plattform Home Assistant l\u00e4uft, da sie Integrationen f\u00fcr die lokale Verwaltung von Sonoff und anderen eWeLink-Ger\u00e4ten bietet.<\/p><\/blockquote>\n<p><strong><br \/><\/strong><\/p>\n<p><strong>Lokale Verwaltung<\/strong><\/p>\n<p>Der Schalter verf\u00fcgt \u00fcber einen physischen Druckknopf an der Vorderseite, mit dem das Licht wie mit einem herk\u00f6mmlichen Wandschalter ein- und ausgeschaltet werden kann.<\/p>\n<p><strong><br \/><\/strong><\/p>\n<p><strong>Lokale Fernsteuerung<\/strong><\/p>\n<p>Dank des eingebauten Bluetooth-Chips kann der SmartWise-Wandschalter auch mit den drahtlosen Schaltern und Fernbedienungen eWeLink-Remote (Bluetooth) ferngesteuert werden. Dadurch ist es m\u00f6glich, einen drahtlosen Zwei-Wege-Wandschalter zu schaffen. Bei den 2- und 3-Tasten-Versionen kann jede Taste separat mit verschiedenen SmartWise eWeLink-Remote-Funkschaltern und -Fernbedienungen je nach Bedarf ged\u00e4mpft werden.<em> Hinweis: nicht kompatibel mit Sonoff (R5, S-MATE (R2), etc.) eWeLink-Remote Schaltern\/Modulen.<\/em><\/p>\n<p><strong><br \/><\/strong><\/p>\n<p><strong>Funktionen:<\/strong><\/p>\n<p>Mit einem iOS- (Apple) oder Android-Smartphone verbindet sich der Smart Switch \u00fcber die eWeLink-App mit dem Wi-Fi-Router und damit mit dem Internet. In der App k\u00f6nnen Sie jederzeit den Status des Schalters (ein\/aus) \u00fcberpr\u00fcfen, das Licht aus der Ferne ein-\/ausschalten und einen Ein\/Aus-Zeitplan festlegen. Wie bei den meisten anderen Sonoff- und SmartWise-Ger\u00e4ten verf\u00fcgt der Schalter auch \u00fcber eine Auto-Off-Funktion (Inching), mit der sich das Licht nach einer bestimmten Zeit automatisch ausschaltet, damit es nicht unn\u00f6tig anbleibt. Sie k\u00f6nnen die Fernbedienung in der App auch mit anderen teilen, z. B. mit Familienmitgliedern oder B\u00fcrokollegen.<\/p>\n<p>Die ideale L\u00f6sung f\u00fcr die intelligente Steuerung von Lampen aller Art.<\/p>\n<p>N\u00fctzlich als Sicherheitsl\u00f6sung, da es Ihnen erm\u00f6glicht, Ihre Anwesenheit zu simulieren - das Licht wird nach einem Zeitplan ein- und ausgeschaltet, um Beobachter von au\u00dfen glauben zu lassen, Sie seien zu Hause.<\/p>\n<p>Nat\u00fcrlich k\u00f6nnen Sie auch andere <strong>Automatisierung (Szene)<\/strong> zwischen Ihren eWeLink-Ger\u00e4ten - ob Wi-Fi, Zigbee oder RF - basierend auf Sensoren oder dem Status anderer Ger\u00e4te.<\/p>\n<p><span style=\"font-size: 1rem;letter-spacing: 0.00938em\">Zwei- oder Drei-Tasten-Versionen k\u00f6nnen in der App in einen Verriegelungsmodus versetzt werden, bei dem eine Taste ausgeschaltet wird, wenn eine andere eingeschaltet wird, so dass eine sichere Nutzung m\u00f6glich ist, zum Beispiel zur Bedienung von Rolll\u00e4den oder Motoren.<\/span><\/p>","protected":false},"excerpt":{"rendered":"<p>Die Produktfamilie der SmartWise B6-UNI Wi-Fi Smart Light Switches ist mit einem integrierten WiFi + eWeLink-Remote (Bluetooth) Chip ausgestattet und ist mit Sonoff-Ger\u00e4ten und der eWeLink-App kompatibel. Dieser intelligente Schalter hat ein physisches Design mit einem Druckknopf.<\/p>","protected":false},"featured_media":6554,"template":"","meta":{"_acf_changed":false},"product_brand":[117],"product_cat":[95],"product_tag":[],"class_list":{"0":"post-6552","1":"product","2":"type-product","3":"status-publish","4":"has-post-thumbnail","6":"product_brand-smartwise","7":"product_cat-stikala","9":"first","10":"outofstock","11":"sale","12":"taxable","13":"shipping-taxable","14":"purchasable","15":"product-type-simple"},"acf":[],"_links":{"self":[{"href":"https:\/\/iotronx.com\/de\/wp-json\/wp\/v2\/product\/6552","targetHints":{"allow":["GET"]}}],"collection":[{"href":"https:\/\/iotronx.com\/de\/wp-json\/wp\/v2\/product"}],"about":[{"href":"https:\/\/iotronx.com\/de\/wp-json\/wp\/v2\/types\/product"}],"wp:featuredmedia":[{"embeddable":true,"href":"https:\/\/iotronx.com\/de\/wp-json\/wp\/v2\/media\/6554"}],"wp:attachment":[{"href":"https:\/\/iotronx.com\/de\/wp-json\/wp\/v2\/media?parent=6552"}],"wp:term":[{"taxonomy":"product_brand","embeddable":true,"href":"https:\/\/iotronx.com\/de\/wp-json\/wp\/v2\/product_brand?post=6552"},{"taxonomy":"product_cat","embeddable":true,"href":"https:\/\/iotronx.com\/de\/wp-json\/wp\/v2\/product_cat?post=6552"},{"taxonomy":"product_tag","embeddable":true,"href":"https:\/\/iotronx.com\/de\/wp-json\/wp\/v2\/product_tag?post=6552"}],"curies":[{"name":"wp","href":"https:\/\/api.w.org\/{rel}","templated":true}]}}