{"id":6556,"date":"2025-07-13T17:24:58","date_gmt":"2025-07-13T17:24:58","guid":{"rendered":"http:\/\/iotronx.com\/izdelek\/smartwise-b61-uni-zigbee-3-0-rf-pametno-stensko-stikalo-napeljavo\/"},"modified":"2025-12-08T19:58:43","modified_gmt":"2025-12-08T19:58:43","slug":"smartwise-b61-uni-zigbee-3-0-rf-intelligente-wandschalter-befestigung","status":"publish","type":"product","link":"https:\/\/iotronx.com\/de\/product\/smartwise-b61-uni-zigbee-3-0-rf-intelligente-wandschalter-befestigung\/","title":{"rendered":"SmartWise B61 UNI Zigbee 3.0 + RF, intelligenter Wandschalter - Zubeh\u00f6r"},"content":{"rendered":"<p>Die SmartWise B6 UNI Zigbee Familie von intelligenten Wandschaltern verf\u00fcgt \u00fcber einen physischen Druckknopf auf der Vorderseite und eingebettete Chips, die Folgendes unterst\u00fctzen <strong>Zigbee 3.0 + RF 433MHz<\/strong> Verbindungen. Der Smart Wall Switch muss mit einem Zigbee 3.0-Gateway oder -Hub verbunden werden. Dabei kann es sich um ein Sonoff- oder SmartWise-Zigbee-Gateway handeln, das mit der eWeLink-Cloud-Plattform verbunden ist, oder um einen anderen lokalen Zigbee-Hub, der mit Standard-Zigbee-3.0-Ger\u00e4ten kompatibel ist. Der RF 433MHz-Empf\u00e4nger erm\u00f6glicht die Verdampfung mit drahtlosen Sonoff- oder SmartWise RF433-Schaltern und -Fernbedienungen f\u00fcr die lokale Fernsteuerung oder das drahtlose Schalten in beide Richtungen.<\/p>\n<p><strong>Der SmartWise B6 Zigbee Smart Light Switch ist mit einer, zwei oder drei Tasten (Gang) erh\u00e4ltlich und die Frontplatte kann wei\u00df, grau, schwarz oder goldfarben sein.<\/strong><\/p>\n<p><\/p>\n<blockquote><p>Ein \u00e4hnliches Modell von SmartWise-Schaltern ist auch in einer eleganten Glas-Touch-Panel-Version in Wei\u00df oder Schwarz erh\u00e4ltlich, genannt SmartWise T6 Zigbee, mit den gleichen intelligenten Funktionen wie das Modell mit physischen Drucktasten.<\/p><\/blockquote>\n<p><strong><br \/><\/strong><\/p>\n<p><strong>Verkabelung<\/strong><\/p>\n<p>Die UNI-Version der SmartWise Smart Wall Switches unterst\u00fctzt eine universelle Verkabelung: empfohlen <strong>Phase + Nullleiter<\/strong>unterst\u00fctzt aber auch die Verdrahtung mit nur einem <strong>Au\u00dfenleiter (ohne Nullleiter)<\/strong>, So k\u00f6nnen sie \u00fcberall als Ersatz f\u00fcr herk\u00f6mmliche Wandschalter verwendet werden. Wenn sie ohne Nullleiter verdrahtet werden, werden sie nur f\u00fcr Leuchten empfohlen und sind mit Gl\u00fchbirnen, LED- und CFL-Lampen kompatibel. Wenn nur eine einphasige Verkabelung verwendet wird, muss ein kleines Anti-Rip-Modul (in der Verpackung enthalten) an die Leuchte angeschlossen werden.<\/p>\n<p><strong><br \/><\/strong><\/p>\n<p><strong>Plattform f\u00fcr intelligentes Wohnen<\/strong><\/p>\n<p>SmartWise Standard-Zigbee-3.0-Wandschalter sind mit den meisten Zigbee-Gateways und -Hubs kompatibel, sodass sie auf einer Vielzahl von Plattformen verwendet werden k\u00f6nnen. Wenn sie mit einem Sonoff oder SmartWise Zigbee-Gateway verwendet werden, sind sie mit der eWeLink-Cloud-Plattform verbunden und der Schalter kann \u00fcber die App verwaltet werden <strong>eWeLink.<\/strong> In diesem Fall funktionieren sie auch gut mit anderen Marken von Ger\u00e4ten, die eWeLink verwenden, wie Sonoff, SmartWise, WDYK und Woolley.<\/p>\n<p><\/p>\n<blockquote><p>Wenn Sie sie mit einem lokalen Zigbee-Hub verwenden m\u00f6chten, k\u00f6nnen Sie auch einen kosteng\u00fcnstigen <strong>SONOFF iHost-Nabe<\/strong>der die lokale eWeLink-Plattform (eWeLink Cube) anstelle der cloudbasierten eWeLink-Plattform betreibt.<\/p>\n<p>Nat\u00fcrlich k\u00f6nnen Sie auch eine andere Plattform w\u00e4hlen, die Zigbee 3.0-Verbindungen unterst\u00fctzt, wie z. B. den Aoetec SmartThings-Hub.<\/p>\n<p>Sie k\u00f6nnen auch auf fortschrittliche Weise mit dem Home Assistant Green Hub verwendet werden, der von der Open-Source-Plattform Home Assistant und dem SkyConnect Zigbee USB-Koordinator betrieben wird, oder mit dem Sonoff ZBDongle USB Zigbee-Koordinator, der an einen lokalen Hub angeschlossen ist.<\/p><\/blockquote>\n<p><strong><br \/><\/strong><\/p>\n<p><strong>Lokale Verwaltung<\/strong><\/p>\n<p>Die intelligenten SmartWise B6 UNI Zigbee-Schalter verf\u00fcgen \u00fcber einen physischen Druckknopf auf der Vorderseite, mit dem die Lichter am Wandschalter auf die gleiche Weise bedient werden k\u00f6nnen wie mit einem herk\u00f6mmlichen, nicht fest installierten Schalter.<\/p>\n<p><\/p>\n<p><strong><br \/><\/strong><\/p>\n<p><strong>Lokale Fernsteuerung<\/strong><\/p>\n<p>Dank des eingebauten 433MHz RF-Empf\u00e4ngers k\u00f6nnen sie mit SmartWise Funkschaltern oder Sonoff RF433 Wandschaltern und Fernbedienungen ferngesteuert werden. Mit diesen drahtlosen Schaltern ist es einfach, einen 2-Wege- oder 3-Wege-Funkschalter zu erstellen.<\/p>\n<p>Bei Versionen mit 2 oder 3 Tasten k\u00f6nnen Sie jede Taste einzeln mit verschiedenen Funkschaltern und Fernbedienungen bedienen.<\/p>\n<p><\/p>\n<p><strong><br \/><\/strong><\/p>\n<p><strong>Merkmale:<\/strong><\/p>\n<p>Der Schalter muss mit einem Zigbee-Gateway oder -Hub gekoppelt werden, und \u00fcber das mit dem Internet verbundene Gateway k\u00f6nnen Sie den Status des Schalters (ein\/aus) jederzeit in einer App auf Ihrem Telefon oder \u00fcber die Weboberfl\u00e4che \u00fcberpr\u00fcfen. Sie k\u00f6nnen den Schalter auch aus der Ferne ein- oder ausschalten und Zeitpl\u00e4ne f\u00fcr das Ein- und Ausschalten festlegen. Je nach den Funktionen des Zigbee-Gateways k\u00f6nnen Sie die Fernsteuerung mit anderen teilen, zum Beispiel mit Familienmitgliedern oder B\u00fcrokollegen.<\/p>\n<p>Die ideale L\u00f6sung f\u00fcr die intelligente Steuerung aller Arten von Leuchten und Lampen.<\/p>\n<p>N\u00fctzlich als Sicherheitsl\u00f6sung f\u00fcr Ihr Zuhause, da Sie die Anwesenheitssimulation programmieren k\u00f6nnen - das hei\u00dft, Sie schalten sich nach einem bestimmten Zeitplan ein und aus, so dass Beobachter von au\u00dfen denken, Sie seien zu Hause.<\/p>\n<p>Nat\u00fcrlich k\u00f6nnen Sie auch andere <strong>Automatisierung<\/strong> zwischen Ihren eWeLink-Ger\u00e4ten - ob Wi-Fi, Zigbee oder RF - basierend auf Sensordaten oder dem Status anderer Ger\u00e4te.<\/p>","protected":false},"excerpt":{"rendered":"<p>Die SmartWise B6-UNI Zigbee-Familie von intelligenten Wandschaltern verf\u00fcgt \u00fcber intelligente Schalter mit einem Standard-Zigbee-3.0-Chip und einem RF-433MHz-Empf\u00e4nger und ist mit eWeLink und anderen Zigbee-3.0-Gateways kompatibel. Er hat ein physisches Frontpanel-Design mit Drucktaste.<\/p>","protected":false},"featured_media":6558,"template":"","meta":{"_acf_changed":false},"product_brand":[117],"product_cat":[95],"product_tag":[],"class_list":{"0":"post-6556","1":"product","2":"type-product","3":"status-publish","4":"has-post-thumbnail","6":"product_brand-smartwise","7":"product_cat-stikala","9":"first","10":"outofstock","11":"sale","12":"taxable","13":"shipping-taxable","14":"purchasable","15":"product-type-simple"},"acf":[],"_links":{"self":[{"href":"https:\/\/iotronx.com\/de\/wp-json\/wp\/v2\/product\/6556","targetHints":{"allow":["GET"]}}],"collection":[{"href":"https:\/\/iotronx.com\/de\/wp-json\/wp\/v2\/product"}],"about":[{"href":"https:\/\/iotronx.com\/de\/wp-json\/wp\/v2\/types\/product"}],"wp:featuredmedia":[{"embeddable":true,"href":"https:\/\/iotronx.com\/de\/wp-json\/wp\/v2\/media\/6558"}],"wp:attachment":[{"href":"https:\/\/iotronx.com\/de\/wp-json\/wp\/v2\/media?parent=6556"}],"wp:term":[{"taxonomy":"product_brand","embeddable":true,"href":"https:\/\/iotronx.com\/de\/wp-json\/wp\/v2\/product_brand?post=6556"},{"taxonomy":"product_cat","embeddable":true,"href":"https:\/\/iotronx.com\/de\/wp-json\/wp\/v2\/product_cat?post=6556"},{"taxonomy":"product_tag","embeddable":true,"href":"https:\/\/iotronx.com\/de\/wp-json\/wp\/v2\/product_tag?post=6556"}],"curies":[{"name":"wp","href":"https:\/\/api.w.org\/{rel}","templated":true}]}}