{"id":6572,"date":"2025-07-13T17:25:10","date_gmt":"2025-07-13T17:25:10","guid":{"rendered":"http:\/\/iotronx.com\/izdelek\/smartwise-berem1-bluetooth-ewelink-remote-brezzicno-stikalo-z-1-gumbom-prednega\/"},"modified":"2025-12-08T19:58:42","modified_gmt":"2025-12-08T19:58:42","slug":"smartwise-berem1-bluetooth-ewelink-fernbedienbarer-naherungsschalter-mit-1-taste-vorne","status":"publish","type":"product","link":"https:\/\/iotronx.com\/de\/product\/smartwise-berem1-bluetooth-ewelink-fernbedienbarer-naherungsschalter-mit-1-taste-vorne\/","title":{"rendered":"SmartWise BEREM1 Bluetooth (eWeLink-Remote) Drahtloser 1-Tasten-Schalter - Vorderseite"},"content":{"rendered":"<p>Der drahtlose SmartWise-Wandschalter nutzt die Bluetooth-Technologie (eWeLink-Remote) zur Fernsteuerung kompatibler SmartWise-Ger\u00e4te und ist eine n\u00fctzliche Erg\u00e4nzung der neuesten Generation von eWeLink-Ger\u00e4ten, die mit einem WiFi + Bluetooth-Chip ausgestattet sind.<\/p>\n<p><\/p>\n<p>Sie kann zur Steuerung (Ein-\/Ausschalten) von eWeLink-Ger\u00e4ten mit einem eWeLink-Remote (Bluetooth)-Empf\u00e4nger verwendet werden.<\/p>\n<p>Die auf Bluetooth Low Energy basierende eWeLink-Remote-Technologie bietet im Vergleich zur 433-MHz-HF-Technologie eine deutlich h\u00f6here Reichweite (zwei- bis dreimal so hoch) und erreicht Ger\u00e4te bis zu 70-80 Meter (in Au\u00dfenbereichen).<\/p>\n<p><strong><br \/><\/strong><\/p>\n<p><strong>Das Produkt ist mit den folgenden Ger\u00e4ten kompatibel:<\/strong><\/p>\n<ul>\n<li><span style=\"font-size: 1rem;letter-spacing: 0.00938em\">SmartWise Mini BT 16A (WiFi+Bluetooth) Relais,<\/span><\/li>\n<li><span style=\"font-size: 1rem;letter-spacing: 0.00938em\">SmartWise T6 Wi-Fi smart (WiFi+Bluetooth) Wandschalter,<\/span><\/li>\n<li><span style=\"font-size: 1rem;letter-spacing: 0.00938em\">SmartWise B6 Wi-Fi smart (WiFi+Bluetooth) Wandschalter,<\/span><\/li>\n<li><span style=\"font-size: 1rem;letter-spacing: 0.00938em\">BQ05 (R2) (WiFi+Bluetooth) Intelligentes Bew\u00e4sserungsventil,<\/span><\/li>\n<li>und weitere werden folgen.<\/li>\n<\/ul>\n<p><\/p>\n<p>Der drahtlose Schalter ist NICHT kompatibel mit Sonoff-Ger\u00e4ten, die \u00fcber die eWeLink-Remote HUB-Funktion verf\u00fcgen. Er ist also NICHT kompatibel mit Sonoff Mini R3\/R4, Basic R4, Dual R3 Relais und Sonoff Smart Bulbs mit Bluetooth-Hub-Funktion.<\/p>\n<p>Sie kann nur als direkt verdampfte Bluetooth-Fernbedienung f\u00fcr SmartWise-Ger\u00e4te verwendet werden.<\/p>\n<p><\/p>\n<p>Dieser drahtlose Bluetooth-Schalter funktioniert mit einer 27A-Batterie. <em>(Die Batterie ist nicht im Lieferumfang des Produkts enthalten).<\/em><\/p>\n<p>Das Produkt wird OHNE Frontplatte geliefert, so dass es flexibel mit den separat erh\u00e4ltlichen wei\u00dfen, schwarzen, grauen und goldfarbenen physischen Frontplatten kombiniert werden kann.<\/p>","protected":false},"excerpt":{"rendered":"<p>Der batteriebetriebene kabellose SmartWise-Wandschalter nutzt die Bluetooth-Technologie (eWeLink-Remote), um kompatible SmartWise-Ger\u00e4te, die mit einem Bluetooth-Empf\u00e4nger ausgestattet sind, aus der Ferne zu schalten, z. B. das SmartWise Mini BT Relay, die SmartWise B6 WiFi und die T6 WiFi Smart-Wandschalter.<\/p>","protected":false},"featured_media":6574,"template":"","meta":{"_acf_changed":false},"product_brand":[117],"product_cat":[95],"product_tag":[],"class_list":{"0":"post-6572","1":"product","2":"type-product","3":"status-publish","4":"has-post-thumbnail","6":"product_brand-smartwise","7":"product_cat-stikala","9":"first","10":"outofstock","11":"sale","12":"taxable","13":"shipping-taxable","14":"purchasable","15":"product-type-simple"},"acf":[],"_links":{"self":[{"href":"https:\/\/iotronx.com\/de\/wp-json\/wp\/v2\/product\/6572","targetHints":{"allow":["GET"]}}],"collection":[{"href":"https:\/\/iotronx.com\/de\/wp-json\/wp\/v2\/product"}],"about":[{"href":"https:\/\/iotronx.com\/de\/wp-json\/wp\/v2\/types\/product"}],"wp:featuredmedia":[{"embeddable":true,"href":"https:\/\/iotronx.com\/de\/wp-json\/wp\/v2\/media\/6574"}],"wp:attachment":[{"href":"https:\/\/iotronx.com\/de\/wp-json\/wp\/v2\/media?parent=6572"}],"wp:term":[{"taxonomy":"product_brand","embeddable":true,"href":"https:\/\/iotronx.com\/de\/wp-json\/wp\/v2\/product_brand?post=6572"},{"taxonomy":"product_cat","embeddable":true,"href":"https:\/\/iotronx.com\/de\/wp-json\/wp\/v2\/product_cat?post=6572"},{"taxonomy":"product_tag","embeddable":true,"href":"https:\/\/iotronx.com\/de\/wp-json\/wp\/v2\/product_tag?post=6572"}],"curies":[{"name":"wp","href":"https:\/\/api.w.org\/{rel}","templated":true}]}}