{"id":6575,"date":"2025-07-13T17:25:10","date_gmt":"2025-07-13T17:25:10","guid":{"rendered":"http:\/\/iotronx.com\/izdelek\/smartwise-berem2-bluetooth-ewelink-remote-brezzicno-stikalo-z-2-gumboma-prednega\/"},"modified":"2025-12-08T19:58:42","modified_gmt":"2025-12-08T19:58:42","slug":"smartwise-berem2-bluetooth-ewelink-remote-2-tasten-funkschalter-nach-vorne","status":"publish","type":"product","link":"https:\/\/iotronx.com\/de\/product\/smartwise-berem2-bluetooth-ewelink-remote-2-tasten-funkschalter-nach-vorne\/","title":{"rendered":"SmartWise BEREM2 Bluetooth (eWeLink-Remote) Funkschalter mit 2 Tasten - Vorderseite"},"content":{"rendered":"<p>Der drahtlose SmartWise-Wandschalter nutzt die Bluetooth-Technologie (eWeLink-Remote) zur Fernsteuerung kompatibler SmartWise-Ger\u00e4te und ist eine n\u00fctzliche Erg\u00e4nzung der neuesten Generation von eWeLink-Ger\u00e4ten, die mit einem WiFi + Bluetooth-Chip ausgestattet sind.<\/p>\n<p><\/p>\n<p>Sie kann zur Steuerung (Ein-\/Ausschalten) von eWeLink-Ger\u00e4ten mit einem eWeLink-Remote (Bluetooth)-Empf\u00e4nger verwendet werden.<\/p>\n<p>Die auf Bluetooth Low Energy basierende eWeLink-Remote-Technologie bietet eine deutlich gr\u00f6\u00dfere Reichweite (zwei- bis dreimal l\u00e4nger) als die 433MHz RF-Technologie, da sie Ger\u00e4te bis zu 70-80 Meter (im Freien) erreichen kann.<\/p>\n<p><strong><br \/><\/strong><\/p>\n<p><strong>Das Produkt ist mit den folgenden Ger\u00e4ten kompatibel:<\/strong><\/p>\n<ul>\n<li>SmartWise Mini BT 16A (WiFi+Bluetooth) Relais,<\/li>\n<li>SmartWise T6 WiFi und B6 WiFi smart (WiFi+Bluetooth) Wandschalter,<\/li>\n<li>BQ05 (R2) (WiFi+Bluetooth) Intelligentes Bew\u00e4sserungsventil,<\/li>\n<li>und weitere werden folgen.<\/li>\n<\/ul>\n<p><\/p>\n<p>Der drahtlose Schalter ist NICHT kompatibel mit Sonoff-Ger\u00e4ten, die \u00fcber die eWeLink-Remote HUB-Funktion verf\u00fcgen. Er ist also NICHT kompatibel mit Sonoff Mini R3\/R4, Basic R4, Dual R3 Relais und Sonoff Smart Bulbs mit Bluetooth-Hub-Funktion.<\/p>\n<p>Sie kann nur als direkt verdampfte Bluetooth-Fernbedienung f\u00fcr SmartWise-Ger\u00e4te verwendet werden.<\/p>\n<p><\/p>\n<p>Der drahtlose Bluetooth-Schalter funktioniert mit einer 27A-Batterie. <em>(Die Batterie ist nicht im Lieferumfang des Produkts enthalten).<\/em><\/p>\n<p>Das Produkt wird OHNE Frontplatte geliefert, so dass es flexibel mit einer separat erh\u00e4ltlichen wei\u00dfen, schwarzen, grauen oder goldfarbenen physischen Frontplatte kombiniert werden kann.<\/p>","protected":false},"excerpt":{"rendered":"<p>Der batteriebetriebene, kabellose SmartWise-Wandschalter nutzt die Bluetooth-Technologie (eWeLink-Remote), um kompatible SmartWise-Ger\u00e4te, die mit einem Bluetooth-Empf\u00e4nger ausgestattet sind, wie z. B. das SmartWise Mini BT Relay, SmartWise B6 WiFi und T6 WiFi, ferngesteuert umzuschalten.<\/p>","protected":false},"featured_media":6577,"template":"","meta":{"_acf_changed":false},"product_brand":[117],"product_cat":[95],"product_tag":[],"class_list":{"0":"post-6575","1":"product","2":"type-product","3":"status-publish","4":"has-post-thumbnail","6":"product_brand-smartwise","7":"product_cat-stikala","9":"first","10":"outofstock","11":"sale","12":"taxable","13":"shipping-taxable","14":"purchasable","15":"product-type-simple"},"acf":[],"_links":{"self":[{"href":"https:\/\/iotronx.com\/de\/wp-json\/wp\/v2\/product\/6575","targetHints":{"allow":["GET"]}}],"collection":[{"href":"https:\/\/iotronx.com\/de\/wp-json\/wp\/v2\/product"}],"about":[{"href":"https:\/\/iotronx.com\/de\/wp-json\/wp\/v2\/types\/product"}],"wp:featuredmedia":[{"embeddable":true,"href":"https:\/\/iotronx.com\/de\/wp-json\/wp\/v2\/media\/6577"}],"wp:attachment":[{"href":"https:\/\/iotronx.com\/de\/wp-json\/wp\/v2\/media?parent=6575"}],"wp:term":[{"taxonomy":"product_brand","embeddable":true,"href":"https:\/\/iotronx.com\/de\/wp-json\/wp\/v2\/product_brand?post=6575"},{"taxonomy":"product_cat","embeddable":true,"href":"https:\/\/iotronx.com\/de\/wp-json\/wp\/v2\/product_cat?post=6575"},{"taxonomy":"product_tag","embeddable":true,"href":"https:\/\/iotronx.com\/de\/wp-json\/wp\/v2\/product_tag?post=6575"}],"curies":[{"name":"wp","href":"https:\/\/api.w.org\/{rel}","templated":true}]}}