{"id":6583,"date":"2025-07-13T17:25:10","date_gmt":"2025-07-13T17:25:10","guid":{"rendered":"http:\/\/iotronx.com\/izdelek\/smartwise-brf2-nfp\/"},"modified":"2025-12-08T19:58:42","modified_gmt":"2025-12-08T19:58:42","slug":"smartwise-brf2-nfp","status":"publish","type":"product","link":"https:\/\/iotronx.com\/de\/product\/smartwise-brf2-nfp\/","title":{"rendered":"SmartWise BRF2-NFP"},"content":{"rendered":"<p><strong>Der SmartWise BRF2-NFP ist ein kabelloser, batteriebetriebener 433MHz RF (Radiofrequenz) Wandschalter mit zwei Kn\u00f6pfen,<\/strong> der das gleiche Aussehen wie die SmartWise BW WiFi + RF Smart Switches hat und daher oft als deren drahtloser 2-Wege\/3-Wege-Schalter verwendet wird.<\/p>\n<p>Sie ist nat\u00fcrlich mit den Sonoff T1 und TX (WiFi + RF) Lichtschaltern, der SmartWise T4 (ebenfalls WiFi + RF) Familie von intelligenten einphasigen Leitungsschaltern und den intelligenten Sonoff und SmartWise Relais mit RF-Empf\u00e4nger als Fernbedienungen kompatibel.<\/p>\n<p>Es handelt sich also nicht um einen intelligenten Schalter, sondern um eine batteriebetriebene 433MHz-RF-Fernbedienung in Form eines Wandschalters, der mit einer Schraube oder doppelseitigem Klebeband \u00fcberall befestigt werden kann, auch an M\u00f6beln. Er wird oft als drahtloser Schalter, Wandfernbedienung oder drahtloser 2-Wege-Schalter f\u00fcr intelligente Schalter mit RF-Empf\u00e4nger verwendet.<\/p>\n<p>Die SmartWise BW-Familie von RF-Schaltern ist in Versionen mit einer, zwei und drei Tasten erh\u00e4ltlich.<\/p>\n<p>SmartWise BRF1 \/ BRF2 \/ BRF3 RF-Schalter arbeiten mit <strong>CR2032-Batterie, nicht enthalten<\/strong>Sie brauchen also keine Kabel. Die R\u00fcckseite des RF-Schalters ist flach, so dass er keine Wandsteckdose ben\u00f6tigt und \u00fcberall installiert werden kann.<\/p>\n<p><strong>Wird ohne Frontplatte verkauft. Die Frontplatte ist separat in den Farben Wei\u00df, Grau, Gold oder Schwarz in den Ausf\u00fchrungen mit einem, zwei oder drei Kn\u00f6pfen erh\u00e4ltlich.<\/strong><\/p>\n<h3><strong>Produktmerkmale:<\/strong><\/h3>\n<ul>\n<li><strong>433MHz RF-Fernbedienung im Wandschalterformat<\/strong><\/li>\n<li>Er kann mit einer Schraube oder dem mitgelieferten Klebeband \u00fcberall an der Wand befestigt werden.<\/li>\n<li><strong>Hat das gleiche Aussehen wie SmartWise BW (Wi-Fi + RF) Smart Switches<\/strong>daher wird er oft als 2-Wege- oder 3-Wege-Funkschalter verwendet<\/li>\n<li><strong>Verwendet 433 MHz<\/strong> Funksteuerung f\u00fcr den Anschluss an Sonoff- und SmartWise-Schalter oder -Relais, die mit einem RF-Empf\u00e4nger ausgestattet sind<\/li>\n<li>Sie kann auch verkn\u00fcpft werden mit <strong>Sonoff RF-Br\u00fccke<\/strong> und <strong>SmartWise RF-Br\u00fccke<\/strong> Gateways zur Verbindung mit anderen eWeLink-kompatiblen Ger\u00e4ten gem\u00e4\u00df den Einstellungen in der Funktion Szenen \/ Smart Control in der eWeLink-App.<\/li>\n<\/ul>","protected":false},"excerpt":{"rendered":"<p>Ein RF-Wandschalter, der drahtlos SmartWise und Sonoff WiFi+RF Smart-Wandschalter schalten kann (nat\u00fcrlich auch alle anderen eWeLink-kompatiblen Relais mit RF-Empf\u00e4nger). Er kann auch als drahtloser Zwei- und Drei-Wege-Schalter f\u00fcr Smart-Schalter installiert werden.<\/p>","protected":false},"featured_media":6577,"template":"","meta":{"_acf_changed":false},"product_brand":[117],"product_cat":[95],"product_tag":[],"class_list":{"0":"post-6583","1":"product","2":"type-product","3":"status-publish","4":"has-post-thumbnail","6":"product_brand-smartwise","7":"product_cat-stikala","9":"first","10":"outofstock","11":"sale","12":"taxable","13":"shipping-taxable","14":"purchasable","15":"product-type-simple"},"acf":[],"_links":{"self":[{"href":"https:\/\/iotronx.com\/de\/wp-json\/wp\/v2\/product\/6583","targetHints":{"allow":["GET"]}}],"collection":[{"href":"https:\/\/iotronx.com\/de\/wp-json\/wp\/v2\/product"}],"about":[{"href":"https:\/\/iotronx.com\/de\/wp-json\/wp\/v2\/types\/product"}],"wp:featuredmedia":[{"embeddable":true,"href":"https:\/\/iotronx.com\/de\/wp-json\/wp\/v2\/media\/6577"}],"wp:attachment":[{"href":"https:\/\/iotronx.com\/de\/wp-json\/wp\/v2\/media?parent=6583"}],"wp:term":[{"taxonomy":"product_brand","embeddable":true,"href":"https:\/\/iotronx.com\/de\/wp-json\/wp\/v2\/product_brand?post=6583"},{"taxonomy":"product_cat","embeddable":true,"href":"https:\/\/iotronx.com\/de\/wp-json\/wp\/v2\/product_cat?post=6583"},{"taxonomy":"product_tag","embeddable":true,"href":"https:\/\/iotronx.com\/de\/wp-json\/wp\/v2\/product_tag?post=6583"}],"curies":[{"name":"wp","href":"https:\/\/api.w.org\/{rel}","templated":true}]}}