{"id":6587,"date":"2025-07-13T17:25:10","date_gmt":"2025-07-13T17:25:10","guid":{"rendered":"http:\/\/iotronx.com\/izdelek\/smartwise-dimmer-zdruzljiv-z-aplikacijo-ewelink-stikalo-plosco\/"},"modified":"2025-12-08T19:58:43","modified_gmt":"2025-12-08T19:58:43","slug":"smartwise-dimmer-kompatibel-mit-der-ewelink-app-plosco-switch","status":"publish","type":"product","link":"https:\/\/iotronx.com\/de\/product\/smartwise-dimmer-kompatibel-mit-der-ewelink-app-plosco-switch\/","title":{"rendered":"SmartWise Dimmer, kompatibel mit eWeLink App, Schalter - Panel)"},"content":{"rendered":"<p>SmartWise Dimmer ist ein intelligenter Wandschalter mit einer eleganten schwarzen Glas-Touch-Oberfl\u00e4che und einer intelligenten Dimmfunktion. Der intelligente Schalter hat einen eingebauten Wi-Fi-Chip und kann sich \u00fcber die eWeLink-App, die f\u00fcr iOS- (Apple) und Android-Smartphones verf\u00fcgbar ist, mit der eWeLink-Cloud verbinden.<\/p>\n<p>In der eWeLink-App k\u00f6nnen Sie den aktuellen Ein-\/Aus-Status des Schalters sehen, ihn aus der Ferne steuern, die Helligkeit\/Dimmstufe einstellen und Ein-\/Aus-Zeitpl\u00e4ne f\u00fcr den Schalter hinzuf\u00fcgen. Sie k\u00f6nnen das Ein-\/Ausschalten und Dimmen auch mit einer Ber\u00fchrung des Wandschalters steuern.<\/p>\n<blockquote>\n<p>Eine schwarz-wei\u00dfe Version des Schalters ist ebenfalls erh\u00e4ltlich.<\/p>\n<\/blockquote>\n<p>\u00dcber die Share-Funktion in der eWeLink-App k\u00f6nnen Sie den Zugriff auf die Steuerung von Ein- und Ausschalten, Dimmen und Zeitplanung auch mit anderen Nutzern teilen. Dies ist die ideale L\u00f6sung f\u00fcr die Integration eines Dimmerschalters in Ihre eWeLink-kompatible Smart-Home-Installation, die mit Sonoff- und SmartWise-Wandschaltern kompatibel ist, die den Sonoff T1, T2 oder T3 Smart-Schaltern \u00e4hneln.<\/p>\n<p>Wie bei den intelligenten Schaltern von Sonoff und SmartWise k\u00f6nnen Sie die eWeLink-App verwenden, um die Belegung zu simulieren, indem Sie das Licht ein- und ausschalten, auch wenn Sie nicht zu Hause sind.<\/p>\n<p><strong>Kompatibel mit der eWeLink-App und -Plattform, wie alle intelligenten Produkte von Sonoff und SmartWise.<\/strong><\/p>\n<h3><strong>Merkmale:<\/strong><\/h3>\n<ul>\n<li><strong>Ber\u00fchrungsschalter<\/strong> - Drei Ber\u00fchrungstasten auf der Vorderseite: Ein\/Aus, Dimmen erh\u00f6hen, Dimmen verringern + LED f\u00fcr Wi-Fi-Verbindung<\/li>\n<li><strong>EU-Standardgr\u00f6\u00dfe:<\/strong> 86\u00d786 mm gro\u00dfe vordere Glasscheibe<\/li>\n<li><strong>Fernbedienung ein\/aus<\/strong> - wo immer Sie sich befinden, k\u00f6nnen Sie das Ein- und Ausschalten sowie das Dimmen der Beleuchtung von Ihrem Telefon aus \u00fcber das mobile Internet steuern<\/li>\n<li><strong>Mobile App<\/strong> - Kostenlose iOS- und Android-App: eWeLink<\/li>\n<li><strong>Status in Echtzeit<\/strong> - den Ein-\/Aus-Status und die Dimmstufe des Schalters in der eWeLink-App sehen<\/li>\n<li><strong>Fahrpl\u00e4ne<\/strong> - M\u00f6glichkeit zum Hinzuf\u00fcgen von bis zu 8 Offline-Zeitpl\u00e4nen und vielen Online-Zeitpl\u00e4nen und Timern in der App<\/li>\n<li><strong>Mit anderen teilen<\/strong> - erm\u00f6glicht es Ihnen, den Zugang mit Ihrer Familie oder anderen Nutzern der App zu teilen<\/li>\n<li><strong>Gruppen<\/strong> - eWeLink unterst\u00fctzt die Aggregation von Ger\u00e4ten und die gleichzeitige Verwaltung mehrerer Ger\u00e4te<\/li>\n<li><strong>Schauplatz<\/strong> - intelligente Ger\u00e4te und eWeLink-Sensoren zu verbinden, damit sie nach bestimmten Regeln zusammenarbeiten<\/li>\n<li><strong>Kompatibilit\u00e4t mit Sprachsteuerung<\/strong> - Steuerung per Sprachbefehl \u00fcber Amazon Alexa oder Google Assistant<\/li>\n<li><strong>Mehrsprachige eWeLink-App<\/strong> - Unterst\u00fctzung f\u00fcr mehrere Sprachen<\/li>\n<\/ul>\n<p><strong>Wichtig: Dieser intelligente Schalter ben\u00f6tigt eine Phase (Live) und einen Neutralleiter (Neutral).<\/strong><\/p>\n<h3><strong>Spezifikationen:<\/strong><\/h3>\n<ul>\n<li>Stromversorgung: 90V-250V AC<\/li>\n<li>Maximale Ausgangsleistung: 400W<\/li>\n<li>Drahtlos: 802.11 b\/g\/n 2.4GHz<\/li>\n<li>Sicherheit: WPA-PSK \/ WPA2-PSK<\/li>\n<li>Material: ABS + geh\u00e4rtetes Glas<\/li>\n<li>Gr\u00f6\u00dfe: EU\/UK: 86x86x34 mm<\/li>\n<\/ul>","protected":false},"excerpt":{"rendered":"<p>Der Wi-Fi SmartWise Dimmer kann Gl\u00fchbirnen, Halogenlampen und dimmbare LED-Lampen steuern. Wie alle intelligenten Wandschalter von Sonoff und SmartWise ist er mit der eWeLink-App kompatibel, sodass Sie ihn lokal am Wandschalter schalten und mit der eWeLink-App \u00fcber das Internet fernsteuern k\u00f6nnen.<\/p>","protected":false},"featured_media":6589,"template":"","meta":{"_acf_changed":false},"product_brand":[117],"product_cat":[95],"product_tag":[],"class_list":{"0":"post-6587","1":"product","2":"type-product","3":"status-publish","4":"has-post-thumbnail","6":"product_brand-smartwise","7":"product_cat-stikala","9":"first","10":"outofstock","11":"sale","12":"taxable","13":"shipping-taxable","14":"purchasable","15":"product-type-simple"},"acf":[],"_links":{"self":[{"href":"https:\/\/iotronx.com\/de\/wp-json\/wp\/v2\/product\/6587","targetHints":{"allow":["GET"]}}],"collection":[{"href":"https:\/\/iotronx.com\/de\/wp-json\/wp\/v2\/product"}],"about":[{"href":"https:\/\/iotronx.com\/de\/wp-json\/wp\/v2\/types\/product"}],"wp:featuredmedia":[{"embeddable":true,"href":"https:\/\/iotronx.com\/de\/wp-json\/wp\/v2\/media\/6589"}],"wp:attachment":[{"href":"https:\/\/iotronx.com\/de\/wp-json\/wp\/v2\/media?parent=6587"}],"wp:term":[{"taxonomy":"product_brand","embeddable":true,"href":"https:\/\/iotronx.com\/de\/wp-json\/wp\/v2\/product_brand?post=6587"},{"taxonomy":"product_cat","embeddable":true,"href":"https:\/\/iotronx.com\/de\/wp-json\/wp\/v2\/product_cat?post=6587"},{"taxonomy":"product_tag","embeddable":true,"href":"https:\/\/iotronx.com\/de\/wp-json\/wp\/v2\/product_tag?post=6587"}],"curies":[{"name":"wp","href":"https:\/\/api.w.org\/{rel}","templated":true}]}}