{"id":6603,"date":"2025-07-13T17:25:10","date_gmt":"2025-07-13T17:25:10","guid":{"rendered":"http:\/\/iotronx.com\/izdelek\/smartwise\/"},"modified":"2025-12-08T19:58:41","modified_gmt":"2025-12-08T19:58:41","slug":"smartwise","status":"publish","type":"product","link":"https:\/\/iotronx.com\/de\/product\/smartwise\/","title":{"rendered":"SmartWise"},"content":{"rendered":"<p>Diese Art von SmartWise-Wandschalter hat einen eingebauten Wi-Fi-Chip und l\u00e4sst sich \u00fcber eine App direkt mit einem Wi-Fi-Router verbinden <strong>eWeLink<\/strong> auf einem Smartphone, so dass es sich mit der gleichen eWeLink-Smart-Plattform wie die Sonoff-Ger\u00e4te verbindet, ohne dass eine lokale Zentraleinheit erforderlich ist, da es standardm\u00e4\u00dfig \u00fcber die eWeLink-Cloud funktioniert.<\/p>\n<p>Das Bluetooth-Modul unterst\u00fctzt die schnelle und einfache Verbindung zu Ihrem Telefon und Wi-Fi-Netzwerk und verf\u00fcgt au\u00dferdem \u00fcber einen Empf\u00e4nger f\u00fcr das eWeLink-Remote (Bluetooth)-Protokoll, der an SmartWise Bluetooth-Funkschalter und Funkschalter angeschlossen werden kann, um als kabelloser Zwei-Wege-Schalter zu fungieren.<\/p>\n<p><strong>Eine Besonderheit ist der in die Glasfrontplatte eingebettete Infrarotsensor, der das Schalten ohne physische Ber\u00fchrungsgesten unterst\u00fctzt. Ideal f\u00fcr die Installation in Fluren, Toiletten und anderen Orten, an denen ein Touch-Schalter nicht geeignet ist (aus Hygienegr\u00fcnden).<\/strong><\/p>\n<p><strong>Der Infrarotsensor ist so empfindlich, dass er Gesten in einer Entfernung von etwa 8 cm erkennt.<\/strong><\/p>\n<p><strong><br \/><\/strong><\/p>\n<p><strong>Verkabelung<\/strong><\/p>\n<p>Dieser Typ von SmartWise Smart Wall Switch erfordert eine Verkabelung mit <strong>Phase und Neutralleiter<\/strong>.<\/p>\n<p><strong><br \/><\/strong><\/p>\n<p><strong>Eine intelligente Plattform<\/strong><\/p>\n<p>Wie die intelligenten Schalter von Sonoff sind sie mit einer Cloud-Plattform verbunden <strong>eWeLink-App<\/strong> als Standard, so dass sie perfekt mit anderen eWeLink-Marken wie Sonoff, SmartWise, KingArt, WDYK und Woolley funktionieren.<\/p>\n<p>Es handelt sich um hochwertige Hardware, und es ist keine lokale Zentraleinheit erforderlich, da alle Ger\u00e4te \u00fcber die Internetverbindung des Wi-Fi-Routers auf die werkseigene eWeLink-Cloud zugreifen.<\/p>\n<blockquote><p>Wenn Sie anstelle des Cloud-Modus eine lokale Zentraleinheit verwenden m\u00f6chten, k\u00f6nnen Sie die kosteng\u00fcnstige <strong>SONOFF iHost Zentraleinheit<\/strong>. Die lokale eWeLink-Plattform (eWeLink Cube) kann anstelle der Cloud-basierten eWeLink-Plattform ohne Internetverbindung betrieben werden und unterst\u00fctzt andere Open-Source-Heimautomatisierungsplattformen (Home Assistant, NodeRED, etc.).<\/p>\n<p>Er kann auch mit dem Home Assistant Green Hub verwendet werden, der auf der Open-Source-Plattform Home Assistant basiert, da diese Plattform lokale Integrationen mit Sonoff und anderen eWeLink-Ger\u00e4ten erm\u00f6glicht.<\/p><\/blockquote>\n<p><strong><br \/><\/strong><\/p>\n<p><strong>Lokale Verwaltung<\/strong><\/p>\n<p>Der Schalter hat eine wei\u00dfe Glasfront mit einem eingebauten Infrarotsensor f\u00fcr die ber\u00fchrungslose Gestensteuerung.<\/p>\n<p><strong><br \/><\/strong><\/p>\n<p><strong>Lokale Fernsteuerung<\/strong><\/p>\n<p>Dank des eingebauten Bluetooth-Chips k\u00f6nnen die SmartWise-Wandschalter mit den drahtlosen Schaltern und Fernbedienungen eWeLink-Remote (Bluetooth) ferngesteuert werden. Auf diese Weise k\u00f6nnen Sie einen drahtlosen Zwei-Wege-Wandschalter erstellen. Bei 2- und 3fach-Versionen k\u00f6nnen Sie jede Taste einzeln mit verschiedenen SmartWise eWeLink-Remote-Funkschaltern oder -Fernbedienungen verbinden, bei Bedarf mit unterschiedlichen Schaltern f\u00fcr jede Taste.<em>Hinweis: nicht kompatibel mit Sonoff eWeLink-Remote-Schaltern\/Modulen (R5, S-MATE (R2), etc.).<\/em><\/p>\n<p><strong><br \/><\/strong><\/p>\n<p><strong>Funktionen:<\/strong><\/p>\n<p>Mit einem iOS- (Apple) oder Android-Smartphone wird der Schalter \u00fcber die eWeLink-App mit einem Wi-Fi-Router verbunden, um auf das Internet zuzugreifen. In der App k\u00f6nnen Sie jederzeit den EIN\/AUS-Status des Schalters \u00fcberpr\u00fcfen, den Schalter aus der Ferne steuern und den Ein\/Aus-Zeitplan festlegen. Der Schalter verf\u00fcgt au\u00dferdem \u00fcber eine Inching-Funktion (Auto-Off), mit der er sich nach einer bestimmten Zeit nach dem Einschalten automatisch ausschaltet, damit Sie das Licht nicht unn\u00f6tig brennen lassen. Sie k\u00f6nnen die Fernbedienung in der App auch mit anderen teilen, z. B. mit Familienmitgliedern oder B\u00fcrokollegen.<\/p>\n<p>Die ideale L\u00f6sung f\u00fcr die intelligente Steuerung jeder Leuchte oder Beleuchtung.<\/p>\n<p>Sie k\u00f6nnen eine Anwesenheitssimulation einrichten, die das Licht nach einem bestimmten Zeitplan ein- und ausschaltet, um die Au\u00dfenwelt glauben zu lassen, dass Sie zu Hause sind, und so einen Einbruch verhindern.<\/p>\n<p>Nat\u00fcrlich k\u00f6nnen Sie auch beliebige <strong>Automatisierung (Szene)<\/strong> zwischen eWeLink-Ger\u00e4ten - seien es Wi-Fi-, Zigbee- oder sogar RF-Ger\u00e4te - basierend auf Sensordaten oder dem Status anderer Ger\u00e4te.<\/p>","protected":false},"excerpt":{"rendered":"<p>Der SmartWise Wi-Fi Wall Switch wird \u00fcber einen Wi-Fi-Router mit dem Internet verbunden und ben\u00f6tigt daher keine lokalen Smart Home Hubs. Er kann wie der Sonoff Smart Wall Switch aus der Ferne \u00fcber das Internet gesteuert werden.<\/p>","protected":false},"featured_media":6605,"template":"","meta":{"_acf_changed":false},"product_brand":[117],"product_cat":[95],"product_tag":[],"class_list":{"0":"post-6603","1":"product","2":"type-product","3":"status-publish","4":"has-post-thumbnail","6":"product_brand-smartwise","7":"product_cat-stikala","9":"first","10":"outofstock","11":"sale","12":"taxable","13":"shipping-taxable","14":"purchasable","15":"product-type-simple"},"acf":[],"_links":{"self":[{"href":"https:\/\/iotronx.com\/de\/wp-json\/wp\/v2\/product\/6603","targetHints":{"allow":["GET"]}}],"collection":[{"href":"https:\/\/iotronx.com\/de\/wp-json\/wp\/v2\/product"}],"about":[{"href":"https:\/\/iotronx.com\/de\/wp-json\/wp\/v2\/types\/product"}],"wp:featuredmedia":[{"embeddable":true,"href":"https:\/\/iotronx.com\/de\/wp-json\/wp\/v2\/media\/6605"}],"wp:attachment":[{"href":"https:\/\/iotronx.com\/de\/wp-json\/wp\/v2\/media?parent=6603"}],"wp:term":[{"taxonomy":"product_brand","embeddable":true,"href":"https:\/\/iotronx.com\/de\/wp-json\/wp\/v2\/product_brand?post=6603"},{"taxonomy":"product_cat","embeddable":true,"href":"https:\/\/iotronx.com\/de\/wp-json\/wp\/v2\/product_cat?post=6603"},{"taxonomy":"product_tag","embeddable":true,"href":"https:\/\/iotronx.com\/de\/wp-json\/wp\/v2\/product_tag?post=6603"}],"curies":[{"name":"wp","href":"https:\/\/api.w.org\/{rel}","templated":true}]}}