{"id":6615,"date":"2025-07-13T17:25:10","date_gmt":"2025-07-13T17:25:10","guid":{"rendered":"http:\/\/iotronx.com\/izdelek\/pametno-stikalo-zdruzljivo-2\/"},"modified":"2025-12-08T19:58:41","modified_gmt":"2025-12-08T19:58:41","slug":"smart-switch-2","status":"publish","type":"product","link":"https:\/\/iotronx.com\/de\/product\/smart-switch-2\/","title":{"rendered":"Smart Switch - Kompatibel"},"content":{"rendered":"<p>Der SmartWise Smart-Wandschalter f\u00fcr Rolll\u00e4den ist ein intelligenter Wandschalter mit einer eleganten wei\u00dfen Glas-Touch-Oberfl\u00e4che, der speziell f\u00fcr die intelligente Steuerung von motorisierten Rolll\u00e4den, motorisierten Vorh\u00e4ngen und motorisierten Jalousien entwickelt wurde und mit der Sonoff \/ eWeLink-App kompatibel ist. Der intelligente Schalter verf\u00fcgt \u00fcber einen integrierten Wi-Fi-Chip und kann \u00fcber die eWeLink-App, die f\u00fcr iOS- (Apple) und Android-Smartphones verf\u00fcgbar ist, mit der eWeLink-Cloud verbunden werden.<\/p>\n<p>Die drei Tasten steuern die Funktionen AUF\/STOPP\/ZU und nach der Kalibrierung zeigt die App den Status in Prozent an. \u00dcber die App k\u00f6nnen Sie auch die Rolll\u00e4den \u00f6ffnen und schlie\u00dfen (ebenfalls prozentual).<\/p>\n<p>In der eWeLink-App k\u00f6nnen Sie den aktuellen Status des Schalters sehen, die Auf- oder Abw\u00e4rtsrichtung aus der Ferne ein- oder ausschalten und Zeitpl\u00e4ne f\u00fcr die Steuerung festlegen. Nat\u00fcrlich k\u00f6nnen Sie die Rolll\u00e4den auch mit dem Wandschalter mit einer einzigen Ber\u00fchrung steuern.<\/p>\n<blockquote>\n<p>Es sind auch schwarze und wei\u00dfe Versionen des Schalters erh\u00e4ltlich.<\/p>\n<\/blockquote>\n<p><\/p>\n<p><span style=\"font-size: 1rem;letter-spacing: 0.00938em\">Wie die eWeLink-Schalter von Sonoff und SmartWise verf\u00fcgt er \u00fcber eine elegante, rahmenlose Glasoberfl\u00e4che, die der Familie der intelligenten Schalter TX T1 \/ TX T2 \/ TX T3 EU von Sonoff sehr \u00e4hnlich ist.<\/span><\/p>\n<p>Dank des eingebauten Wi-Fi-Chips k\u00f6nnen Sie die AUF- oder AB-Richtung fernsteuern und die \u00d6ffnungs-\/Schlie\u00dfzeit \u00fcber die eWeLink-App auf einem iOS- (Apple) oder Android-Telefon mit Internetanschluss einstellen. Nat\u00fcrlich k\u00f6nnen Sie auch den Motor des Rollladens\/Jalousie\/Gardine am Wandschalter mit dem Touch-Schalter einschalten, genau wie bei einem herk\u00f6mmlichen Wandschalter. Sie k\u00f6nnen den Fernbedienungszugang auch mit Familienmitgliedern oder anderen Benutzern in der eWeLink-App teilen.<\/p>\n<p>Sie k\u00f6nnen nicht nur die Rolll\u00e4den oder Vorh\u00e4nge in Ihrem Haus oder B\u00fcro aus der Ferne steuern, sondern auch den tats\u00e4chlichen Status des \u00d6ffnens\/Schlie\u00dfens sehen, bevor Sie sie bedienen. Sie k\u00f6nnen auch einen Zeitplan f\u00fcr die Anwesenheitssimulation einrichten (z. B. das Schlie\u00dfen der Jalousien jeden Tag bei Sonnenuntergang), wenn Sie nicht zu Hause sind, um den Eindruck zu erwecken, dass jemand zu Hause ist.<\/p>\n<p><\/p>\n<p>Dank des Bluetooth-Empf\u00e4ngers kann der Schalter auch drahtlos mit kabellosen SmartWise 3-Tasten-Bluetooth-Schaltern verbunden werden, um eine drahtlose Steuerung zu erm\u00f6glichen.<\/p>\n<p><\/p>\n<h3>Produktmerkmale:<\/h3>\n<p><\/p>\n<ul>\n<li>Kompatibel mit eWeLink-App - SmartWise-Rollladenschalter arbeitet mit der eWeLink-Cloud (die auch Sonoff- und SmartWise-Ger\u00e4te verwaltet) und der eWeLink-App f\u00fcr iOS- und Android-Ger\u00e4te zusammen<\/li>\n<li>Touch-Schalter - STOP\/STOP\/OPEN-Tasten und Wi-Fi-LED-Anzeige auf Glas-Touch-Panel<\/li>\n<li>EU-Standardgr\u00f6\u00dfe: 86\u00d786 mm Vorderseite des Schalters, 35 mm Tiefe, passend f\u00fcr EU-Wandsteckdosen<\/li>\n<li>Statusanzeige in Echtzeit - die App zeigt den Status \"offen\/geschlossen\" mit Prozentgenauigkeit an<\/li>\n<li>Fernsteuerung - Sie k\u00f6nnen das \u00d6ffnen und Schlie\u00dfen von Rolll\u00e4den\/Jalousien\/Gardinen prozentgenau aus der Ferne steuern<\/li>\n<li>Bluetooth-Empf\u00e4nger - erm\u00f6glicht die drahtlose Verbindung zu SmartWise 3-Pin-Bluetooth-Schaltern<\/li>\n<li>Zeitgesteuerter Schalter - mehrere Zeitsteuerungsfunktionen verf\u00fcgbar: exakte Zeiteinstellung, wiederkehrende Zeiten, Countdown-Timer\/Timer (derzeit kann nur das vollst\u00e4ndige \u00d6ffnen und Schlie\u00dfen in der App gesteuert werden, nicht das \u00d6ffnen\/Schlie\u00dfen um einen bestimmten Prozentsatz)<\/li>\n<li>Zugriffsfreigabe - erm\u00f6glicht den Zugriff von Familienmitgliedern oder Kollegen f\u00fcr die Fernverwaltung<\/li>\n<li>Ger\u00e4tegruppen - organisieren Sie \u00e4hnliche Ger\u00e4te in Gruppen und verwalten Sie mehrere Ger\u00e4te mit einem Klick<\/li>\n<li>Intelligente Szenen - erstellen Sie Automatisierungen vom Typ \"WENN\" \u2192 \"JETZT\" mit der Szenenfunktion in der eWeLink Cloud<\/li>\n<li>Kompatibilit\u00e4t - Sprachsteuerung \u00fcber Amazon Alexa, Google Assistant und Integration mit IFTTT (eWeLink VIP-Abonnement f\u00fcr IFTTT erforderlich)<\/li>\n<li>Mehrsprachige eWeLink-App<\/li>\n<\/ul>\n<p><\/p>\n<p><span style=\"color: #ff0000\"><strong>WICHTIG: F\u00fcr den Betrieb des Wi-Fi-Switch sind sowohl die Spannung als auch der Nullleiter in der Steckdose erforderlich!<\/strong><\/span><\/p>","protected":false},"excerpt":{"rendered":"<p>Der eWeLink Smart-Touch-Schalter, der mit der Wi-Fi + Bluetooth-App kompatibel ist, wurde speziell f\u00fcr die intelligente Steuerung von motorisierten Jalousien, motorisierten Vorh\u00e4ngen und motorisierten Rolll\u00e4den oder Jalousien entwickelt. Drei Touch-Tasten steuern die Funktionen AUF\/STOPP\/ZU und liefern nach der Kalibrierung auch eine prozentgenaue Statusr\u00fcckmeldung und die prozentuale \u00d6ffnung\/Schlie\u00dfung in der eWeLink-App.<\/p>","protected":false},"featured_media":6617,"template":"","meta":{"_acf_changed":false},"product_brand":[117],"product_cat":[95],"product_tag":[],"class_list":{"0":"post-6615","1":"product","2":"type-product","3":"status-publish","4":"has-post-thumbnail","6":"product_brand-smartwise","7":"product_cat-stikala","9":"first","10":"outofstock","11":"sale","12":"taxable","13":"shipping-taxable","14":"purchasable","15":"product-type-simple"},"acf":[],"_links":{"self":[{"href":"https:\/\/iotronx.com\/de\/wp-json\/wp\/v2\/product\/6615","targetHints":{"allow":["GET"]}}],"collection":[{"href":"https:\/\/iotronx.com\/de\/wp-json\/wp\/v2\/product"}],"about":[{"href":"https:\/\/iotronx.com\/de\/wp-json\/wp\/v2\/types\/product"}],"wp:featuredmedia":[{"embeddable":true,"href":"https:\/\/iotronx.com\/de\/wp-json\/wp\/v2\/media\/6617"}],"wp:attachment":[{"href":"https:\/\/iotronx.com\/de\/wp-json\/wp\/v2\/media?parent=6615"}],"wp:term":[{"taxonomy":"product_brand","embeddable":true,"href":"https:\/\/iotronx.com\/de\/wp-json\/wp\/v2\/product_brand?post=6615"},{"taxonomy":"product_cat","embeddable":true,"href":"https:\/\/iotronx.com\/de\/wp-json\/wp\/v2\/product_cat?post=6615"},{"taxonomy":"product_tag","embeddable":true,"href":"https:\/\/iotronx.com\/de\/wp-json\/wp\/v2\/product_tag?post=6615"}],"curies":[{"name":"wp","href":"https:\/\/api.w.org\/{rel}","templated":true}]}}