{"id":6635,"date":"2025-07-13T17:25:41","date_gmt":"2025-07-13T17:25:41","guid":{"rendered":"http:\/\/iotronx.com\/izdelek\/smartwise-t1r3w-r2-3-kanalno\/"},"modified":"2025-12-08T19:58:39","modified_gmt":"2025-12-08T19:58:39","slug":"smartwise-t1r3w-r2-3-kanal","status":"publish","type":"product","link":"https:\/\/iotronx.com\/de\/product\/smartwise-t1r3w-r2-3-kanal\/","title":{"rendered":"SmartWise T1R3W (R2) 3-Kanal"},"content":{"rendered":"<p><strong>Der SmartWise T1R3W ist die neueste Generation des kabellosen 3fach-RF-Touch-Schalters (Funksteuerung), der h\u00e4ufig als kabelloser bidirektionaler Schalter f\u00fcr Sonoff TX- und Sonoff T1-Schalter verwendet wird. Der R2 ist eine neue Version - mit dem gleichen Aussehen wie der Vorg\u00e4nger - aber aufger\u00fcstet mit einem leistungsf\u00e4higeren RF-Chip und zwei CR2032-Batteriesteckpl\u00e4tzen f\u00fcr eine l\u00e4ngere Batterielebensdauer.<\/strong><\/p>\n<p>Die Abmessungen der Glas-Touch-Frontplatte sind die gleichen wie beim zuvor erh\u00e4ltlichen Sonoff T433, das Aussehen ist nahezu identisch.<\/p>\n<p>Er ist kompatibel mit den Sonoff T1 und TX (WiFi + RF) Smart Switches, deren Design gut zueinander passt.<\/p>\n<p>Im Geh\u00e4use des Wandschalters befindet sich eine 433MHz RF (Funk)-Fernbedienung. Das Ger\u00e4t ist nicht f\u00fcr den Standalone-Einsatz geeignet. Verbinden Sie es drahtlos mit Sonoff T1 (1C\/2C) und TX T1, T2, T3 Serie (1C, 2C, 3C) Schaltern \u00fcber ein Funksignal oder ein RF-Gateway wie Sonoff RF Bridge.<\/p>\n<p><strong>Auch kompatibel mit Sonoff RF Relay Switch und Sonoff 4CH Pro Relay Switch, verwenden Sie es f\u00fcr die Fernsteuerung von Relais<\/strong>und das Ein- und Ausschalten von Leuchten oder anderen Ger\u00e4ten, die an RF- oder 4CH Pro-Relais angeschlossen sind. Die SmartWise T1R1\/T1R2\/T1R3 RF-Fernbedienungen werden mit 2 CR2032-Batterien betrieben, die nicht in der Verpackung enthalten sind.<\/p>\n<p>Befestigen Sie ihn mit Schrauben (nicht im Lieferumfang enthalten) oder doppelseitigem Klebeband (im Lieferumfang enthalten) an der Wand. Keine Kabelverbindung erforderlich, Steuerung anderer T1\/TX-Switches \u00fcber Funkfrequenz. Kein Innenteil f\u00fcr die Wandmontage, kein Bedarf an Wandsteckdosen.<\/p>\n<p>&nbsp;<\/p>\n<p>Produktmerkmale:<\/p>\n<ul>\n<li><strong>Ber\u00fchrungsschalter<\/strong> - Glasfront-Touchpanel<\/li>\n<li><strong>Abmessungen nach EU-Normen:<\/strong> 86\u00d786 mm Frontplatte, 13 mm Tiefe<\/li>\n<li><strong>Einfache Installation<\/strong> - Befestigung an der Wand mit Schrauben (nicht mitgeliefert) oder mit doppelseitigem Klebeband (mitgeliefert)<\/li>\n<li><strong>433 MHz<\/strong> Funkfrequenz f\u00fcr die Steuerung von Sonoff T1 und Sonoff TX Schaltern, Sonoff RF (R2) und (R3) Relais, Sonoff 4CH Pro (R2) Relais oder Anschluss an Sonoff RF Bridge Gateway.<\/li>\n<li><strong>Verbinden Sie bis zu 14 Teile<\/strong> RF-Schalter mit T1- oder TX-Schaltern (oder bis zu 1 RF-Fernbedienung pro Sonoff 4CH Pro R2-Relaisschalter, oder mehrere RF-Fernbedienungen pro Sonoff RF-Relaisschalter).<\/li>\n<\/ul>","protected":false},"excerpt":{"rendered":"<p>Die mit den T1- und TX-Schaltern von Sonoff kompatible Fernbedienung mit Glasfront und Touchpanel erm\u00f6glicht das Ein- und Ausschalten anderer T1- und TX-Schalter ohne Verkabelung (\u00fcber Funk).<\/p>","protected":false},"featured_media":6637,"template":"","meta":{"_acf_changed":false},"product_brand":[117],"product_cat":[95],"product_tag":[],"class_list":{"0":"post-6635","1":"product","2":"type-product","3":"status-publish","4":"has-post-thumbnail","6":"product_brand-smartwise","7":"product_cat-stikala","9":"first","10":"outofstock","11":"sale","12":"taxable","13":"shipping-taxable","14":"purchasable","15":"product-type-simple"},"acf":[],"_links":{"self":[{"href":"https:\/\/iotronx.com\/de\/wp-json\/wp\/v2\/product\/6635","targetHints":{"allow":["GET"]}}],"collection":[{"href":"https:\/\/iotronx.com\/de\/wp-json\/wp\/v2\/product"}],"about":[{"href":"https:\/\/iotronx.com\/de\/wp-json\/wp\/v2\/types\/product"}],"wp:featuredmedia":[{"embeddable":true,"href":"https:\/\/iotronx.com\/de\/wp-json\/wp\/v2\/media\/6637"}],"wp:attachment":[{"href":"https:\/\/iotronx.com\/de\/wp-json\/wp\/v2\/media?parent=6635"}],"wp:term":[{"taxonomy":"product_brand","embeddable":true,"href":"https:\/\/iotronx.com\/de\/wp-json\/wp\/v2\/product_brand?post=6635"},{"taxonomy":"product_cat","embeddable":true,"href":"https:\/\/iotronx.com\/de\/wp-json\/wp\/v2\/product_cat?post=6635"},{"taxonomy":"product_tag","embeddable":true,"href":"https:\/\/iotronx.com\/de\/wp-json\/wp\/v2\/product_tag?post=6635"}],"curies":[{"name":"wp","href":"https:\/\/api.w.org\/{rel}","templated":true}]}}