{"id":6704,"date":"2025-07-13T17:25:41","date_gmt":"2025-07-13T17:25:41","guid":{"rendered":"http:\/\/iotronx.com\/izdelek\/izboljsani-brezzicni-senzor-vrat-oken-smartwise-rf-dw2-zdruzljiv-z-ewelink\/"},"modified":"2025-12-08T19:58:41","modified_gmt":"2025-12-08T19:58:41","slug":"smartwise-rf-dw2-verbesserter-sensorloser-fenstertursensor-kompatibel-mit-ewelink","status":"publish","type":"product","link":"https:\/\/iotronx.com\/de\/product\/smartwise-rf-dw2-verbesserter-sensorloser-fenstertursensor-kompatibel-mit-ewelink\/","title":{"rendered":"Erweiterter SmartWise RF DW2+ Funk-T\u00fcr-\/Fenstersensor (eWeLink-kompatibel)"},"content":{"rendered":"<p><strong>SmartWise DW2<\/strong> ist eine verbesserte Version des T\u00fcr-\/Fenstersensors DW1 von Sonoff und ist mit der Palette der intelligenten Ger\u00e4te von Sonoff kompatibel. Er besteht aus zwei Teilen: ein Teil wird an der T\u00fcr\/Fenster befestigt, das andere am Rahmen. Wenn die magnetische Verbindung zwischen den beiden Teilen unterbrochen wird, sendet das Ger\u00e4t ein Alarmsignal.<\/p>\n<p>Anders als der Sonoff DW1 <strong>der Sensor kann eine Aktion in der eWeLink-App erkennen und ausl\u00f6sen, wenn <span style=\"color: #ff0000\">Er\u00f6ffnung<\/span> als auch bei <span style=\"color: #ff0000\">Schlie\u00dfen<\/span> T\u00fcren oder Fenster Beim \u00d6ffnen und Schlie\u00dfen werden unterschiedliche Signale an die RF-Bridge (oder an ein Relais mit RF-Empf\u00e4nger) gesendet, so dass f\u00fcr jede Aktion eine eigene Reaktion definiert werden kann (z. B.: \u00d6ffnen schaltet das Licht ein, Schlie\u00dfen schaltet es aus).<\/strong><\/p>\n<p>Verbindung mit anderen intelligenten Sonoff-Ger\u00e4ten - z. B. Beleuchtung, Relais - <strong>kabellos \u00fcber 433,92 MHz RF-Technologie \u00fcber Sonoff RF Bridge Gateway, ohne Verkabelung<\/strong>. Stromversorgung durch eine 23A 12V Batterie (nicht enthalten).<\/p>\n<p>Die eWeLink-App erm\u00f6glicht es Ihnen, eine Benachrichtigung auf Ihrem iOS\/Android-Smartphone zu erhalten, sobald eine Bewegung erkannt wird (\u00d6ffnen, Schlie\u00dfen), wodurch sie einfach als Alarm genutzt werden kann. Wenn die Benachrichtigungsfunktion aktiviert ist, wird der Alarm nur an das eWeLink-Konto des Besitzers gesendet, nicht an gemeinsame Konten.<\/p>\n<p>Es unterst\u00fctzt die Funktion Smart Scenes, so dass ein erkanntes \u00d6ffnen\/Schlie\u00dfen einer T\u00fcr oder eines Fensters mehrere intelligente Sonoff- und SmartWise-Ger\u00e4te (intelligente Schalter, Relais, intelligente Steckdosen) \u00fcber die eWeLink-App ausl\u00f6sen kann.<\/p>\n<p><strong>Produktmerkmale:<\/strong><\/p>\n<ul>\n<li><span style=\"font-family: verdana, geneva, sans-serif\">Sehr geringe Leistungsaufnahme des Mikroprozessors<\/span><\/li>\n<li><span style=\"font-family: verdana, geneva, sans-serif\">Eingebaute Antenne<\/span><\/li>\n<li><strong>Triggerung beim \u00d6ffnen und Schlie\u00dfen<\/strong><\/li>\n<li><span style=\"font-family: verdana, geneva, sans-serif\">Inklusive doppelseitigem Klebeband f\u00fcr die Montage<\/span><\/li>\n<li><span style=\"font-family: verdana, geneva, sans-serif\">Einfache Installation ohne Verkabelung, einfache Wandmontage<\/span><\/li>\n<li><span style=\"font-family: verdana, geneva, sans-serif\">433MHz RF-\u00dcbertragungsreichweite: bis zu 200 m (offen)<\/span><\/li>\n<li><span style=\"font-family: verdana, geneva, sans-serif\">Drahtlose RF-Frequenz: 433,92 MHz<\/span><\/li>\n<li>Protokoll: EV1527<\/li>\n<li><span style=\"font-family: verdana, geneva, sans-serif\">Betriebstemperatur: Innenraumnutzung<\/span><\/li>\n<li><span style=\"font-family: verdana, geneva, sans-serif\">Stromversorgung: 1x 23A Batterie (nicht enthalten)<\/span><\/li>\n<\/ul>","protected":false},"excerpt":{"rendered":"<p>SmartWise DW2 ist eine verbesserte Version des Sonoff T\u00fcr-\/Fenstersensors, die mit der Smarthome-Produktlinie von Sonoff kompatibel ist. Er erkennt und l\u00f6st das \u00d6ffnen und Schlie\u00dfen von Fenstern aus und sendet verschiedene Arten von Alarmen an die RF-Bridge oder einen angeschlossenen RF-f\u00e4higen Smart-Relais-Schalter.<\/p>","protected":false},"featured_media":6706,"template":"","meta":{"_acf_changed":false},"product_brand":[117],"product_cat":[95],"product_tag":[],"class_list":{"0":"post-6704","1":"product","2":"type-product","3":"status-publish","4":"has-post-thumbnail","6":"product_brand-smartwise","7":"product_cat-stikala","9":"first","10":"outofstock","11":"sale","12":"taxable","13":"shipping-taxable","14":"purchasable","15":"product-type-simple"},"acf":[],"_links":{"self":[{"href":"https:\/\/iotronx.com\/de\/wp-json\/wp\/v2\/product\/6704","targetHints":{"allow":["GET"]}}],"collection":[{"href":"https:\/\/iotronx.com\/de\/wp-json\/wp\/v2\/product"}],"about":[{"href":"https:\/\/iotronx.com\/de\/wp-json\/wp\/v2\/types\/product"}],"wp:featuredmedia":[{"embeddable":true,"href":"https:\/\/iotronx.com\/de\/wp-json\/wp\/v2\/media\/6706"}],"wp:attachment":[{"href":"https:\/\/iotronx.com\/de\/wp-json\/wp\/v2\/media?parent=6704"}],"wp:term":[{"taxonomy":"product_brand","embeddable":true,"href":"https:\/\/iotronx.com\/de\/wp-json\/wp\/v2\/product_brand?post=6704"},{"taxonomy":"product_cat","embeddable":true,"href":"https:\/\/iotronx.com\/de\/wp-json\/wp\/v2\/product_cat?post=6704"},{"taxonomy":"product_tag","embeddable":true,"href":"https:\/\/iotronx.com\/de\/wp-json\/wp\/v2\/product_tag?post=6704"}],"curies":[{"name":"wp","href":"https:\/\/api.w.org\/{rel}","templated":true}]}}