{"id":6711,"date":"2025-07-13T17:26:29","date_gmt":"2025-07-13T17:26:29","guid":{"rendered":"http:\/\/iotronx.com\/izdelek\/smartwise-dw4-zb-senzor-vrat-oken-zigbee\/"},"modified":"2025-12-08T19:58:35","modified_gmt":"2025-12-08T19:58:35","slug":"smartwise-dw4-zb-zigbee-fenster-tur-sensor","status":"publish","type":"product","link":"https:\/\/iotronx.com\/de\/product\/smartwise-dw4-zb-zigbee-fenster-tur-sensor\/","title":{"rendered":"SmartWise DW4-ZB Zigbee T\u00fcr-\/Fenstersensor"},"content":{"rendered":"<p style=\"text-align: justify\">SmartWise DW4-ZB ist <strong>Zigbee-Sensor f\u00fcr T\u00fcr- und Fensterstatus<\/strong>ist ein kleines, intelligentes, drahtloses Ger\u00e4t, das an ein Zigbee-Gateway angeschlossen wird, um mit einer intelligenten Cloud oder einem lokalen Hub zu kommunizieren. Es ist sowohl mit eWeLink Zigbee Gateways als auch mit Tuya Zigbee Gateways kompatibel.<\/p>\n<p style=\"text-align: justify\">Aufgrund seiner sehr geringen Gr\u00f6\u00dfe kann der Sensor nahezu unauff\u00e4llig an T\u00fcren oder Fenstern angebracht werden.<\/p>\n<p style=\"text-align: justify\">Es kommuniziert mit der eWeLink-Cloud \u00fcber die Sonoff Zigbee Bridge Pro und arbeitet auch mit dem Tuya-System \u00fcber das Tuya\/SmartLife Zigbee-Gateway.<\/p>\n<p style=\"text-align: justify\"><\/p>\n<blockquote><p><strong>Was ist das Zigbee-Protokoll?<\/strong><\/p>\n<p><\/p>\n<p style=\"text-align: justify\">Die meisten Ger\u00e4te verwenden Wi-Fi und RF als Kommunikationsprotokoll, die nicht speziell f\u00fcr IoT-Standards ausgelegt sind.<\/p>\n<p style=\"text-align: justify\"><strong>Zigbee<\/strong> ist die ideale Kommunikationsl\u00f6sung speziell f\u00fcr <strong>f\u00fcr Niedrigenergieanlagen<\/strong>wenn keine gro\u00dfe Datenmenge \u00fcbertragen werden muss, es aber wichtig ist, die \u00dcbertragungslatenz so gering wie m\u00f6glich zu halten. Zigbee ist eine gute Wahl f\u00fcr batteriebetriebene Sensoren oder Fernbedienungen, da Zigbee im Vergleich zu Wi-Fi eine um ein Vielfaches l\u00e4ngere Batterielebensdauer bietet. Zigbee-Sensoren k\u00f6nnen nicht eigenst\u00e4ndig verwendet werden, sondern ben\u00f6tigen ein Zigbee-Gateway, um sie mit Ihrem Heim- oder B\u00fcronetzwerk zu verbinden.<\/p>\n<\/blockquote>\n<p style=\"text-align: justify\"><\/p>\n<p style=\"text-align: justify\">Aufgrund der Beschaffenheit der Zigbee-Technologie ist die Verbindung mit einem einzelnen Zigbee-Ger\u00e4t sehr schnell und einfach, wesentlich schneller als Wi-Fi.<\/p>\n<p><strong>Der Sensor verf\u00fcgt auch \u00fcber einen Entfernungsdetektor, der einen Alarm senden kann (nur mit Tuya Zigbee-Gateway), wenn die Hauptsensoreinheit von ihrem Platz entfernt wird.<\/strong><\/p>\n<p><strong><br \/><\/strong><\/p>\n<p><strong>Produktmerkmale:<\/strong><\/p>\n<ul>\n<li>Protokoll: Zigbee<\/li>\n<li>Kompatibel mit eWeLink und Tuya Zigbee Gateways<\/li>\n<li>Stromversorgung \u00fcber eine CR2032-Knopfbatterie, inklusive<\/li>\n<li>Betriebstemperatur: -10\u00b0C bis 55\u00b0C<\/li>\n<li>Luftfeuchtigkeit bei Betrieb: 5% bis 95% RH<\/li>\n<li>Sensorgr\u00f6\u00dfe: 5,26 cm x 2,65 cm x 1,38 cm<\/li>\n<li>Gr\u00f6\u00dfe der Linse (Magnet): 2,55 cm x 1,25 cm x 1,3 cm<\/li>\n<li>\u00d6ffnungserkennungsbereich: 23 +\/- 5 mm<\/li>\n<li>Montage: mit 3M-Klebeband (mitgeliefert)<\/li>\n<\/ul>\n<p><\/p>","protected":false},"excerpt":{"rendered":"<p>Der SmartWise DW4-ZB ist ein batteriebetriebener Zigbee-T\u00fcr-\/Fenster-Status-Sensor, der mit eWeLink Zigbee-Gateways und Tuya Zigbee-Gateways kompatibel ist. Der Zungensensor wird durch das \u00d6ffnen und Schlie\u00dfen einer T\u00fcr oder eines Fensters ausgel\u00f6st und sendet Alarme oder l\u00f6st Automatisierungen aus.<\/p>","protected":false},"featured_media":6713,"template":"","meta":{"_acf_changed":false},"product_brand":[117],"product_cat":[92],"product_tag":[],"class_list":{"0":"post-6711","1":"product","2":"type-product","3":"status-publish","4":"has-post-thumbnail","6":"product_brand-smartwise","7":"product_cat-varnost-in-nadzor","9":"first","10":"outofstock","11":"sale","12":"taxable","13":"shipping-taxable","14":"purchasable","15":"product-type-simple"},"acf":[],"_links":{"self":[{"href":"https:\/\/iotronx.com\/de\/wp-json\/wp\/v2\/product\/6711","targetHints":{"allow":["GET"]}}],"collection":[{"href":"https:\/\/iotronx.com\/de\/wp-json\/wp\/v2\/product"}],"about":[{"href":"https:\/\/iotronx.com\/de\/wp-json\/wp\/v2\/types\/product"}],"wp:featuredmedia":[{"embeddable":true,"href":"https:\/\/iotronx.com\/de\/wp-json\/wp\/v2\/media\/6713"}],"wp:attachment":[{"href":"https:\/\/iotronx.com\/de\/wp-json\/wp\/v2\/media?parent=6711"}],"wp:term":[{"taxonomy":"product_brand","embeddable":true,"href":"https:\/\/iotronx.com\/de\/wp-json\/wp\/v2\/product_brand?post=6711"},{"taxonomy":"product_cat","embeddable":true,"href":"https:\/\/iotronx.com\/de\/wp-json\/wp\/v2\/product_cat?post=6711"},{"taxonomy":"product_tag","embeddable":true,"href":"https:\/\/iotronx.com\/de\/wp-json\/wp\/v2\/product_tag?post=6711"}],"curies":[{"name":"wp","href":"https:\/\/api.w.org\/{rel}","templated":true}]}}