{"id":6741,"date":"2025-07-13T17:26:29","date_gmt":"2025-07-13T17:26:29","guid":{"rendered":"http:\/\/iotronx.com\/izdelek\/rf-senzor-poplav-smartwise-zdruzljiv-z-ewelink\/"},"modified":"2025-12-08T19:58:33","modified_gmt":"2025-12-08T19:58:33","slug":"rf-smartwise-flutsensor-kompatibel-mit-ewelink","status":"publish","type":"product","link":"https:\/\/iotronx.com\/de\/product\/rf-smartwise-flutsensor-kompatibel-mit-ewelink\/","title":{"rendered":"SmartWise RF-Flutsensor (eWeLink-kompatibel)"},"content":{"rendered":"<p>Der SmartWise Flood Sensor ist mit den Smart Home-Ger\u00e4ten von Sonoff kompatibel. Bringen Sie ihn \u00fcberall dort an, wo die Gefahr eines Wasseraustritts besteht (z. B. am Wasserhahn oder in der Badewanne), und lassen Sie sich bei einem Problem benachrichtigen.<\/p>\n<p><strong>Kabellose Verbindung mit anderen intelligenten Sonoff-Ger\u00e4ten<\/strong> - z.B. mit einem Relais oder Schalter (ferngesteuerte Lichter oder Sirenen) - <strong>\u00fcber 433,92 MHz RF (Funktechnologie) und Sonoff RF Bridge, ohne die Notwendigkeit von Kabeln<\/strong>. Die Stromversorgung erfolgt \u00fcber eine 23A-12V-Batterie, die laut Herstellerangaben bis zu 2 Jahre h\u00e4lt; die Batterie ist im Lieferumfang enthalten.<\/p>\n<p>Stellen Sie im Falle eines Wasserlecks die Alarmfunktion in der eWeLink-App auf Ihrem Smartphone ein, damit Sie den Sensor als einfaches Alarmger\u00e4t verwenden k\u00f6nnen. Wenn die Alarmfunktion aktiviert ist, erh\u00e4lt nur der Besitzer des Sonoff RF Bridge-Ger\u00e4ts den Alarm und der Alarm wird nicht an andere eWeLink-Ger\u00e4tebesitzer, Konten oder Smartphones gesendet, selbst wenn die Freigabefunktion aktiviert ist.<\/p>\n<p>Dank der SmartScene-Funktion und \u00fcber die eWeLink-App kann es gleichzeitig mit anderen Sonoff-Ger\u00e4ten (Lichtschalter, Relais, intelligente Steckdosen) verbunden und gesteuert werden, wenn ein Wasserleck erkannt wird.<\/p>\n<p>&nbsp;<\/p>\n<p><strong>Produktmerkmale:<\/strong><\/p>\n<ul>\n<li><span style=\"font-family: verdana, geneva, sans-serif\"><strong>\u00c4u\u00dferst geringer Verbrauch<\/strong>funktioniert bis zu 2 Jahre mit einer Batterie<\/span><\/li>\n<li><span style=\"font-family: verdana, geneva, sans-serif\">Eingebaute ausziehbare Antenne<\/span><\/li>\n<li><span style=\"font-family: verdana, geneva, sans-serif\">2 St\u00fcck doppelseitiges Klebeband werden mitgeliefert, um das Ger\u00e4t \u00fcberall zu befestigen<\/span><\/li>\n<li><span style=\"font-family: verdana, geneva, sans-serif\">Einfache Installation ohne Verkabelung, kann sofort an jeder Seitenwand montiert werden<\/span><\/li>\n<li><span style=\"font-family: verdana, geneva, sans-serif\">Drahtlose RF-Frequenz: 433,92 MHz<\/span><\/li>\n<li><span style=\"font-family: verdana, geneva, sans-serif\">Betriebstemperatur: Innenbereich, das Geh\u00e4use ist nicht wasserdicht!<\/span><\/li>\n<li><span style=\"font-family: verdana, geneva, sans-serif\">Stromversorgung: 1 Batterie Typ 23A<\/span><\/li>\n<\/ul>\n<p>&nbsp;<\/p>","protected":false},"excerpt":{"rendered":"<p>Der SmartWise Flood Sensor ist mit den Smart Home-Ger\u00e4ten von Sonoff kompatibel. Installieren Sie ihn an jeder Stelle, an der Wasser austreten kann (z. B. Wasserhahn, Badewanne), und lassen Sie sich im Falle eines Problems benachrichtigen.<\/p>","protected":false},"featured_media":6743,"template":"","meta":{"_acf_changed":false},"product_brand":[117],"product_cat":[95],"product_tag":[],"class_list":{"0":"post-6741","1":"product","2":"type-product","3":"status-publish","4":"has-post-thumbnail","6":"product_brand-smartwise","7":"product_cat-stikala","9":"first","10":"outofstock","11":"sale","12":"taxable","13":"shipping-taxable","14":"purchasable","15":"product-type-simple"},"acf":[],"_links":{"self":[{"href":"https:\/\/iotronx.com\/de\/wp-json\/wp\/v2\/product\/6741","targetHints":{"allow":["GET"]}}],"collection":[{"href":"https:\/\/iotronx.com\/de\/wp-json\/wp\/v2\/product"}],"about":[{"href":"https:\/\/iotronx.com\/de\/wp-json\/wp\/v2\/types\/product"}],"wp:featuredmedia":[{"embeddable":true,"href":"https:\/\/iotronx.com\/de\/wp-json\/wp\/v2\/media\/6743"}],"wp:attachment":[{"href":"https:\/\/iotronx.com\/de\/wp-json\/wp\/v2\/media?parent=6741"}],"wp:term":[{"taxonomy":"product_brand","embeddable":true,"href":"https:\/\/iotronx.com\/de\/wp-json\/wp\/v2\/product_brand?post=6741"},{"taxonomy":"product_cat","embeddable":true,"href":"https:\/\/iotronx.com\/de\/wp-json\/wp\/v2\/product_cat?post=6741"},{"taxonomy":"product_tag","embeddable":true,"href":"https:\/\/iotronx.com\/de\/wp-json\/wp\/v2\/product_tag?post=6741"}],"curies":[{"name":"wp","href":"https:\/\/api.w.org\/{rel}","templated":true}]}}