{"id":6745,"date":"2025-07-13T17:26:29","date_gmt":"2025-07-13T17:26:29","guid":{"rendered":"http:\/\/iotronx.com\/izdelek\/smartwise-ewelink-senzor-poplav-zigbee-3-0\/"},"modified":"2025-12-08T19:58:33","modified_gmt":"2025-12-08T19:58:33","slug":"smartwise-ewelink-zigbee-3-0-flutsensor","status":"publish","type":"product","link":"https:\/\/iotronx.com\/de\/product\/smartwise-ewelink-zigbee-3-0-flutsensor\/","title":{"rendered":"SmartWise eWeLink Zigbee 3.0 Hochwassersensor"},"content":{"rendered":"<p>Der SmartWise Zigbee Water Spill\/Flood Sensor ist ein kleiner Sensor mit einem eWeLink Zigbee 3.0 Chip. Er ist mit eWeLink Zigbee-Gateways kompatibel.<\/p>\n<p> Bei Verwendung mit der Sonoff Zigbee Bridge Pro, der Sonoff Zigbee Bridge Ultra oder der SmartWise Zigbee Bridge Pro (mit Ethernet-Unterst\u00fctzung) k\u00f6nnen auch Wi-Fi-basierte Sonoff- und andere eWeLink-Ger\u00e4te \u00fcber die eWeLink-Cloud ausgel\u00f6st werden, wenn ein Wasseraustritt oder eine \u00dcberschwemmung festgestellt wird.<\/p>\n<p> Zigbee unterst\u00fctzt die Mesh-Topologie, so dass die Zigbee-Reichweite mit Plug-in-Zigbee-Ger\u00e4ten wie Sonoff Zigbee Mini oder SmartWise Zigbee-Relais oder Zigbee-Wandschaltern, die als Zigbee-Router fungieren, erweitert werden kann.<\/p>\n<p> Einfache Verbindung mit der Sonoff Zigbee Bridge oder anderen kompatiblen Zigbee-Gateways per Knopfdruck.<\/p>\n<p><\/p>\n<p>Produktmerkmale:<\/p>\n<ul>\n<li>Die Erkennung von Wassereinbr\u00fcchen und \u00dcberschwemmungen ist \u00fcber die eWeLink-App aus der Ferne m\u00f6glich.<\/li>\n<li>Kompatibel mit eWeLink Zigbee-Gateways<\/li>\n<li>Funktioniert mit anderen von der ZigBee Alliance zertifizierten intelligenten Ger\u00e4ten.<\/li>\n<li>Installation: Befestigen Sie das Zigbee-Modul mit doppelseitigem Klebeband an der Wand und platzieren Sie den Sensor (am Ende des Kabels) an der gew\u00fcnschten Erfassungsstelle.<\/li>\n<li>Stromversorgung durch 2 AAA-Batterien (nicht enthalten).<\/li>\n<li>Wasserdicht: IP66<\/li>\n<li>Betriebstemperatur: -10 - 55 \u00b0C<\/li>\n<li>Luftfeuchtigkeit bei Betrieb: 20 % RH - 80 % RH<\/li>\n<li>Batterie: 1 CR2032-Batterie<\/li>\n<\/ul>","protected":false},"excerpt":{"rendered":"<p>Dieser SmartWise Zigbee-Wasserleck-\/Hochwassersensor verwendet das drahtlose Smart Home Zigbee 3.0-Protokoll (mit eWeLink Zigbee-Chip), um sich mit Ihrem eWeLink Zigbee-Hub zu verbinden und erm\u00f6glicht Ihnen, Zigbee-basierte Automatisierungen zu erstellen. Er muss sich mit dem eWeLink Zigbee-Gateway verbinden, um Hausautomationen auszul\u00f6sen.<\/p>","protected":false},"featured_media":6747,"template":"","meta":{"_acf_changed":false},"product_brand":[117],"product_cat":[94],"product_tag":[],"class_list":{"0":"post-6745","1":"product","2":"type-product","3":"status-publish","4":"has-post-thumbnail","6":"product_brand-smartwise","7":"product_cat-vticnice","9":"first","10":"outofstock","11":"sale","12":"taxable","13":"shipping-taxable","14":"purchasable","15":"product-type-simple"},"acf":[],"_links":{"self":[{"href":"https:\/\/iotronx.com\/de\/wp-json\/wp\/v2\/product\/6745","targetHints":{"allow":["GET"]}}],"collection":[{"href":"https:\/\/iotronx.com\/de\/wp-json\/wp\/v2\/product"}],"about":[{"href":"https:\/\/iotronx.com\/de\/wp-json\/wp\/v2\/types\/product"}],"wp:featuredmedia":[{"embeddable":true,"href":"https:\/\/iotronx.com\/de\/wp-json\/wp\/v2\/media\/6747"}],"wp:attachment":[{"href":"https:\/\/iotronx.com\/de\/wp-json\/wp\/v2\/media?parent=6745"}],"wp:term":[{"taxonomy":"product_brand","embeddable":true,"href":"https:\/\/iotronx.com\/de\/wp-json\/wp\/v2\/product_brand?post=6745"},{"taxonomy":"product_cat","embeddable":true,"href":"https:\/\/iotronx.com\/de\/wp-json\/wp\/v2\/product_cat?post=6745"},{"taxonomy":"product_tag","embeddable":true,"href":"https:\/\/iotronx.com\/de\/wp-json\/wp\/v2\/product_tag?post=6745"}],"curies":[{"name":"wp","href":"https:\/\/api.w.org\/{rel}","templated":true}]}}