{"id":6751,"date":"2025-07-13T17:26:29","date_gmt":"2025-07-13T17:26:29","guid":{"rendered":"http:\/\/iotronx.com\/izdelek\/smartwise-602pm-r2-zdruzljiv-z-aplikacijo-ewelink-pametni-vtic-wi-fi-z-merilnikom-porabe-in-zascito-pred-preobremenitvijo-16-a\/"},"modified":"2025-12-08T19:58:33","modified_gmt":"2025-12-08T19:58:33","slug":"smartwise-602pm-r2-app-kompatibel-smart-vtic-wi-fi-mit-leistungsmesser-und-uberlastschutz-16-a","status":"publish","type":"product","link":"https:\/\/iotronx.com\/de\/product\/smartwise-602pm-r2-app-kompatibel-smart-vtic-wi-fi-mit-leistungsmesser-und-uberlastschutz-16-a\/","title":{"rendered":"SmartWise 602PM-R2 (kompatibel mit eWeLink App) Wi-Fi Smart Plug mit Stromz\u00e4hler und \u00dcberlastschutz (16 A)"},"content":{"rendered":"<p style=\"text-align: justify\">Die SmartWise 602PM-R2 Smart Socket - \u00e4hnlich wie die Sonoff S26 (R2) - ist eine eWeLink-kompatible Wi-Fi Smart Socket mit einer maximalen Belastung von 16 A, so dass Sie sie f\u00fcr leistungsst\u00e4rkere Elektroger\u00e4te (z. B. Elektroheizung, B\u00fcgeleisen oder Waschmaschine) verwenden k\u00f6nnen.<\/p>\n<p style=\"text-align: justify\">Ta naprava Plug&#038;Play omogo\u010da hitro namestitev s seznanitvijo prek Bluetootha in slu\u017ei kot nadgradnja obi\u010dajne stenske vti\u010dnice v pametno vti\u010dnico, ki jo lahko upravljate na daljavo prek aplikacije eWeLink. Sinhronizira vklop\/izklop stanje z aplikacijo, omogo\u010da enkratno ali ponavljajo\u010de urnike vklopa\/izklopa, \u010dasovno upravljanje, zanko, nastavitev stanja po izpadu elektrike (VKLOP \/ IZKLOP \/ ZADNJE STANJE), pa tudi funkciji samodejnega vklopa in izklopa (inching).<\/p>\n<p style=\"text-align: justify\"><\/p>\n<p style=\"text-align: justify\">SmartWise 602PM-R2 hat au\u00dferdem <strong>eingebaute Stromz\u00e4hlerfunktion<\/strong>So k\u00f6nnen Sie den Stromverbrauch und die Kosten der einzelnen Haushaltsger\u00e4te \u00fcberwachen. In der eWeLink-App k\u00f6nnen Sie historische Daten in einem Diagramm \u00fcberpr\u00fcfen oder Verbrauchsstatistiken im CSV-Format herunterladen. Es gibt auch eine Funktion zur Messung des Verbrauchs vom manuellen Start bis zum manuellen Ende.<\/p>\n<p style=\"text-align: justify\">Das Ger\u00e4t enth\u00e4lt au\u00dferdem <strong>OPS-Funktionen (\u00dcberlastungsschutz)<\/strong>Das bedeutet, dass Sie die maximale Leistung, Spannung und Stromst\u00e4rke als Ausl\u00f6ser f\u00fcr die automatische Abschaltung zum Schutz elektrischer Ger\u00e4te einstellen k\u00f6nnen.<\/p>\n<p style=\"text-align: justify\"><\/p>\n<p style=\"text-align: justify\">Die Steckdose verf\u00fcgt auch \u00fcber eine physische Taste zum manuellen Ein- und Ausschalten. <\/p>\n<p style=\"text-align: justify\">Der Fernzugriff kann auch mit anderen geteilt werden, z. B. mit Familienmitgliedern. Es ist die ideale L\u00f6sung f\u00fcr die intelligente Steuerung von Haushaltsger\u00e4ten und Lampen. Sie erm\u00f6glicht die bequeme Fernsteuerung von Ger\u00e4ten, bevor Sie nach Hause kommen, und das geplante Ausschalten, um Energie und Kosten zu sparen.<\/p>\n<p><\/p>\n<p><strong><span style=\"letter-spacing: 0.01071em;font-size: 0.875rem\">Produktmerkmale:<\/span><\/strong><\/p>\n<ul>\n<li><strong>EU-Version<\/strong> - entspricht den EU-Normen und ist CE-zertifiziert.<\/li>\n<li><strong>Statusanzeige in Echtzeit<\/strong> - zeigt den aktuellen ON\/OFF-Status der Steckdose an<\/li>\n<li><strong>Messung des Verbrauchs<\/strong> - Anzeige des aktuellen Verbrauchs in der App und der historischen Daten in Diagrammen<\/li>\n<li><strong>START-STOP-Verbrauchsmessung<\/strong> - Messung des Verbrauchs vom manuellen Start bis zum manuellen Ende<\/li>\n<li><strong>\u00dcberlastungsschutz (OPS)<\/strong> - die maximale Leistung, Spannung und Stromst\u00e4rke als Ausl\u00f6ser f\u00fcr das Ausschalten festlegen<\/li>\n<li><strong>Fernsteuerung ein\/aus<\/strong> - Jederzeit und \u00fcberall<\/li>\n<li><strong>eWeLink mobile Anwendung<\/strong> - Kostenlose iOS- und Android-App<\/li>\n<li><strong>\u00dcberwachung der Situation<\/strong> - \u00dcberwachung des Steckdosenstatus (ein\/aus) in der App<\/li>\n<li><strong>Zeitmanagement<\/strong> - verschiedene Zeitplanfunktionen: einmalig oder w\u00f6chentlich ein\/aus, Countdown-Timer, Schleife<\/li>\n<li><strong>Gemeinsame Verwendung von Kontrollen<\/strong> - das Ger\u00e4t gemeinsam mit Familienmitgliedern steuern<\/li>\n<li><strong>Leitung der Gruppe<\/strong> - mehrere \u00e4hnliche Ger\u00e4te zusammenfassen und gleichzeitig steuern<\/li>\n<li><strong>Clevere Szenen<\/strong> - Ausl\u00f6sung durch Temperatur-, Feuchtigkeits-, Bewegungs- oder andere Sensoren (separat erh\u00e4ltlich)<\/li>\n<li><strong>Kompatibilit\u00e4t<\/strong> - funktioniert perfekt mit Amazon Alexa, Google Assistant, IFTTT und Google Nest<\/li>\n<\/ul>","protected":false},"excerpt":{"rendered":"<p>Es handelt sich um einen Wi-Fi Smart Plug, der mit der beliebten eWeLink-App kompatibel ist und wie der S26 Smart Plug von Sonoff eine maximale Ausgangsleistung von 16 A hat. eWeLink kann mit der eWeLink-Smartphone-App aus der Ferne gesteuert werden und unterst\u00fctzt zeitgesteuertes Ein- und Ausschalten, Timer- und Schleifenfunktionen sowie Inching (automatisches Ein- und Ausschalten).<\/p>","protected":false},"featured_media":6753,"template":"","meta":{"_acf_changed":false},"product_brand":[117],"product_cat":[94],"product_tag":[],"class_list":{"0":"post-6751","1":"product","2":"type-product","3":"status-publish","4":"has-post-thumbnail","6":"product_brand-smartwise","7":"product_cat-vticnice","9":"first","10":"outofstock","11":"sale","12":"taxable","13":"shipping-taxable","14":"purchasable","15":"product-type-simple"},"acf":[],"_links":{"self":[{"href":"https:\/\/iotronx.com\/de\/wp-json\/wp\/v2\/product\/6751","targetHints":{"allow":["GET"]}}],"collection":[{"href":"https:\/\/iotronx.com\/de\/wp-json\/wp\/v2\/product"}],"about":[{"href":"https:\/\/iotronx.com\/de\/wp-json\/wp\/v2\/types\/product"}],"wp:featuredmedia":[{"embeddable":true,"href":"https:\/\/iotronx.com\/de\/wp-json\/wp\/v2\/media\/6753"}],"wp:attachment":[{"href":"https:\/\/iotronx.com\/de\/wp-json\/wp\/v2\/media?parent=6751"}],"wp:term":[{"taxonomy":"product_brand","embeddable":true,"href":"https:\/\/iotronx.com\/de\/wp-json\/wp\/v2\/product_brand?post=6751"},{"taxonomy":"product_cat","embeddable":true,"href":"https:\/\/iotronx.com\/de\/wp-json\/wp\/v2\/product_cat?post=6751"},{"taxonomy":"product_tag","embeddable":true,"href":"https:\/\/iotronx.com\/de\/wp-json\/wp\/v2\/product_tag?post=6751"}],"curies":[{"name":"wp","href":"https:\/\/api.w.org\/{rel}","templated":true}]}}