{"id":6757,"date":"2025-07-13T17:26:29","date_gmt":"2025-07-13T17:26:29","guid":{"rendered":"http:\/\/iotronx.com\/izdelek\/smartwise-beli-stekleni-trojni-okvir\/"},"modified":"2025-12-08T19:58:34","modified_gmt":"2025-12-08T19:58:34","slug":"smartwise-weisglas-dreifachrahmen","status":"publish","type":"product","link":"https:\/\/iotronx.com\/de\/product\/smartwise-weisglas-dreifachrahmen\/","title":{"rendered":"SmartWise Wei\u00dfglas-Dreifachrahmen"},"content":{"rendered":"<p>Dieser Dreifachrahmen ist mit der SmartWise S1W Steckdose kompatibel und erm\u00f6glicht die Installation von drei Steckdosen nebeneinander. Der Rahmen hat eine wei\u00dfe Glasfront, die der der S1W Single-WiFi-Smart-Steckdose entspricht, und \u00e4hnelt im Stil den Smart Switches von Sonoff und SmartWise.<\/p>","protected":false},"excerpt":{"rendered":"<p>Dieser Dreifach-Rahmen ist mit der SmartWise S1W Smart-Steckdose kompatibel und erm\u00f6glicht die Installation von drei Steckdosen nebeneinander. Der Rahmen hat eine wei\u00dfe Glasfront, wie die einzelne S1W WiFi Smart Socket, die im Stil den Sonoff und SmartWise Smart Switches \u00e4hnelt.<\/p>","protected":false},"featured_media":6759,"template":"","meta":{"_acf_changed":false},"product_brand":[117],"product_cat":[95],"product_tag":[],"class_list":{"0":"post-6757","1":"product","2":"type-product","3":"status-publish","4":"has-post-thumbnail","6":"product_brand-smartwise","7":"product_cat-stikala","9":"first","10":"outofstock","11":"sale","12":"taxable","13":"shipping-taxable","14":"purchasable","15":"product-type-simple"},"acf":[],"_links":{"self":[{"href":"https:\/\/iotronx.com\/de\/wp-json\/wp\/v2\/product\/6757","targetHints":{"allow":["GET"]}}],"collection":[{"href":"https:\/\/iotronx.com\/de\/wp-json\/wp\/v2\/product"}],"about":[{"href":"https:\/\/iotronx.com\/de\/wp-json\/wp\/v2\/types\/product"}],"wp:featuredmedia":[{"embeddable":true,"href":"https:\/\/iotronx.com\/de\/wp-json\/wp\/v2\/media\/6759"}],"wp:attachment":[{"href":"https:\/\/iotronx.com\/de\/wp-json\/wp\/v2\/media?parent=6757"}],"wp:term":[{"taxonomy":"product_brand","embeddable":true,"href":"https:\/\/iotronx.com\/de\/wp-json\/wp\/v2\/product_brand?post=6757"},{"taxonomy":"product_cat","embeddable":true,"href":"https:\/\/iotronx.com\/de\/wp-json\/wp\/v2\/product_cat?post=6757"},{"taxonomy":"product_tag","embeddable":true,"href":"https:\/\/iotronx.com\/de\/wp-json\/wp\/v2\/product_tag?post=6757"}],"curies":[{"name":"wp","href":"https:\/\/api.w.org\/{rel}","templated":true}]}}