{"id":6781,"date":"2025-07-13T17:26:29","date_gmt":"2025-07-13T17:26:29","guid":{"rendered":"http:\/\/iotronx.com\/izdelek\/smartwise-5v-32v-wi-fi-bluetooth-1-gang-pametno-relejno-stikalo\/"},"modified":"2025-12-08T19:58:36","modified_gmt":"2025-12-08T19:58:36","slug":"smartwise-5v-32v-wi-fi-bluetooth-1-gang-smart-relay-schalter","status":"publish","type":"product","link":"https:\/\/iotronx.com\/de\/product\/smartwise-5v-32v-wi-fi-bluetooth-1-gang-smart-relay-schalter\/","title":{"rendered":"SmartWise 5V-32V Wi-Fi + Bluetooth 1fach intelligenter Relaisschalter"},"content":{"rendered":"<p><strong>Dies ist ein SmartWise-Relaisschalter mit einem Kanal, der mit Sonoff kompatibel ist. Die ideale L\u00f6sung f\u00fcr die Fernsteuerung von motorisierten T\u00fcren, Garagentoren, Bew\u00e4sserungssystemen oder anderen elektrischen Ger\u00e4ten\/Anschl\u00fcssen.<\/strong> Dieses intelligente Ger\u00e4t ist mit der mobilen App eWeLink kompatibel, die auch andere Sonoff-Ger\u00e4te verwaltet. Mit dem intelligenten Relais mit Wi-Fi-Verbindung k\u00f6nnen Sie Stromkreise einschalten oder unterbrechen und an das Relais angeschlossene Ger\u00e4te ein- und ausschalten.<\/p>\n<p><strong>Diese neue Version verf\u00fcgt zus\u00e4tzlich zu Wi-Fi \u00fcber einen integrierten Bluetooth-Chip, der die Steuerung \u00fcber SmartWise eWeLink-Remote (Bluetooth) Fernbedienungen und drahtlose Schalter erm\u00f6glicht.<\/strong><br \/>Hinweis: nicht kompatibel mit Sonoff R5 Schaltern und S-Mate2 eWeLink-Remote Ger\u00e4ten.<\/p>\n<p>Das intelligente Wi-Fi-Relais ben\u00f6tigt eine 5V-Spannungsversorgung \u00fcber USB oder 7V-32V AC oder 7V-32V DC. Alle Schaltkreise arbeiten unabh\u00e4ngig von der Stromversorgung des Relais, so dass das Relais 90-250V\/10A AC \u00fcber den COM-Eingang oder 0-30V\/10A DC unterst\u00fctzt, sowohl im NO- als auch im NC-Modus. Das Ger\u00e4t unterst\u00fctzt Trockenkontakt und Nasskontakt.<\/p>\n<p>Das Smart Relay kann \u00fcber das Internet und die eWeLink Mobile App f\u00fcr iOS und Android ferngesteuert werden, wo Sie Ein\/Aus-Zeitpl\u00e4ne, Gruppensteuerung und intelligente Szenen (Automatisierungen) einstellen k\u00f6nnen. Sie k\u00f6nnen die Steuerung auch mit Ihrer Familie oder anderen Personen teilen.<\/p>\n<p><strong>Unterst\u00fctzt den Momentanmodus (Tippen), bei dem ein Kontakt f\u00fcr eine bestimmte Zeit (z. B. 1 Sekunde) geschlossen oder ge\u00f6ffnet wird.<\/strong><\/p>\n<p><strong>Ideal f\u00fcr die Fernsteuerung von elektrischen T\u00fcren, Garagentoren, Computernetzteilen, Bew\u00e4sserungsventilen oder anderen elektrischen AC\/DC-Ger\u00e4ten.<\/strong><\/p>\n<p><strong>Produktmerkmale:<\/strong><\/p>\n<ul>\n<li><strong>Fernbedienung ein\/aus<\/strong> - Sie k\u00f6nnen Ihre Ger\u00e4te aus der Ferne steuern, \u00fcberall und jederzeit.<\/li>\n<li><strong>Stromversorgung f\u00fcr das Relais:<\/strong> 5V DC \u00fcber USB oder 7V-32V AC \/ 7V-32V DC<\/li>\n<li><strong>Anzahl der Kan\u00e4le:<\/strong> 1<\/li>\n<li><strong>Kontakt zum Stromkreis:<\/strong> spannungsfreier Kontakt oder mit Spannungskontakt: 90-250V\/10A AC oder 0-30V\/10A DC<\/li>\n<li><strong>Mobile App:<\/strong> Kostenlose eWeLink-App f\u00fcr iOS und Android<\/li>\n<li><strong>Lokale Verwaltung mit eWeLink-Remote<\/strong> - kompatibel mit SmartWise Bluetooth-Fernbedienungen und drahtlosen Schaltern<\/li>\n<li><strong>Synchronisierung des Status<\/strong> - Anzeige des aktuellen Status (ein\/aus) in der App<\/li>\n<li><strong>Zeitschaltuhr<\/strong> - Verschiedene Zeitmanagement-Optionen: einmalig ein\/aus, Timer, Countdown-Timer, Schleife<\/li>\n<li><strong>Gemeinsame Nutzung der Verwaltung<\/strong> - M\u00f6glichkeit, mit der Familie zu teilen<\/li>\n<li><strong>Schauplatz<\/strong> - Verwaltung einer Gruppe von Ger\u00e4ten auf Knopfdruck<\/li>\n<li><strong>Clevere Szenen<\/strong> - Automatisches Ein- und Ausschalten auf der Grundlage von Sensoren f\u00fcr Temperatur, Feuchtigkeit usw.<\/li>\n<li><strong>Kompatibilit\u00e4t:<\/strong> Volle Unterst\u00fctzung f\u00fcr Amazon Alexa, Google Assistant, IFTTT und Google Nest<\/li>\n<\/ul>\n<p><strong>Das Relais unterst\u00fctzt zwei Betriebsarten:<\/strong> Normaler (Toggle) Modus und Instantaneous (Inching) Modus.<\/p>\n<p>Es werden zwei Anschlussarten unterst\u00fctzt: COM + NO - Relais schlie\u00dft den Stromkreis beim Schalten, COM + NC - Relais unterbricht den Stromkreis beim Schalten.<\/p>","protected":false},"excerpt":{"rendered":"<p>Dieses SmartWise Smart Relay ist ein 1-Stecker Wi-Fi + eWeLink-Remote (Bluetooth) Smart Relais, das mit 5 V microUSB oder 7 V-32 V AC oder DC betrieben wird. Diese Version des Produkts hat auch einen eingebauten Bluetooth-Empf\u00e4nger und kann mit SmartWise eWeLink-Remote (Bluetooth) Fernbedienungen \/ drahtlosen BT-Wandschaltern betrieben werden.<\/p>","protected":false},"featured_media":6783,"template":"","meta":{"_acf_changed":false},"product_brand":[117],"product_cat":[95],"product_tag":[],"class_list":{"0":"post-6781","1":"product","2":"type-product","3":"status-publish","4":"has-post-thumbnail","6":"product_brand-smartwise","7":"product_cat-stikala","9":"first","10":"outofstock","11":"sale","12":"taxable","13":"shipping-taxable","14":"purchasable","15":"product-type-simple"},"acf":[],"_links":{"self":[{"href":"https:\/\/iotronx.com\/de\/wp-json\/wp\/v2\/product\/6781","targetHints":{"allow":["GET"]}}],"collection":[{"href":"https:\/\/iotronx.com\/de\/wp-json\/wp\/v2\/product"}],"about":[{"href":"https:\/\/iotronx.com\/de\/wp-json\/wp\/v2\/types\/product"}],"wp:featuredmedia":[{"embeddable":true,"href":"https:\/\/iotronx.com\/de\/wp-json\/wp\/v2\/media\/6783"}],"wp:attachment":[{"href":"https:\/\/iotronx.com\/de\/wp-json\/wp\/v2\/media?parent=6781"}],"wp:term":[{"taxonomy":"product_brand","embeddable":true,"href":"https:\/\/iotronx.com\/de\/wp-json\/wp\/v2\/product_brand?post=6781"},{"taxonomy":"product_cat","embeddable":true,"href":"https:\/\/iotronx.com\/de\/wp-json\/wp\/v2\/product_cat?post=6781"},{"taxonomy":"product_tag","embeddable":true,"href":"https:\/\/iotronx.com\/de\/wp-json\/wp\/v2\/product_tag?post=6781"}],"curies":[{"name":"wp","href":"https:\/\/api.w.org\/{rel}","templated":true}]}}