{"id":6785,"date":"2025-07-13T17:26:29","date_gmt":"2025-07-13T17:26:29","guid":{"rendered":"http:\/\/iotronx.com\/izdelek\/smartwise-5v-32v-1-gang-pametno-rele-stikalo\/"},"modified":"2025-12-08T19:58:29","modified_gmt":"2025-12-08T19:58:29","slug":"smartwise-5v-32v-1-gang-smart-relay-schalter","status":"publish","type":"product","link":"https:\/\/iotronx.com\/de\/product\/smartwise-5v-32v-1-gang-smart-relay-schalter\/","title":{"rendered":"SmartWise 5V-32V 1fach intelligenter Relaisschalter"},"content":{"rendered":"<p><strong>Dies ist die neue Zigbee+RF-Version 2021 des beliebten SmartWise Sonoff-kompatiblen Einkanal-Relaisschalters, die ideale L\u00f6sung f\u00fcr die Fernsteuerung von motorisierten T\u00fcren, Garagentoren, Bew\u00e4sserungssystemen oder anderen elektrischen Ger\u00e4ten\/Anschl\u00fcssen.<\/strong> Das Ger\u00e4t kombiniert Zigbee- und RF-Konnektivit\u00e4t, so dass es an ein Zigbee-Smart Home angeschlossen werden kann, w\u00e4hrend es gleichzeitig lokal \u00fcber eine RF-Fernbedienung (433 MHz) gesteuert wird.<\/p>\n<p><strong>Das Zigbee-Modul ist kompatibel mit der Sonoff Zigbee Bridge (und der eWeLink Mobile App und Plattform) sowie mit Tuya\/SmartLife Zigbee-Gateways.<\/strong><\/p>\n<p><strong>Das Relais kann auch drahtlos \u00fcber den RF-Empf\u00e4nger mit Sonoff RF-Fernbedienungen und SmartWise RF-Schaltern gesteuert werden.<\/strong><\/p>\n<p>Das intelligente Relais ben\u00f6tigt eine Spannungsversorgung \u00fcber 5V USB oder 7V-32V AC\/DC. Die Schaltkreise, die es steuert, arbeiten unabh\u00e4ngig von der Stromversorgung des Relais. Das Relais unterst\u00fctzt 90-250V\/10A AC \u00fcber den COM-Anschluss oder 0-30V\/10A DC, im NO- oder NC-Modus. Das Ger\u00e4t unterst\u00fctzt auch einen spannungsunabh\u00e4ngigen Schalter (Trockenkontakt).<\/p>\n<p>Das Relay kann \u00fcber das Internet mit der mobilen App f\u00fcr iOS und Android ferngesteuert werden, wo Sie Zeitpl\u00e4ne f\u00fcr das Ein- und Ausschalten festlegen und die Steuerung mit Ihrer Familie teilen k\u00f6nnen.<\/p>\n<p><strong>Unterst\u00fctzt den Momentanmodus (Tippen), bei dem der Kontakt f\u00fcr eine kurze Zeit (z. B. 1 Sekunde) geschlossen oder ge\u00f6ffnet wird.<\/strong> <strong>Die ideale L\u00f6sung f\u00fcr die Fernsteuerung einer elektrischen T\u00fcr oder einer Computerstromversorgung.<\/strong><\/p>\n<p><strong>Produktmerkmale:<\/strong><\/p>\n<ul>\n<li><strong>Fernbedienung ein\/aus<\/strong> - Steuern Sie Ihre Ger\u00e4te aus der Ferne - jederzeit und \u00fcberall<\/li>\n<li><strong>Stromversorgung f\u00fcr das Relais:<\/strong> 5V DC USB oder 7V-32V AC\/DC<\/li>\n<li><strong>Anzahl der Kan\u00e4le:<\/strong> 1 - potentialfreier Kontakt oder 90-250V\/10A AC oder 0-30V\/10A DC<\/li>\n<li><strong>Mobile App:<\/strong> unterst\u00fctzt eWeLink und Tuya\/SmartLife-Plattformen; verwenden Sie die kostenlose eWeLink-App f\u00fcr iOS und Android, um sich mit der Sonoff Zigbee Bridge zu verbinden<\/li>\n<li><strong>RF-Management:<\/strong> Kompatibel mit 433 MHz Sonoff und SmartWise RF-Fernbedienungen und Schaltern (unterst\u00fctzt keine rollenden\/sprungcodierten Fernbedienungen)<\/li>\n<li><strong>Synchronisierung des Status:<\/strong> Pr\u00fcfen Sie den aktuellen Status (ein\/aus) in der App<\/li>\n<li><strong>Zeitschaltuhr:<\/strong> verschiedene Funktionen: einmalig ein\/aus, Timer, Countdown-Timer, Schleife<\/li>\n<li><strong>Gemeinsame Verwaltung:<\/strong> erm\u00f6glicht die gemeinsame Nutzung mit der Familie<\/li>\n<li><strong>Leitung der Gruppe:<\/strong> mehrere Ger\u00e4te mit einer Ber\u00fchrung ein- und ausschalten<\/li>\n<li><strong>Clevere Szenen:<\/strong> Automatisches Ein- und Ausschalten \u00fcber Temperatur-, Luftfeuchtigkeits- oder andere intelligente Ger\u00e4tesensoren<\/li>\n<li><strong>Kompatibilit\u00e4t:<\/strong> funktioniert mit Amazon Alexa, Google Assistant, IFTTT und Google Nest<\/li>\n<\/ul>\n<p><strong>Das Relais unterst\u00fctzt zwei Betriebsarten:<\/strong> Normaler Modus (Toggle) und Instantaneous (Inching) Modus. Die Auswahl erfolgt \u00fcber eine Taste auf dem Hauptbedienfeld.<\/p>\n<p>Es werden zwei Anschlussmodi unterst\u00fctzt: COM + NO - wenn geschaltet, schlie\u00dft das Relais den Stromkreis, COM + NC - wenn geschaltet, unterbricht das Relais den Stromkreis.<\/p>","protected":false},"excerpt":{"rendered":"<p>Dieses SmartWise Smart-Relais ist ein 1fach 5V-32V Netzteil, Zigbee+ RF-Relais, unterst\u00fctzt Strom und normales Schalten oder trockenes Kontaktschalten ohne Spannung, kommt ohne Plastikverpackung. Diese Version des Produkts enth\u00e4lt auch einen RF-Empf\u00e4nger und kann mit Sonoff RF-Fernbedienungen und SmartWise RF-Wandschaltern gesteuert werden.<\/p>","protected":false},"featured_media":6787,"template":"","meta":{"_acf_changed":false},"product_brand":[117],"product_cat":[95],"product_tag":[],"class_list":{"0":"post-6785","1":"product","2":"type-product","3":"status-publish","4":"has-post-thumbnail","6":"product_brand-smartwise","7":"product_cat-stikala","9":"first","10":"outofstock","11":"sale","12":"taxable","13":"shipping-taxable","14":"purchasable","15":"product-type-simple"},"acf":[],"_links":{"self":[{"href":"https:\/\/iotronx.com\/de\/wp-json\/wp\/v2\/product\/6785","targetHints":{"allow":["GET"]}}],"collection":[{"href":"https:\/\/iotronx.com\/de\/wp-json\/wp\/v2\/product"}],"about":[{"href":"https:\/\/iotronx.com\/de\/wp-json\/wp\/v2\/types\/product"}],"wp:featuredmedia":[{"embeddable":true,"href":"https:\/\/iotronx.com\/de\/wp-json\/wp\/v2\/media\/6787"}],"wp:attachment":[{"href":"https:\/\/iotronx.com\/de\/wp-json\/wp\/v2\/media?parent=6785"}],"wp:term":[{"taxonomy":"product_brand","embeddable":true,"href":"https:\/\/iotronx.com\/de\/wp-json\/wp\/v2\/product_brand?post=6785"},{"taxonomy":"product_cat","embeddable":true,"href":"https:\/\/iotronx.com\/de\/wp-json\/wp\/v2\/product_cat?post=6785"},{"taxonomy":"product_tag","embeddable":true,"href":"https:\/\/iotronx.com\/de\/wp-json\/wp\/v2\/product_tag?post=6785"}],"curies":[{"name":"wp","href":"https:\/\/api.w.org\/{rel}","templated":true}]}}