{"id":6810,"date":"2025-07-13T17:27:11","date_gmt":"2025-07-13T17:27:11","guid":{"rendered":"http:\/\/iotronx.com\/izdelek\/smartwise-5v-32v-wi-fi-bluetooth-4-kanalno-pametno-relejno-stikalo\/"},"modified":"2025-12-08T19:58:26","modified_gmt":"2025-12-08T19:58:26","slug":"smartwise-5v-32v-wi-fi-bluetooth-4-kanal-smart-relay-schalter","status":"publish","type":"product","link":"https:\/\/iotronx.com\/de\/product\/smartwise-5v-32v-wi-fi-bluetooth-4-kanal-smart-relay-schalter\/","title":{"rendered":"SmartWise 5V-32V Wi-Fi + Bluetooth 4-Kanal intelligenter Relaisschalter"},"content":{"rendered":"<p><strong>Dies ist ein SmartWise Smart-Relais-Schalter mit 4 Kan\u00e4len, der mit Sonoff kompatibel ist. Er ist die ideale L\u00f6sung f\u00fcr die Fernsteuerung von motorisierten T\u00fcren, Garagentoren, Bew\u00e4sserungssystemen oder anderen elektrischen Ger\u00e4ten oder Stromkreisen.<\/strong> Das Ger\u00e4t ist mit der mobilen App eWeLink kompatibel, die auch andere Sonoff-Produkte verwaltet. Mit dem WiFi-Relais k\u00f6nnen Sie jeden Stromkreis schlie\u00dfen oder trennen und die mit dem Relais verbundenen Ger\u00e4te ein- oder ausschalten.<\/p>\n<p><strong>Diese neue Version verf\u00fcgt zus\u00e4tzlich zu WiFi \u00fcber einen Bluetooth-Chip, so dass Sie das Relais auch mit Bluetooth-Fernbedienungen und SmartWise eWeLink-Remote-Wandschaltern steuern k\u00f6nnen. <br \/><\/strong>Hinweis: nicht kompatibel mit Sonoff R5 Schaltern und S-Mate2 eWeLink-Remote Produkten.<\/p>\n<p>Das WiFi-Relais ben\u00f6tigt eine 5V USB- oder 7V-32V AC\/DC-Stromversorgung. Die Schaltkreise arbeiten unabh\u00e4ngig von der Relais-Stromversorgung und unterst\u00fctzen 90-250V\/10A AC \u00fcber den COM-Eingang oder 0-30V\/10A DC, sowohl im NO- als auch im NC-Modus. Es werden sowohl Trockenkontakte als auch Nasskontakte unterst\u00fctzt.<\/p>\n<p>Das Relais kann \u00fcber das Internet mit der eWeLink-App f\u00fcr iOS und Android ferngesteuert werden. Dort k\u00f6nnen Sie Ein\/Aus-Zeitpl\u00e4ne, Gruppensteuerung, intelligente Szenen (Automatisierungen) einstellen und die Steuerung mit der Familie oder anderen Benutzern teilen.<\/p>\n<p><strong>Er unterst\u00fctzt den Tippbetrieb, bei dem der Stromkreis nach etwa 1 Sekunde geschlossen oder unterbrochen wird.<\/strong><\/p>\n<p><strong style=\"font-size: 1rem;letter-spacing: 0.00938em\">Er eignet sich auch f\u00fcr die Motorsteuerung, da er den Interlock-Modus unterst\u00fctzt, bei dem beim Einschalten eines Stromkreises die anderen automatisch abgeschaltet werden.<\/strong><\/p>\n<p><strong>Ideal f\u00fcr die Fernsteuerung von elektrischen T\u00fcren, Garagentoren, Computernetzteilen, Bew\u00e4sserungsventilen, Motoren und anderen elektrischen AC- oder DC-Ger\u00e4ten.<\/strong><\/p>\n<p><strong>Produktmerkmale:<\/strong><\/p>\n<ul>\n<li><strong>Fernbedienung ein\/aus<\/strong> - Sie k\u00f6nnen Ihre Ger\u00e4te aus der Ferne steuern, \u00fcberall und jederzeit<\/li>\n<li><strong>Stromversorgung f\u00fcr das Relais:<\/strong> 5V DC USB oder 7V-32V AC\/DC<\/li>\n<li><strong>Anzahl der Stromkreise:<\/strong> 4 unabh\u00e4ngige Kan\u00e4le<\/li>\n<li><strong>Kontrolle der Stromkreise:<\/strong> Spannungsfreier Trockenkontakt oder Nasskontakt 90-250V\/10A AC oder 0-30V\/10A DC<\/li>\n<li><strong>Mobile App:<\/strong> Kostenloser eWeLink f\u00fcr iOS und Android<\/li>\n<li><strong>Lokale Verwaltung:<\/strong> Kompatibel mit Bluetooth-Fernbedienungen und SmartWise eWeLink-Remote-Wandschaltern<\/li>\n<li><strong>Verriegelungsmodus:<\/strong> Steuerung von Zwei-Kanal-Motoren durch Abschalten der anderen Kan\u00e4le<\/li>\n<li><strong>Synchronisierung des Status:<\/strong> \u00dcberpr\u00fcfung des Relaisstatus in der App<\/li>\n<li><strong>Zeitschaltuhr:<\/strong> einmalig, Zeitpl\u00e4ne, Countdown-Timer, Wiederholung<\/li>\n<li><strong>Gemeinsame Verwaltung:<\/strong> gemeinsame Verwaltung mit Ihrer Familie<\/li>\n<li><strong>Schauplatz:<\/strong> Ein- und Ausschalten einer Gruppe von Ger\u00e4ten mit einem Tastendruck<\/li>\n<li><strong>Clevere Szenen:<\/strong> ausgel\u00f6st durch Temperatur, Feuchtigkeit oder andere Sensoren<\/li>\n<li><strong>Kompatibilit\u00e4t:<\/strong> Amazon Alexa, Google Assistant, IFTTT und Google Nest<\/li>\n<\/ul>\n<p><strong>Das Relais unterst\u00fctzt drei Betriebsarten: Normalbetrieb (Selbstumschaltung), Momentanbetrieb (Momentan\/Tastbetrieb) und Verriegelungsbetrieb, die \u00fcber eine Taste auf dem Hauptbedienfeld ausgew\u00e4hlt werden k\u00f6nnen.<\/strong><\/p>\n<p>Es unterst\u00fctzt zwei Anschlussarten: COM+NO (Relais schlie\u00dft den Stromkreis beim Einschalten) und COM+NC (Relais unterbricht den Stromkreis beim Einschalten).<\/p>","protected":false},"excerpt":{"rendered":"<p>Dieses SmartWise Smart Relais ist ein 4-Kanal Wi-Fi + eWeLink-Remote (Bluetooth) Smart Relais, das mit 5 V microUSB oder 7 V-32 V AC oder DC betrieben wird. Es unterst\u00fctzt Momentanschaltung (Tippen) und Kippschaltung, Verriegelungsmodus, spannungsfreies Schalten von trockenen und nassen Kontakten und ist in einem Kunststoffgeh\u00e4use untergebracht Diese Version des Produkts hat auch einen eingebauten Bluetooth-Empf\u00e4nger und kann mit SmartWise eWeLink-Remote (Bluetooth) Fernbedienungen \/ BT-Funkwandschaltern betrieben werden.<\/p>","protected":false},"featured_media":6812,"template":"","meta":{"_acf_changed":false},"product_brand":[117],"product_cat":[95],"product_tag":[],"class_list":{"0":"post-6810","1":"product","2":"type-product","3":"status-publish","4":"has-post-thumbnail","6":"product_brand-smartwise","7":"product_cat-stikala","9":"first","10":"outofstock","11":"sale","12":"taxable","13":"shipping-taxable","14":"purchasable","15":"product-type-simple"},"acf":[],"_links":{"self":[{"href":"https:\/\/iotronx.com\/de\/wp-json\/wp\/v2\/product\/6810","targetHints":{"allow":["GET"]}}],"collection":[{"href":"https:\/\/iotronx.com\/de\/wp-json\/wp\/v2\/product"}],"about":[{"href":"https:\/\/iotronx.com\/de\/wp-json\/wp\/v2\/types\/product"}],"wp:featuredmedia":[{"embeddable":true,"href":"https:\/\/iotronx.com\/de\/wp-json\/wp\/v2\/media\/6812"}],"wp:attachment":[{"href":"https:\/\/iotronx.com\/de\/wp-json\/wp\/v2\/media?parent=6810"}],"wp:term":[{"taxonomy":"product_brand","embeddable":true,"href":"https:\/\/iotronx.com\/de\/wp-json\/wp\/v2\/product_brand?post=6810"},{"taxonomy":"product_cat","embeddable":true,"href":"https:\/\/iotronx.com\/de\/wp-json\/wp\/v2\/product_cat?post=6810"},{"taxonomy":"product_tag","embeddable":true,"href":"https:\/\/iotronx.com\/de\/wp-json\/wp\/v2\/product_tag?post=6810"}],"curies":[{"name":"wp","href":"https:\/\/api.w.org\/{rel}","templated":true}]}}