{"id":6814,"date":"2025-07-13T17:27:11","date_gmt":"2025-07-13T17:27:11","guid":{"rendered":"http:\/\/iotronx.com\/izdelek\/smartwise-5v-32v-4-kanalno-pametno-rele-stikalo-s-suhim-kontaktom-in-trenutnim-stikalom\/"},"modified":"2025-12-08T19:58:26","modified_gmt":"2025-12-08T19:58:26","slug":"smartwise-5v-32v-4-kanal-relaisschalter-mit-trockenkontakt-und-taster","status":"publish","type":"product","link":"https:\/\/iotronx.com\/de\/product\/smartwise-5v-32v-4-kanal-relaisschalter-mit-trockenkontakt-und-taster\/","title":{"rendered":"SmartWise 5V-32V 4-Kanal Smart-Relais-Schalter mit potentialfreiem Kontakt und Taster"},"content":{"rendered":"<p><strong>Dies ist eine neue 4-Kanal SmartWise 2021 Smart Relay Unit, die mit Sonoff kompatibel ist und Zigbee- und RF-Technologie kombiniert. Es ist ideal f\u00fcr die Fernsteuerung von motorisierten T\u00fcren, Garagentoren, Bew\u00e4sserungssystemen oder anderen elektrischen Ger\u00e4ten oder Schaltkreisen.<\/strong> Das Ger\u00e4t kann an ein Zigbee-Smart-Home-System angeschlossen werden und l\u00e4sst sich auch lokal mit einer 433-MHz-RF-Fernbedienung steuern.<\/p>\n<p><strong>Der Zigbee-Teil ist kompatibel mit der Sonoff Zigbee Bridge (und der eWeLink-App und -Plattform) sowie mit Tuya\/SmartLife Zigbee-Gateways.<\/strong><\/p>\n<p><strong>Der RF-Empf\u00e4nger erm\u00f6glicht die drahtlose Steuerung mit Sonoff RF-Fernbedienungen und SmartWise RF-Wandschaltern.<\/strong><\/p>\n<p>Das Relais ben\u00f6tigt eine 5V USB- oder 7V-32V AC\/DC-Stromversorgung. Die Schaltkreise arbeiten unabh\u00e4ngig von der Relais-Stromversorgung und unterst\u00fctzen 90-250V\/10A AC oder 0-30V\/10A DC im NO- oder NC-Modus. Das Ger\u00e4t unterst\u00fctzt auch einen spannungsfreien Trockenkontaktschalter.<\/p>\n<p>Das Relais kann \u00fcber das Internet mit einer iOS- oder Android-App ferngesteuert werden, mit der Sie Zeitpl\u00e4ne f\u00fcr das Ein- und Ausschalten festlegen und die Steuerung mit Ihrer Familie teilen k\u00f6nnen.<\/p>\n<p><strong>Er unterst\u00fctzt den Momentanmodus, der durch eine physische Taste auf der Platine aktiviert wird und den Stromkreis nach einer Sekunde schlie\u00dft oder unterbricht.<\/strong> <strong>Ideal f\u00fcr die Fernsteuerung von elektrischen T\u00fcren oder Computernetzteilen.<\/strong><\/p>\n<p><strong>Es unterst\u00fctzt auch einen Verriegelungsmodus, der ebenfalls \u00fcber eine physische Taste aktiviert wird und f\u00fcr die Motorsteuerung empfohlen wird.<\/strong><\/p>\n<p><strong>Produktmerkmale:<\/strong><\/p>\n<ul>\n<li><strong>Fernbedienung ein\/aus<\/strong> - Ihre Ger\u00e4te \u00fcberall und jederzeit bedienen<\/li>\n<li><strong>Stromversorgung f\u00fcr das Relais:<\/strong> 5V DC USB oder 7V-32V AC\/DC<\/li>\n<li><strong>Anzahl der Stromkreise:<\/strong> 4 unabh\u00e4ngige Kan\u00e4le, potentialfreier Kontakt oder 90-250V\/10A AC oder 0-30V\/10A DC<\/li>\n<li><strong>Verriegelungsmodus:<\/strong> schaltbar \u00fcber eine physische Taste am Relais<\/li>\n<li><strong>Aktueller Modus (1 Sekunde):<\/strong> schaltbar \u00fcber eine physische Taste am Relais<\/li>\n<li><strong>Mobile App:<\/strong> Unterst\u00fctzt eWeLink- und Tuya\/SmartLife-Plattformen; kostenlose iOS- und Android-eWeLink-App bei Anschluss an Sonoff Zigbee Bridge<\/li>\n<li><strong>RF-Fernbedienung:<\/strong> Kompatibel mit 433 MHz Sonoff und SmartWise RF-Fernbedienungen und RF-Wandschaltern (unterst\u00fctzt keinen Rolling\/Jump-Code)<\/li>\n<li><strong>Synchronisierung des Status:<\/strong> \u00dcberpr\u00fcfung des Relaisstatus in der App (ein\/aus)<\/li>\n<li><strong>Zeitschaltuhr:<\/strong> einmalig, Zeitpl\u00e4ne, Countdown-Timer, Wiederholung<\/li>\n<li><strong>Gemeinsame Verwaltung:<\/strong> gemeinsam mit der Familie wirtschaften<\/li>\n<li><strong>Leitung der Gruppe:<\/strong> mehrere Ger\u00e4te mit einer Ber\u00fchrung ein- und ausschalten<\/li>\n<li><strong>Clevere Szenen:<\/strong> Aktivierung durch Temperatur-, Feuchtigkeits- oder andere Sensoren oder durch andere kompatible intelligente Ger\u00e4te<\/li>\n<li><strong>Kompatibilit\u00e4t:<\/strong> Amazon Alexa, Google Assistant, IFTTT, Google Nest<\/li>\n<\/ul>\n<p><strong>Das Relais unterst\u00fctzt drei Betriebsarten: Normalbetrieb (Selbstumschaltung), Momentanbetrieb und Verriegelungsbetrieb. Sie werden \u00fcber eine Taste auf dem Hauptbedienfeld ausgew\u00e4hlt.<\/strong><\/p>\n<p><em>Hinweis: Verriegelung und Strommodus k\u00f6nnen nicht gleichzeitig aktiviert werden.<\/em><\/p>\n<p>Es unterst\u00fctzt zwei Arten von Anschl\u00fcssen: COM+NO (Relais schlie\u00dft den Stromkreis beim Einschalten) und COM+NC (Relais unterbricht den Stromkreis beim Einschalten).<\/p>","protected":false},"excerpt":{"rendered":"<p>Dieses SmartWise-Relais ist ein 4-Kanal 5V-32V AC\/DC Netzteil, Zigbee + RF-Relais, unterst\u00fctzt Strom und normales Schalten oder Trockenkontakt-Schalten ohne Spannung, kommt ohne Plastikverpackung. Diese Version des Produkts enth\u00e4lt auch einen RF-Empf\u00e4nger und kann mit Sonoff RF-Fernbedienungen und SmartWise RF-Wandschalter gesteuert werden.<\/p>","protected":false},"featured_media":6816,"template":"","meta":{"_acf_changed":false},"product_brand":[117],"product_cat":[95],"product_tag":[],"class_list":{"0":"post-6814","1":"product","2":"type-product","3":"status-publish","4":"has-post-thumbnail","6":"product_brand-smartwise","7":"product_cat-stikala","9":"first","10":"outofstock","11":"sale","12":"taxable","13":"shipping-taxable","14":"purchasable","15":"product-type-simple"},"acf":[],"_links":{"self":[{"href":"https:\/\/iotronx.com\/de\/wp-json\/wp\/v2\/product\/6814","targetHints":{"allow":["GET"]}}],"collection":[{"href":"https:\/\/iotronx.com\/de\/wp-json\/wp\/v2\/product"}],"about":[{"href":"https:\/\/iotronx.com\/de\/wp-json\/wp\/v2\/types\/product"}],"wp:featuredmedia":[{"embeddable":true,"href":"https:\/\/iotronx.com\/de\/wp-json\/wp\/v2\/media\/6816"}],"wp:attachment":[{"href":"https:\/\/iotronx.com\/de\/wp-json\/wp\/v2\/media?parent=6814"}],"wp:term":[{"taxonomy":"product_brand","embeddable":true,"href":"https:\/\/iotronx.com\/de\/wp-json\/wp\/v2\/product_brand?post=6814"},{"taxonomy":"product_cat","embeddable":true,"href":"https:\/\/iotronx.com\/de\/wp-json\/wp\/v2\/product_cat?post=6814"},{"taxonomy":"product_tag","embeddable":true,"href":"https:\/\/iotronx.com\/de\/wp-json\/wp\/v2\/product_tag?post=6814"}],"curies":[{"name":"wp","href":"https:\/\/api.w.org\/{rel}","templated":true}]}}