{"id":6908,"date":"2025-07-13T17:28:01","date_gmt":"2025-07-13T17:28:01","guid":{"rendered":"http:\/\/iotronx.com\/izdelek\/sonoff-star-design-sprednja-plosca-ultimate-3\/"},"modified":"2025-09-24T12:37:04","modified_gmt":"2025-09-24T12:37:04","slug":"sonoff-star-design-frontplatte-ultimate-3","status":"publish","type":"product","link":"https:\/\/iotronx.com\/de\/product\/sonoff-star-design-frontplatte-ultimate-3\/","title":{"rendered":"Sonoff TX Ultimate Schalterblende mit Cartoon-Design"},"content":{"rendered":"<p>Dies ist ein zus\u00e4tzlicher Schutz (Zubeh\u00f6r) f\u00fcr den TX Ultimate T5 EU Wandschalter, der als Ersatz f\u00fcr die urspr\u00fcngliche wei\u00dfe Frontplatte verwendet werden kann.<\/p>\n<p>Dies ist die sternf\u00f6rmige Sicherung f\u00fcr den Dreifachschalter.<\/p>","protected":false},"excerpt":{"rendered":"<p>Dies ist eine optionale Abdeckung (Zubeh\u00f6r) f\u00fcr den TX Ultimate T5 EU Wandschalter, die verwendet werden kann, um das werkseitige Panel mit wei\u00dfer Schrift zu ersetzen. Dies ist eine sternf\u00f6rmige Abdeckung f\u00fcr einen 3-Kanal-Schalter<\/p>","protected":false},"featured_media":6910,"template":"","meta":{"_acf_changed":false},"product_brand":[120],"product_cat":[136,95],"product_tag":[],"class_list":{"0":"post-6908","1":"product","2":"type-product","3":"status-publish","4":"has-post-thumbnail","6":"product_brand-sonoff","7":"product_cat-ewelink","8":"product_cat-stikala","10":"first","11":"instock","12":"sale","13":"taxable","14":"shipping-taxable","15":"purchasable","16":"product-type-simple"},"acf":[],"_links":{"self":[{"href":"https:\/\/iotronx.com\/de\/wp-json\/wp\/v2\/product\/6908","targetHints":{"allow":["GET"]}}],"collection":[{"href":"https:\/\/iotronx.com\/de\/wp-json\/wp\/v2\/product"}],"about":[{"href":"https:\/\/iotronx.com\/de\/wp-json\/wp\/v2\/types\/product"}],"wp:featuredmedia":[{"embeddable":true,"href":"https:\/\/iotronx.com\/de\/wp-json\/wp\/v2\/media\/6910"}],"wp:attachment":[{"href":"https:\/\/iotronx.com\/de\/wp-json\/wp\/v2\/media?parent=6908"}],"wp:term":[{"taxonomy":"product_brand","embeddable":true,"href":"https:\/\/iotronx.com\/de\/wp-json\/wp\/v2\/product_brand?post=6908"},{"taxonomy":"product_cat","embeddable":true,"href":"https:\/\/iotronx.com\/de\/wp-json\/wp\/v2\/product_cat?post=6908"},{"taxonomy":"product_tag","embeddable":true,"href":"https:\/\/iotronx.com\/de\/wp-json\/wp\/v2\/product_tag?post=6908"}],"curies":[{"name":"wp","href":"https:\/\/api.w.org\/{rel}","templated":true}]}}