{"id":6911,"date":"2025-07-13T17:28:01","date_gmt":"2025-07-13T17:28:01","guid":{"rendered":"http:\/\/iotronx.com\/izdelek\/sonoff-211-komplet-prikljucnih-sponk\/"},"modified":"2025-08-07T22:21:34","modified_gmt":"2025-08-07T22:21:34","slug":"sonoff-211-satz-verbindungsklammern","status":"publish","type":"product","link":"https:\/\/iotronx.com\/de\/product\/sonoff-211-satz-verbindungsklammern\/","title":{"rendered":"Sonoff 211 Klemmensatz"},"content":{"rendered":"<p>Sonoff DIN-Schienenverbinder f\u00fcr den schnellen Anschluss von Kabeln im Schaltschrank, die fest auf einer Standard-DIN-Schiene von 35 mm angebracht sind. Sie bieten eine \u00fcbersichtliche und einfache Organisation und Verwaltung der Kabel. Sie k\u00f6nnen f\u00fcr den Anschluss von Voll-, Litzen- oder weichen Kupferdr\u00e4hten verwendet werden. Sie sind kompatibel mit Drahtgr\u00f6\u00dfen von 0,2 - 4 mm\u00b2 (AWG 28-12) und sind f\u00fcr maximal 32 A ausgelegt.<\/p>\n<p>Der Bausatz enth\u00e4lt 20 St\u00fcck 12AWG-Klemmen, 2 St\u00fcck Splei\u00dfstreifen, 2 St\u00fcck digitale Kennzeichnungsschilder, 20 St\u00fcck Schrauben, 2 St\u00fcck Endhalterungen und eine transparente Box zur Aufbewahrung des Bausatzes.<\/p>\n<h3><strong>Produktmerkmale:<\/strong><\/h3>\n<ul>\n<li><strong>Kompletter Satz DIN-Drahtklemmen -<\/strong> Das Set enth\u00e4lt 20 St\u00fcck 12AWG-Klemmen, 2 St\u00fcck Splei\u00dfstreifen, 2 St\u00fcck digitale Kennzeichnungsschilder, 20 Schrauben, 2 Endhalterungen und eine transparente Aufbewahrungsbox.<\/li>\n<li><strong>Leicht zu bedienen -<\/strong> Das patentierte Design, das sich von herk\u00f6mmlichen Kabelanschl\u00fcssen unterscheidet, erfordert keine Schrauben, die gedreht werden m\u00fcssen. Die Klemme wird einfach auf eine 35-mm-DIN-Schiene aus Eisen oder Aluminium aufgesteckt, der orangefarbene Verschluss angehoben, der Draht in die \u00d6ffnung eingef\u00fchrt, bis kein Widerstand mehr sp\u00fcrbar ist, dann der orangefarbene Griff losgelassen und der Vorgang ist abgeschlossen. Dies spart bis zu 70 % an Anschlusszeit.<\/li>\n<li><strong>Universelle Kompatibilit\u00e4t -<\/strong> Dieser Steckverbinder ist f\u00fcr harte und flexible Dr\u00e4hte geeignet. Er verbindet jede Kombination von harten, mehrdr\u00e4htigen und weichen Kupferdr\u00e4hten. Geeignet f\u00fcr harte Dr\u00e4hte von 0,08 bis 4,0 mm\u00b2 (28-12 AWG) und flexible Dr\u00e4hte von 0,5 bis 2,5 mm\u00b2 (20-14 AWG). Er wird h\u00e4ufig in Verteilerk\u00e4sten, Schaltk\u00e4sten, Schaltger\u00e4ten, kompletten Anlagen, Maschinen usw. verwendet.<\/li>\n<li><strong>Hohe Qualit\u00e4t -<\/strong> Die Klemmen haben einen hochwertigen Kupfermetallk\u00f6rper und das beste feuerfeste Isoliermaterial - modifiziertes Nylon PA66. Sie sind langlebig, korrosions- und alterungsbest\u00e4ndig, widerstehen bis zu 4KV und sind schlagfest. Die stabile Konstruktion gew\u00e4hrleistet eine feste Befestigung auf der DIN-Schiene.<\/li>\n<\/ul>","protected":false},"excerpt":{"rendered":"<p>Die DIN-Schienen-kompatiblen Kabelverbinder von Sonoff helfen Ihnen, die Kabel im Schaltschrank schnell anzuschlie\u00dfen, da sie fest auf einer Standard-DIN-Schiene von 35 mm angebracht sind. Sie erm\u00f6glichen eine saubere und einfache Organisation und Verwaltung der Kabel.<\/p>","protected":false},"featured_media":6913,"template":"","meta":{"_acf_changed":false},"product_brand":[120],"product_cat":[17],"product_tag":[],"class_list":{"0":"post-6911","1":"product","2":"type-product","3":"status-publish","4":"has-post-thumbnail","6":"product_brand-sonoff","7":"product_cat-nekategorizirano","9":"first","10":"instock","11":"sale","12":"taxable","13":"shipping-taxable","14":"purchasable","15":"product-type-simple"},"acf":[],"_links":{"self":[{"href":"https:\/\/iotronx.com\/de\/wp-json\/wp\/v2\/product\/6911","targetHints":{"allow":["GET"]}}],"collection":[{"href":"https:\/\/iotronx.com\/de\/wp-json\/wp\/v2\/product"}],"about":[{"href":"https:\/\/iotronx.com\/de\/wp-json\/wp\/v2\/types\/product"}],"wp:featuredmedia":[{"embeddable":true,"href":"https:\/\/iotronx.com\/de\/wp-json\/wp\/v2\/media\/6913"}],"wp:attachment":[{"href":"https:\/\/iotronx.com\/de\/wp-json\/wp\/v2\/media?parent=6911"}],"wp:term":[{"taxonomy":"product_brand","embeddable":true,"href":"https:\/\/iotronx.com\/de\/wp-json\/wp\/v2\/product_brand?post=6911"},{"taxonomy":"product_cat","embeddable":true,"href":"https:\/\/iotronx.com\/de\/wp-json\/wp\/v2\/product_cat?post=6911"},{"taxonomy":"product_tag","embeddable":true,"href":"https:\/\/iotronx.com\/de\/wp-json\/wp\/v2\/product_tag?post=6911"}],"curies":[{"name":"wp","href":"https:\/\/api.w.org\/{rel}","templated":true}]}}