{"id":6924,"date":"2025-07-13T17:28:01","date_gmt":"2025-07-13T17:28:01","guid":{"rendered":"http:\/\/iotronx.com\/izdelek\/sonoff-d1-2-hitri-prikljucek\/"},"modified":"2025-08-07T22:21:34","modified_gmt":"2025-08-07T22:21:34","slug":"sonoff-d1-2-schnellanschluss","status":"publish","type":"product","link":"https:\/\/iotronx.com\/de\/product\/sonoff-d1-2-schnellanschluss\/","title":{"rendered":"Sonoff D1-2 Verbindungsklemmensatz"},"content":{"rendered":"<p>Mit den Sonoff-Drahtsplei\u00dfverbindern k\u00f6nnen Sie Dr\u00e4hte schnell, einfach und sicher verbinden und trennen. Sie erm\u00f6glichen eine saubere und einfache Organisation und Verwaltung von Kabeln. Das Set enth\u00e4lt 10 verschiedene Arten von Splittern, wie zum Beispiel: 1 Eingang - 3 Ausg\u00e4nge, 2 Eing\u00e4nge - 6 Ausg\u00e4nge und mehr. Sie eignen sich f\u00fcr den Anschluss von harten, drahtigen oder weichen Kupferdr\u00e4hten. Sie sind mit Dr\u00e4hten von 0,2 bis 4 mm\u00b2 (AWG 28-12) kompatibel und f\u00fcr maximal 32 A ausgelegt.<\/p>\n<p>Das Set enth\u00e4lt 10 verschiedene Arten von Steckern und Verteilern, insgesamt 54 St\u00fcck.<\/p>\n<h3>Produktmerkmale:<\/h3>\n<ul>\n<li><strong>Sicher und zuverl\u00e4ssig:<\/strong> Das Steckergeh\u00e4use ist aus hochwertigem PC-Isoliermaterial gefertigt. Die Steckverbinder haben eine lange Lebensdauer, sind korrosions-, temperatur- und alterungsbest\u00e4ndig und verhindern wirksam Leckagen. Jeder Anschluss hat einen separaten Griff (Schrapnell), und die Dr\u00e4hte werden separat gef\u00fchrt, was die Sicherheit und die Produktqualit\u00e4t verbessert. Dies macht diese Steckverbinder sicherer als herk\u00f6mmliche Isolierkappen.<\/li>\n<li><strong>Wiederverwendbar und kombinierbar:<\/strong> Der Stecker ist ein innovativer, wiederverwendbarer Stecker. Zum Wechseln der Dr\u00e4hte heben Sie einfach den kleinen Griff an, ziehen den Draht heraus und wechseln ihn. Der elektrische Kabelverbinder ist wiederverwendbar und einfach zu benutzen. Mehrere Griffe k\u00f6nnen f\u00fcr unterschiedliche Bed\u00fcrfnisse zusammengef\u00fcgt werden.<\/li>\n<li><strong>Kompatibilit\u00e4t:<\/strong> Geeignet f\u00fcr weiche und harte ein- und mehrdr\u00e4htige Leitungen, Universalverbinder f\u00fcr harte Leitungen 0,2 bis 4 mm\u00b2 (AWG 28-12) und flexible Kupferleitungen.<\/li>\n<li><strong>Einfach zu bedienen:<\/strong> Zum Anschlie\u00dfen der Dr\u00e4hte sind keine zus\u00e4tzlichen Werkzeuge erforderlich, stattdessen werden herk\u00f6mmliches Isolierband und Schrauben verwendet. Schieben Sie den orangefarbenen Griff einfach bis zu 90\u00b0 nach oben, f\u00fchren Sie das Kabel ein und schlie\u00dfen Sie den Schalter. Das Umwickeln mit Klebeband entf\u00e4llt, was eine Menge Zeit und M\u00fche spart.<\/li>\n<li><strong>Weitverbreitete Verwendung:<\/strong> Steckverbinder werden h\u00e4ufig in Deckenventilatoren, elektrischen Anlagen in Geb\u00e4uden, Schiffen, Beleuchtungen, automatischen T\u00fcren, Steckdosen, Kronleuchtern, Schaltern, Autos, Lautsprechern, Schaltk\u00e4sten, Ventilatorsteuerungen usw. verwendet. Sie sind sicherer als herk\u00f6mmliche Isolierkappen.<\/li>\n<\/ul>","protected":false},"excerpt":{"rendered":"<p>Mit den Kabelverbindungsst\u00fccken und Splittern von Sonoff k\u00f6nnen Sie Dr\u00e4hte schnell, einfach und sicher verbinden und trennen. Dieses Set enth\u00e4lt 10 verschiedene Splitter, wie z.B. Einweg-Eingang und Dreiweg-Ausgang, Zweiweg-Eingang, Sechsweg-Ausgang und viele mehr.<\/p>","protected":false},"featured_media":6926,"template":"","meta":{"_acf_changed":false},"product_brand":[120],"product_cat":[17],"product_tag":[],"class_list":{"0":"post-6924","1":"product","2":"type-product","3":"status-publish","4":"has-post-thumbnail","6":"product_brand-sonoff","7":"product_cat-nekategorizirano","9":"first","10":"instock","11":"sale","12":"taxable","13":"shipping-taxable","14":"purchasable","15":"product-type-simple"},"acf":[],"_links":{"self":[{"href":"https:\/\/iotronx.com\/de\/wp-json\/wp\/v2\/product\/6924","targetHints":{"allow":["GET"]}}],"collection":[{"href":"https:\/\/iotronx.com\/de\/wp-json\/wp\/v2\/product"}],"about":[{"href":"https:\/\/iotronx.com\/de\/wp-json\/wp\/v2\/types\/product"}],"wp:featuredmedia":[{"embeddable":true,"href":"https:\/\/iotronx.com\/de\/wp-json\/wp\/v2\/media\/6926"}],"wp:attachment":[{"href":"https:\/\/iotronx.com\/de\/wp-json\/wp\/v2\/media?parent=6924"}],"wp:term":[{"taxonomy":"product_brand","embeddable":true,"href":"https:\/\/iotronx.com\/de\/wp-json\/wp\/v2\/product_brand?post=6924"},{"taxonomy":"product_cat","embeddable":true,"href":"https:\/\/iotronx.com\/de\/wp-json\/wp\/v2\/product_cat?post=6924"},{"taxonomy":"product_tag","embeddable":true,"href":"https:\/\/iotronx.com\/de\/wp-json\/wp\/v2\/product_tag?post=6924"}],"curies":[{"name":"wp","href":"https:\/\/api.w.org\/{rel}","templated":true}]}}