{"id":6941,"date":"2025-07-13T17:28:01","date_gmt":"2025-07-13T17:28:01","guid":{"rendered":"http:\/\/iotronx.com\/izdelek\/sonoff-m5-matter-switchman-pametno-stensko-stikalo-okvirna\/"},"modified":"2025-08-07T22:21:34","modified_gmt":"2025-08-07T22:21:34","slug":"sonoff-m5-matter-switchman-smart-wandschalter-rahmen","status":"publish","type":"product","link":"https:\/\/iotronx.com\/de\/product\/sonoff-m5-matter-switchman-smart-wandschalter-rahmen\/","title":{"rendered":"Sonoff M5 SwitchMan Einkanal-Wi-Fi + Matter Smart Switch"},"content":{"rendered":"<p>Der Sonoff M5-1C-80W ist Teil der Sonoff M5 Matter Familie von intelligenten Druckschaltern. Er ist ein intelligenter Lichtschalter, der Wi-Fi und eWeLink-Remote Hub (Bluetooth) unterst\u00fctzt. Wie andere Sonoff-Produkte l\u00e4sst er sich mit dem eWeLink-Smart-System verbinden und kann \u00fcber die eWeLink-Mobil-App gesteuert werden. Der Smart Switch ist mit einem lokalen Wi-Fi-Router verbunden und kann \u00fcber das Internet von einem Mobiltelefon aus ferngesteuert, zeitgesteuert und \u00fcberwacht werden. In der Reihe der intelligenten Schalter richtet sich dieses Produkt an diejenigen, die keine Schalter mit Ber\u00fchrungstasten w\u00fcnschen, sondern nach intelligenten Schaltern mit einem klaren Design suchen. Die Serie ist auch in Wei\u00df und Anthrazit erh\u00e4ltlich und l\u00e4sst sich somit leicht in die meisten Innenr\u00e4ume integrieren.<\/p>\n<p style=\"font-weight: bold\">Der neue R5 Matter in Wei\u00df ist ein v\u00f6llig neuartiger SwitchMan Smart Switch mit Unterst\u00fctzung f\u00fcr den Matter-Standard. Der M5 Matter l\u00e4sst sich nahtlos in Matter-kompatible Plattformen wie Alexa, Google Home und Apple Home integrieren und erm\u00f6glicht die Zusammenarbeit mit anderen Marken, um ein Smart Home zu schaffen. Er unterst\u00fctzt den Betrieb im Apple-\u00d6kosystem \u00fcber den Matter-Standard, so dass Sie den M5 Matter in der Apple Home-App steuern und Automatisierungen mit Ger\u00e4ten verschiedener Hersteller erstellen k\u00f6nnen.<\/p>\n<p>Die Serie M5 umfasst Schalter mit den Typencodes 80 und 86. Bei diesem Produkt handelt es sich um eine geklebte Version des Typs 80, d. h. es kann eine separate Lichtquelle oder ein elektrisches Ger\u00e4t angeschlossen werden, und die Abmessungen sind 80 mm breit, was die Kompatibilit\u00e4t mit herk\u00f6mmlichen Einbaudosen mit 72 mm Abstand erm\u00f6glicht. Dies erleichtert die Installation der Schalter nebeneinander mit dem Standardabstand von 72 mm im Gegensatz zu den 86 mm breiten Modellen. Ein weiterer Vorteil ist die Kompatibilit\u00e4t mit dem optionalen Sonoff-Montagerahmen, der separat f\u00fcr die Schalterversionen 2-3-4 erh\u00e4ltlich ist.<\/p>\n<p>Der Status jedes Stromkreises (ein\/aus) wird durch eine LED-Leiste angezeigt, die f\u00fcr die Umgebungsbeleuchtung verwendet wird. Die Farbe und Helligkeit der LED-Leiste kann f\u00fcr beide Zust\u00e4nde separat eingestellt werden. Wie andere intelligente Schalter von Sonoff verf\u00fcgt dieser Schalter \u00fcber einen integrierten Wi-Fi-Chip, der die Fernsteuerung des Ein- und Ausschaltvorgangs, die Anzeige des aktuellen Status und die Einstellung von Zeitschaltuhren \u00fcber die eWeLink-App auf iOS- oder Android-Ger\u00e4ten erm\u00f6glicht. Ein physischer Druckknopf erm\u00f6glicht die Bedienung des Schalters wie bei einem herk\u00f6mmlichen Schalter. Der Fernzugriff kann mit Familienmitgliedern geteilt werden. Dies ist die perfekte L\u00f6sung f\u00fcr die intelligente Steuerung jeder Lampe. Mit der App k\u00f6nnen Sie das Licht ein- oder ausschalten, wo immer Sie sind, auch wenn Sie nicht zu Hause sind. Sie ist auch als Sicherheitsl\u00f6sung n\u00fctzlich, da Sie Zeitschaltuhren einrichten k\u00f6nnen, um den Eindruck zu erwecken, dass Sie zu Hause sind.<\/p>\n<p>Wie andere neue Sonoff-Produkte ist er mit einem Bluetooth-Empf\u00e4nger und einer Bluetooth-Gateway-Funktion ausgestattet, so dass er mit drahtlosen Sonoff-Bluetooth-Ger\u00e4ten (z. B. Sonoff S-MATE 2-Modul, Sonoff R5-Schalter) ferngesteuert werden kann.<\/p>\n<p>Die Sonoff M5-Schalter k\u00f6nnen auch als Impulsschalter konfiguriert werden, was bedeutet, dass sich das Ger\u00e4t nach einer bestimmten Zeit automatisch ausschaltet, z. B. n\u00fctzlich f\u00fcr einen \"Zeitschrittschalter\". Die Schalter verf\u00fcgen au\u00dferdem \u00fcber eine abschaltbare Wi-Fi-LED-Anzeige, die die Verwendung in Schlafzimmern ohne st\u00f6rendes Licht und mit einstellbarer Helligkeit erm\u00f6glicht.<\/p>\n<p>Produktmerkmale:<\/p>\n<ul>\n<li>Geeignet f\u00fcr die Verwaltung einzelner Stromkreise<\/li>\n<li>Frontplatte 80\u00d786 mm, kompatibel mit 72 mm Einbaudosenabstand und 26 mm Tiefe, erm\u00f6glicht den Einbau in Standarddosen<\/li>\n<li>Ausgestattet mit eWeLink-Remote (Bluetooth)-Empf\u00e4nger und Gateway-Funktion - erm\u00f6glicht die Fernsteuerung mit kompatiblen Sonoff eWeLink-Remote Hub-Modulen und Funkschaltern (S-MATE2, R5)<\/li>\n<li>Mobile App - kostenlose eWeLink-App f\u00fcr iOS und Android, auch auf Englisch verf\u00fcgbar<\/li>\n<li>Statuskontrolle - Sie k\u00f6nnen den aktuellen Status des Schalters (ein\/aus) in der App \u00fcberwachen<\/li>\n<li>Ferngesteuertes Ein- und Ausschalten - Sie k\u00f6nnen den Schalter \u00fcber das Internet ein- und ausschalten, wo immer Sie sind<\/li>\n<li>Timer - Unterst\u00fctzung f\u00fcr die Einstellung verschiedener Timer: feste Zeit, wiederkehrende Zeit, Countdown-Timer, zyklische Verwaltung<\/li>\n<li>Auto-off - der Schalter kann nach einer bestimmten Zeit nach dem Einschalten automatisch ausgeschaltet werden<\/li>\n<li>Stromsto\u00dfschalter - kann so eingestellt werden, dass er f\u00fcr eine kurze Zeit (z. B. 0,5 oder 1 Sekunde) ein- und dann wieder ausgeschaltet wird<\/li>\n<li>Verriegelungsfunktion - bei Zwei- oder Dreikreisschaltern kann ein Modus eingestellt werden, so dass ein Kreis nur eingeschaltet werden kann, wenn die anderen ausgeschaltet sind, z. B. zur Steuerung von Rolll\u00e4den oder Motoren<\/li>\n<li>Zugriffsfreigabe - erm\u00f6glicht die gemeinsame Nutzung der Fernsteuerung mit Familienmitgliedern oder anderen Benutzern<\/li>\n<li>Gruppen und R\u00e4ume - organisieren Sie Ihre intelligenten Ger\u00e4te in Gruppen und R\u00e4umen in der App<\/li>\n<li>Smart Control (Scene) - mit der Scene-Funktion in der eWeLink-App k\u00f6nnen Sie Bedingungen und Automatisierungen zwischen verschiedenen Sonoff- und SmartWise-Ger\u00e4ten erstellen<\/li>\n<li>Kompatibilit\u00e4t - funktioniert mit Amazon Alexa, Google Assistant und Google Nest zur Sprachsteuerung<\/li>\n<li>Sonoff und die Schwestermarke SmartWise verwenden die gleiche eWeLink-App<\/li>\n<\/ul>\n<p><strong>WICHTIG: Damit der Wi-Fi Switch richtig funktioniert, m\u00fcssen in der Anschlussdose eine Phase und ein Nullleiter vorhanden sein!<\/strong><\/p>\n<p>Der Schalter kann mit Schrauben an allen vier Seiten der Einbaudose befestigt werden.<br \/> <em>Tipp: Wenn in der Dose kein Schraubenloch vorhanden ist, k\u00f6nnen Sie den Sonoff M5-Schalter mit Legrand Rapido-Clips befestigen.<\/em><\/p>","protected":false},"excerpt":{"rendered":"<p>Der Sonoff M5 Matter ist ein Wi-Fi + eWeLink Remote (Bluetooth) und Matter-kompatibler intelligenter Schalter mit einer physischen Taste, intelligenter Steuerung mit der eWeLink-App und drahtlosen Schaltern von R5, Apple HomeKit und SmartThings. Dieses Modell M5-1C-80W kann mit einem St\u00fctzrahmen installiert werden.<\/p>","protected":false},"featured_media":6943,"template":"","meta":{"_acf_changed":false},"product_brand":[120],"product_cat":[136,129,128,95],"product_tag":[],"class_list":{"0":"post-6941","1":"product","2":"type-product","3":"status-publish","4":"has-post-thumbnail","6":"product_brand-sonoff","7":"product_cat-ewelink","8":"product_cat-matter","9":"product_cat-wi-fi","10":"product_cat-stikala","12":"first","13":"instock","14":"sale","15":"taxable","16":"shipping-taxable","17":"purchasable","18":"product-type-simple"},"acf":[],"_links":{"self":[{"href":"https:\/\/iotronx.com\/de\/wp-json\/wp\/v2\/product\/6941","targetHints":{"allow":["GET"]}}],"collection":[{"href":"https:\/\/iotronx.com\/de\/wp-json\/wp\/v2\/product"}],"about":[{"href":"https:\/\/iotronx.com\/de\/wp-json\/wp\/v2\/types\/product"}],"wp:featuredmedia":[{"embeddable":true,"href":"https:\/\/iotronx.com\/de\/wp-json\/wp\/v2\/media\/6943"}],"wp:attachment":[{"href":"https:\/\/iotronx.com\/de\/wp-json\/wp\/v2\/media?parent=6941"}],"wp:term":[{"taxonomy":"product_brand","embeddable":true,"href":"https:\/\/iotronx.com\/de\/wp-json\/wp\/v2\/product_brand?post=6941"},{"taxonomy":"product_cat","embeddable":true,"href":"https:\/\/iotronx.com\/de\/wp-json\/wp\/v2\/product_cat?post=6941"},{"taxonomy":"product_tag","embeddable":true,"href":"https:\/\/iotronx.com\/de\/wp-json\/wp\/v2\/product_tag?post=6941"}],"curies":[{"name":"wp","href":"https:\/\/api.w.org\/{rel}","templated":true}]}}