{"id":6957,"date":"2025-07-13T17:28:01","date_gmt":"2025-07-13T17:28:01","guid":{"rendered":"http:\/\/iotronx.com\/izdelek\/sonoff-m5-matter-switchman-pametno-stensko-stikalo-m5-2c-86w\/"},"modified":"2025-08-07T22:21:34","modified_gmt":"2025-08-07T22:21:34","slug":"sonoff-m5-matter-switchman-smart-wandschalter-m5-2c-86w","status":"publish","type":"product","link":"https:\/\/iotronx.com\/de\/product\/sonoff-m5-matter-switchman-smart-wandschalter-m5-2c-86w\/","title":{"rendered":"Sonoff M5 SwitchMan Zweikanal Wi-Fi + Matter Smart Switch"},"content":{"rendered":"<p>Der Sonoff M5-2C-86W ist Teil der Sonoff M5 Matter Familie von intelligenten Druckschaltern. Wie andere Sonoff-Produkte ist er mit dem eWeLink-Smart-System verbunden und kann \u00fcber die eWeLink-Mobil-App gesteuert werden. Der intelligente Schalter ist mit einem lokalen Wi-Fi-Router verbunden und kann \u00fcber das Internet von einem Mobiltelefon aus ferngesteuert, zeitgesteuert und \u00fcberwacht werden. In der Reihe der intelligenten Schalter richtet sich dieses Produkt an diejenigen, die keine Ber\u00fchrungsschalter verwenden m\u00f6chten, sondern intelligente Schalter mit einem klaren Design suchen. Die Serie ist in den Farben Wei\u00df und Anthrazit erh\u00e4ltlich und f\u00fcgt sich daher gut in die meisten Innenr\u00e4ume ein.<\/p>\n<p style=\"font-weight: bold\">Der neue R5 Matter in Wei\u00df ist ein v\u00f6llig neuartiger SwitchMan Smart Switch mit Matter-Kompatibilit\u00e4t. Der M5 Matter kann nahtlos in Matter-Plattformen wie Alexa, Google Home und Apple Home integriert und mit anderen Marken verbunden werden, um ein Smart Home zu schaffen. Er unterst\u00fctzt den Betrieb im Apple-\u00d6kosystem \u00fcber den Matter-Standard, so dass Sie den M5 Matter in der Apple Home-App steuern und Automatisierungen mit Ger\u00e4ten verschiedener Hersteller erstellen k\u00f6nnen.<\/p>\n<p>Die Serie M5 umfasst Schalter mit den Typencodes 80 und 86. Bei diesem Produkt handelt es sich um eine geklebte Version des Typs 80, was bedeutet, dass er f\u00fcr den Anschluss einer separaten Lichtquelle oder eines elektrischen Ger\u00e4ts verwendet werden kann. Der intelligente Schalter ist 80 mm breit, was mit den herk\u00f6mmlichen Einbaudosen der Serie mit 72 mm Abstand kompatibel ist. Daher k\u00f6nnen Sie die Schalter problemlos nebeneinander mit einem Standardabstand von 72 mm installieren, was bei den 86-mm-Modellen nicht m\u00f6glich ist. Ein weiterer Vorteil dieses Typs ist die Kompatibilit\u00e4t mit dem optionalen Sonoff-Montagerahmen, der separat in den Ausf\u00fchrungen mit 2, 3 oder 4 Schaltern erh\u00e4ltlich ist.<\/p>\n<p>Der Status jedes Stromkreises (ein- oder ausgeschaltet) wird durch eine LED-Leuchte auf einer LED-Leiste angezeigt, die als Umgebungsbeleuchtung verwendet wird. Die Farbe und Helligkeit der LED-Leiste kann f\u00fcr beide Zust\u00e4nde separat eingestellt werden. Wie bei anderen intelligenten Schaltern von Sonoff erm\u00f6glicht der eingebaute Wi-Fi-Chip die Fernsteuerung des Ein-\/Ausschalters, die Anzeige des aktuellen Status und die Einstellung von Zeitschaltuhren \u00fcber die eWeLink-App auf iOS- oder Android-Ger\u00e4ten. Ein physischer Druckknopf erm\u00f6glicht auch die traditionelle Steuerung des Wandlichts. Der Fernzugriff kann mit Familienmitgliedern geteilt werden. Es ist die perfekte L\u00f6sung f\u00fcr die intelligente Steuerung jeder Lampe oder Beleuchtung. Sie k\u00f6nnen das Licht auch dann ein- oder ausschalten, wenn Sie nicht zu Hause sind. Als Sicherheitsl\u00f6sung k\u00f6nnen Sie Zeitschaltuhren einrichten, um den Eindruck zu erwecken, dass Sie zu Hause sind.<\/p>\n<p>Wie andere neue Sonoff-Produkte ist er mit einem Bluetooth-Empf\u00e4nger und einer Bluetooth-Gateway-Funktion ausgestattet, die die Fernsteuerung \u00fcber drahtlose Sonoff-Bluetooth-Ger\u00e4te (z. B. Sonoff S-MATE 2-Modul, Sonoff R5-Schalter) erm\u00f6glicht.<\/p>\n<p>Der Sonoff M5 kann auch als Impulsschalter konfiguriert werden, d. h. das Ger\u00e4t schaltet sich nach einer voreingestellten Zeit nach dem Einschalten automatisch aus, so dass er auch als \"Zeitstufenschalter\" geeignet ist. Die Schalter verf\u00fcgen au\u00dferdem \u00fcber eine abschaltbare Wi-Fi-LED-Anzeige, die eine Nutzung im Schlafzimmer ohne st\u00f6rendes Licht erm\u00f6glicht, und sind in der Helligkeit einstellbar.<\/p>\n<p>Produktmerkmale:<\/p>\n<ul>\n<li>Geeignet f\u00fcr die Verwaltung einzelner Stromkreise<\/li>\n<li>Frontplatte 80\u00d786 mm, kompatibel mit 72 mm Einbaudosenabstand und 26 mm Tiefe, erm\u00f6glicht den Einbau in Standarddosen<\/li>\n<li>Ausgestattet mit eWeLink-Remote (Bluetooth)-Empf\u00e4nger und -Gateway - erm\u00f6glicht die Fernsteuerung mit kompatiblen Sonoff eWeLink-Remote Hub-Modulen und Funkschaltern (S-MATE2, R5)<\/li>\n<li>Mobile App - kostenlose eWeLink-App f\u00fcr iOS und Android, auch auf Englisch<\/li>\n<li>Statuskontrolle - die App zeigt den aktuellen Status des Schalters an (ein\/aus)<\/li>\n<li>Ferngesteuertes Ein- und Ausschalten - Sie k\u00f6nnen den Schalter \u00fcber das Internet steuern, egal wo Sie sind<\/li>\n<li>Timer - verschiedene Optionen zur Einstellung von Timern: feste Zeit, wiederkehrende Zeit, Countdown-Timer, zyklische Steuerung<\/li>\n<li>Auto-off - der Schalter kann so eingestellt werden, dass er sich nach einer bestimmten Zeit nach dem Einschalten automatisch ausschaltet<\/li>\n<li>Stromsto\u00dfschalter - der Schalter kann f\u00fcr eine kurze Zeit (z.B. 0,5 oder 1 Sekunde) ein- und dann wieder ausgeschaltet werden<\/li>\n<li>Verriegelung - f\u00fcr Schalter mit zwei oder drei Stromkreisen k\u00f6nnen Sie die App so einstellen, dass nur ein Stromkreis eingeschaltet wird, wenn die anderen ausgeschaltet sind (n\u00fctzlich z. B. f\u00fcr die Steuerung von Rolll\u00e4den oder Motoren)<\/li>\n<li>Zugriffsfreigabe - erm\u00f6glicht die gemeinsame Nutzung der Fernsteuerung mit Familienmitgliedern oder anderen Personen<\/li>\n<li>Gruppen und R\u00e4ume - organisieren Sie Ger\u00e4te in Gruppen und R\u00e4umen innerhalb der eWeLink-App<\/li>\n<li>Smart Control (Scene) - mit der Scene-Funktion in der eWeLink-App k\u00f6nnen Sie Automatisierungen und Bedingungen zwischen verschiedenen Sonoff- und SmartWise-Ger\u00e4ten erstellen<\/li>\n<li>Kompatibilit\u00e4t - funktioniert mit Amazon Alexa, Google Assistant und Google Nest zur Sprachsteuerung<\/li>\n<li>Sonoff und die Schwestermarke SmartWise verwenden die gleiche eWeLink-App<\/li>\n<\/ul>\n<p><strong>WICHTIG: Damit der Wi-Fi Switch richtig funktioniert, m\u00fcssen in der Anschlussdose eine Phase und ein Nullleiter vorhanden sein!<\/strong><\/p>\n<p>Der Schalter kann mit Schrauben an allen vier Seiten der Einbaudose befestigt werden.<br \/> <em>Tipp: Wenn in der Dose kein Schraubenloch vorhanden ist, k\u00f6nnen Sie den Sonoff M5-Schalter mit Legrand Rapido-Clips befestigen.<\/em><\/p>","protected":false},"excerpt":{"rendered":"<p>Der Sonoff M5 Matter ist ein Wi-Fi + eWeLink Remote (Bluetooth) und Matter-kompatibler intelligenter Schalter mit zwei physischen Tasten, intelligenter Steuerung mit der eWeLink-App und drahtlosen Schaltern von R5, Apple HomeKit und SmartThings. Dieses Modell M5-2C-86W ist eine Stand-Alone-Version f\u00fcr die Installation ohne Schalterrahmen.<\/p>","protected":false},"featured_media":6959,"template":"","meta":{"_acf_changed":false},"product_brand":[120],"product_cat":[136,129,128,95],"product_tag":[],"class_list":{"0":"post-6957","1":"product","2":"type-product","3":"status-publish","4":"has-post-thumbnail","6":"product_brand-sonoff","7":"product_cat-ewelink","8":"product_cat-matter","9":"product_cat-wi-fi","10":"product_cat-stikala","12":"first","13":"instock","14":"sale","15":"taxable","16":"shipping-taxable","17":"purchasable","18":"product-type-simple"},"acf":[],"_links":{"self":[{"href":"https:\/\/iotronx.com\/de\/wp-json\/wp\/v2\/product\/6957","targetHints":{"allow":["GET"]}}],"collection":[{"href":"https:\/\/iotronx.com\/de\/wp-json\/wp\/v2\/product"}],"about":[{"href":"https:\/\/iotronx.com\/de\/wp-json\/wp\/v2\/types\/product"}],"wp:featuredmedia":[{"embeddable":true,"href":"https:\/\/iotronx.com\/de\/wp-json\/wp\/v2\/media\/6959"}],"wp:attachment":[{"href":"https:\/\/iotronx.com\/de\/wp-json\/wp\/v2\/media?parent=6957"}],"wp:term":[{"taxonomy":"product_brand","embeddable":true,"href":"https:\/\/iotronx.com\/de\/wp-json\/wp\/v2\/product_brand?post=6957"},{"taxonomy":"product_cat","embeddable":true,"href":"https:\/\/iotronx.com\/de\/wp-json\/wp\/v2\/product_cat?post=6957"},{"taxonomy":"product_tag","embeddable":true,"href":"https:\/\/iotronx.com\/de\/wp-json\/wp\/v2\/product_tag?post=6957"}],"curies":[{"name":"wp","href":"https:\/\/api.w.org\/{rel}","templated":true}]}}