{"id":6972,"date":"2025-07-13T17:28:01","date_gmt":"2025-07-13T17:28:01","guid":{"rendered":"http:\/\/iotronx.com\/izdelek\/sonoff-nspanel-2-gang-pametno-stensko-stikalo-wifi-s-plosco-led\/"},"modified":"2025-08-07T22:21:34","modified_gmt":"2025-08-07T22:21:34","slug":"sonoff-nspanel-2-gang-smart-wandschalter-wifi-mit-flachem-panel-led","status":"publish","type":"product","link":"https:\/\/iotronx.com\/de\/product\/sonoff-nspanel-2-gang-smart-wandschalter-wifi-mit-flachem-panel-led\/","title":{"rendered":"Sonoff NSPanel Zweikanal-Bedienfeld"},"content":{"rendered":"<p>Sonoff NSPanel ist ein revolution\u00e4res neues Produkt von Sonoff, dem f\u00fchrenden Hersteller f\u00fcr die eWeLink Smart Home Plattform. Das Ger\u00e4t verf\u00fcgt \u00fcber einen Zweikreis-Schalter (100V-230V AC) mit zwei physischen Tasten, einen LED-Touchscreen, der lokale Wetterdaten und die Raumtemperatur anzeigt (\u00fcber den im Ger\u00e4t eingebauten Temperaturmesser), die M\u00f6glichkeit, andere eWeLink-Ger\u00e4te und -Szenen fernzusteuern, sowie eine einfache Thermostatfunktion, um andere eWeLink-Ger\u00e4te auf Basis der gemessenen Temperatur ein- und auszuschalten.<\/p>\n<p>Laut der Ank\u00fcndigung von Sonoff wird NSPanel auch mit der beliebten Open-Source-Firmware Tasmota kompatibel sein, was die Integration mit Open-Source-Smart-Home-Systemen wie Home Assistant erm\u00f6glicht.<\/p>\n<h3><strong>Die wichtigsten Merkmale von Sonoff NSPanel:<\/strong><\/h3>\n<ul>\n<li><strong>Alles-in-einem-Kontrollzentrum<\/strong> - Mit NSPanel k\u00f6nnen Sie spezifische Szenarien f\u00fcr verschiedene Situationen mit einer einzigen Ber\u00fchrung anwenden. Dar\u00fcber hinaus ist es mit fast allen Sonoff-Ger\u00e4ten kompatibel und erm\u00f6glicht die zentrale Verwaltung von Ger\u00e4tegruppen.<\/li>\n<li><strong>Integriertes HMI-Panel<\/strong> - SONOFF NSPanel kombiniert HMI-Steuerung, intelligente Temperaturregelung und einen intelligenten Wandschalter, um Ihr Zuhause in einen komfortablen und intelligenten Raum zu verwandeln.<\/li>\n<li><strong>Intelligenter Thermostat f\u00fcr die Hausautomation<\/strong> - Mit dem eingebauten leistungsstarken Thermostat k\u00f6nnen Sie verschiedene Innentemperaturen f\u00fcr verschiedene Zeitintervalle einstellen, und das NSPanel schaltet die Heiz- oder K\u00fchleinheit automatisch entsprechend den eingestellten Bedingungen ein oder aus, um den Raum auf einer angenehmen Temperatur zu halten.<\/li>\n<li><strong>Mehr M\u00f6glichkeiten zur Verwaltung<\/strong> - Sie k\u00f6nnen NSPanel \u00fcber Zweikanal-Schalter, Touchscreen und die eWeLink-App steuern; au\u00dferdem unterst\u00fctzt es Alexa, Alice, Google Assistant und sogar Siri-Shortcuts zur einfachen Sprachsteuerung Ihrer Ger\u00e4te.<\/li>\n<li><strong>Zeit- und Wetteranzeige<\/strong> - Mit den eingebauten Sensoren und der WiFi-Verbindung zeigt das NSPanel das Wetter, die Innen- und Au\u00dfentemperatur, die Uhrzeit und das Datum in Echtzeit an.<\/li>\n<\/ul>\n<h3><strong>Installation und Verkabelung von Sonoff NSPanel:<\/strong><\/h3>\n<div><img loading=\"lazy\" decoding=\"async\" src=\"https:\/\/ewelinkstore.com\/wp-content\/uploads\/2021\/11\/nspanel_installation.jpg\" alt=\"Installation von Sonoff NSPanel\" width=\"267\" height=\"382\"><\/div>\n<div><img loading=\"lazy\" decoding=\"async\" src=\"https:\/\/ewelinkstore.com\/wp-content\/uploads\/2021\/11\/NSPanel_wiring.jpg\" alt=\"Sonoff NSPanel-Verkabelung\" width=\"449\" height=\"221\"><\/div>\n<h3><strong>Sonoff NSPanel Produktmerkmale:<\/strong><\/h3>\n<ul>\n<li><strong>Zwei physische Tasten<\/strong> - zur direkten Steuerung von zwei miteinander verbundenen Schaltkan\u00e4len.<\/li>\n<li><strong>Abmessungen nach EU-Normen<\/strong> - Frontplatte 86\u00d786 mm, 42 mm tief.<\/li>\n<li><strong>WiFi-Version<\/strong> - keine Unterst\u00fctzung f\u00fcr 433-MHz-Funksteuerung, so dass eine bidirektionale Steuerung mit RF-Schaltern nicht m\u00f6glich ist.<\/li>\n<li><strong>Fernbedienung ein\/aus<\/strong> - Sie k\u00f6nnen aus der Ferne steuern, wie Ihre Ger\u00e4te ein- und ausgeschaltet werden, \u00fcberall und jederzeit.<\/li>\n<li><strong>Unterst\u00fctzung f\u00fcr mobile Anwendungen<\/strong> - Kostenlose eWeLink-App f\u00fcr iOS und Android.<\/li>\n<li><strong>Synchronisierung des Status<\/strong> - Sie k\u00f6nnen den aktuellen Status der Schalter (ein\/aus) \u00fcber die App \u00fcberwachen.<\/li>\n<li><strong>Zeitschaltuhren<\/strong> - mehrere Timer-Einstellungen, darunter einmalige, wiederkehrende, Countdown- und zyklische Ein-\/Ausschaltungen.<\/li>\n<li><strong>Gemeinsamer Zugang<\/strong> - erm\u00f6glicht es Ihnen, das Ger\u00e4t mit Familienmitgliedern zu teilen.<\/li>\n<li><strong>Schauplatz<\/strong> - eine Gruppe von Ger\u00e4ten mit einem einzigen Tippen ein- oder ausschalten.<\/li>\n<li><strong>Clevere Szenen<\/strong> - Das Ger\u00e4t kann in Abh\u00e4ngigkeit von der Temperatur, der Luftfeuchtigkeit oder anderen Umgebungsbedingungen, die von Sensoren erfasst werden, ein- oder ausgeschaltet werden.<\/li>\n<li><strong>Kompatibilit\u00e4t<\/strong> - funktioniert mit Amazon Alexa, Google Assistant, IFTTT und Google Nest.<\/li>\n<li><strong>Thermostat-Funktion<\/strong> - erm\u00f6glicht das Ein- und Ausschalten anderer eWeLink-Ger\u00e4te in Abh\u00e4ngigkeit von der gemessenen Temperatur.<\/li>\n<li><strong>Smart Hub mit LED-Touchscreen<\/strong> - k\u00f6nnen Sie auch andere eWeLink-Ger\u00e4te und -Szenen aus der Ferne steuern.<\/li>\n<li><span style=\"color: #ff0000\"><strong>WICHTIG: Sowohl Phase als auch Nullleiter sind erforderlich, damit dieser intelligente Schalter funktioniert!<\/strong><\/span><\/li>\n<\/ul>","protected":false},"excerpt":{"rendered":"<p>Sonoff NSPanel ist ein revolution\u00e4res neues Produkt von Sonoff, dem f\u00fchrenden Hersteller f\u00fcr die eWeLink Smart Home-Plattform. Das Ger\u00e4t umfasst einen 2-Kanal-Schalter f\u00fcr 100V-230V AC mit zwei physischen Schalttasten, einen LED-Touchscreen, der lokale Wetterdaten und die Raumtemperatur (von einem eingebauten Temperatursensor) anzeigt, die M\u00f6glichkeit, andere eWeLink-Ger\u00e4te und -Szenen aus der Ferne zu schalten, und eine einfache Thermostatfunktion, um das Ein-\/Ausschalten anderer eWeLink-Ger\u00e4te auf der Grundlage der gemessenen Temperatur zu steuern.Dies ist die Originalversion des Produkts in Grau.<\/p>","protected":false},"featured_media":6974,"template":"","meta":{"_acf_changed":false},"product_brand":[120],"product_cat":[132,136,128,95],"product_tag":[],"class_list":{"0":"post-6972","1":"product","2":"type-product","3":"status-publish","4":"has-post-thumbnail","6":"product_brand-sonoff","7":"product_cat-avtomatizacija-in-centralni-nadzor","8":"product_cat-ewelink","9":"product_cat-wi-fi","10":"product_cat-stikala","12":"first","13":"instock","14":"sale","15":"taxable","16":"shipping-taxable","17":"purchasable","18":"product-type-simple"},"acf":[],"_links":{"self":[{"href":"https:\/\/iotronx.com\/de\/wp-json\/wp\/v2\/product\/6972","targetHints":{"allow":["GET"]}}],"collection":[{"href":"https:\/\/iotronx.com\/de\/wp-json\/wp\/v2\/product"}],"about":[{"href":"https:\/\/iotronx.com\/de\/wp-json\/wp\/v2\/types\/product"}],"wp:featuredmedia":[{"embeddable":true,"href":"https:\/\/iotronx.com\/de\/wp-json\/wp\/v2\/media\/6974"}],"wp:attachment":[{"href":"https:\/\/iotronx.com\/de\/wp-json\/wp\/v2\/media?parent=6972"}],"wp:term":[{"taxonomy":"product_brand","embeddable":true,"href":"https:\/\/iotronx.com\/de\/wp-json\/wp\/v2\/product_brand?post=6972"},{"taxonomy":"product_cat","embeddable":true,"href":"https:\/\/iotronx.com\/de\/wp-json\/wp\/v2\/product_cat?post=6972"},{"taxonomy":"product_tag","embeddable":true,"href":"https:\/\/iotronx.com\/de\/wp-json\/wp\/v2\/product_tag?post=6972"}],"curies":[{"name":"wp","href":"https:\/\/api.w.org\/{rel}","templated":true}]}}