{"id":6986,"date":"2025-07-13T17:28:56","date_gmt":"2025-07-13T17:28:56","guid":{"rendered":"http:\/\/iotronx.com\/izdelek\/sonoff-r5-swithman-bluetooth-ewelink-remote-brezzicno-stikalo-stikalo-nadzor\/"},"modified":"2025-08-07T22:21:33","modified_gmt":"2025-08-07T22:21:33","slug":"sonoff-r5-swithman-bluetooth-ewelink-remote-drahtloser-schalter-schaltersteuerung","status":"publish","type":"product","link":"https:\/\/iotronx.com\/de\/product\/sonoff-r5-swithman-bluetooth-ewelink-remote-drahtloser-schalter-schaltersteuerung\/","title":{"rendered":"Sonoff R5 SwitchMan Bluetooth (eWeLink-Remote) Funkschalter"},"content":{"rendered":"<p><strong>Der Sonoff R5 ist ein drahtloser Schalter, der mit CR2032-Batterien betrieben wird. Er verf\u00fcgt \u00fcber 6 physische Schaltertasten, kann an der Wand montiert und auch von der Wandhalterung entfernt werden.<\/strong> Im Gegensatz zu anderen drahtlosen Schaltern verwendet Sonoff keine 433-MHz-RF-Technologie, sondern eine neue <strong>Fernsteuerung \u00fcber Bluetooth Low Energy, genannt eWeLink-Remote<\/strong>.<\/p>\n<p>Das Design des R5-Schalters \u00e4hnelt dem des Sonoff NSPanel und des Sonoff M5 Smart Switch.<\/p>\n<p><strong>Der Schalter kann an Ger\u00e4te angeschlossen werden, die mit einem eWeLink-Remote (BT)-Empf\u00e4nger und einer Hub-Funktion ausgestattet sind, wie z. B. das Sonoff Mini R3-Relais, der Sonoff M5-Schalter oder die neuen Sonoff WiFi+Bluetooth Smart Bulbs.<\/strong> Nach Angaben des Herstellers hat sie eine gr\u00f6\u00dfere Fernsteuerungsreichweite als die RF-Technologie, da sie Empf\u00e4nger in einer Entfernung von bis zu 90 Metern steuern kann.<\/p>\n<blockquote><p> Bitte beachten Sie, dass es nicht mit 433 MHz RF-Ger\u00e4ten wie Sonoff RF-Relais, Sonoff TX T1, T2, T3-Wandschalter oder SmartWise T4-Schalter kompatibel ist! <\/p><\/blockquote>\n<p><strong>Die 6 Schaltertasten k\u00f6nnen so konfiguriert werden, dass sie 6 verschiedene Relais oder Schalter steuern (mit eWeLink-Remote-Empf\u00e4nger), sodass Sie bis zu 6 verschiedene intelligente Ger\u00e4te im Raum steuern k\u00f6nnen. Sie k\u00f6nnen auch jedes andere eWeLink-Ger\u00e4t (Sonoff, SmartWise, andere Marken) \u00fcber die eWeLink-Cloud steuern.<\/strong> Alles, was Sie tun m\u00fcssen, ist, die Szene f\u00fcr jede Taste einzustellen, und anstatt direkt angeschlossene Ger\u00e4te zu steuern, k\u00f6nnen Sie die Tasten verwenden, um andere WiFi-Ger\u00e4te \u00fcber die eWeLink-Cloud zu steuern.<\/p>\n<p>Wenn Sie viele intelligente Ger\u00e4te in verschiedenen R\u00e4umen haben und diese nicht mit Ihrem Mobiltelefon steuern m\u00f6chten, brauchen Sie nur die R5-Szenenfernbedienung. Der R5-Schalter kann zum eWeLink-Remote-Gateway hinzugef\u00fcgt werden (eingebaut in Sonoff Mini R3, M5, etc.), um alle Ger\u00e4te in der eWeLink-App mit den drei Ausl\u00f6semodi in Scene zu steuern.<\/p>\n<p>SONOFF R5 ist ein Modul, das ein \"eWeLink-Remote\"-Signal \u00fcbertr\u00e4gt und daher auch als \"eWeLink-Remote-Subdevice\" bezeichnet wird. Die R5-Fernbedienung kann zu intelligenten Ger\u00e4ten mit einem \"eWeLink-Remote\"-Gateway hinzugef\u00fcgt werden, wie z. B. dem intelligenten Wandschalter M5, dem intelligenten Schalter Mini R3 und der intelligenten LED-Gl\u00fchbirne B05-BL. Sie k\u00f6nnen alle Produkte mit dem eWeLink-Remote-Gateway auch ohne lokales Netzwerk steuern, ebenso wie alle anderen SONOFF Smart Devices in smarten Szenarien, wenn eine Netzwerkverbindung vorhanden ist. Dies ist die \"eWeLink-Remote\" Steuerung, klicken Sie f\u00fcr weitere Informationen.<\/p>\n<p>Wenn Sie den R5 mit dem SONOFF M5 Switchman Smart Wall Switch verwenden, kann dieselbe Leuchte von beiden Seiten des Raumes aus gesteuert werden, selbst wenn der M5 offline ist. Sie m\u00fcssen sich keine Gedanken mehr \u00fcber die Verkabelung f\u00fcr eine bidirektionale oder multidirektionale Steuerung machen. Der R5 kann als Schalter an der Wand montiert oder abgenommen und als Fernbedienung verwendet werden. An ein eWeLink-Remote-Gateway k\u00f6nnen bis zu 8 R5-Fernbedienungen angeschlossen werden!<\/p>\n<p>Alle 6 Tasten unterst\u00fctzen drei Arten des Tastendrucks: einfacher Klick, langer Klick und Doppelklick, so dass Sie verschiedene Szenarien f\u00fcr jeden Tastendruck konfigurieren k\u00f6nnen. Das Produkt enth\u00e4lt auch Aufkleber, die Sie auf die Tasten kleben k\u00f6nnen, um sich deren Funktionen leichter merken zu k\u00f6nnen.<\/p>\n<p>Der Schalter enth\u00e4lt normalerweise keine Batterie. Nach Angaben des Herstellers h\u00e4lt die Batterie etwa 2 Jahre (bei 10 Bet\u00e4tigungen pro Tag).<\/p>\n<p>Der Schaltersockel kann mit Aufklebern oder Schrauben an der Wand oder an M\u00f6beln befestigt werden. Der Schalter l\u00e4sst sich leicht vom Sockel abnehmen und als Fernbedienung verwenden.<\/p>\n<p>Es ist keine Verkabelung erforderlich, da es sich um ein drahtloses Ger\u00e4t handelt. Sie k\u00f6nnen es installieren, wo immer Sie wollen.<\/p>\n<h3><strong>Produktmerkmale:<\/strong><\/h3>\n<ul>\n<li><strong>Kabelloser Wandschalter mit 6 physischen Tasten<\/strong><\/li>\n<li>Alle 6 Tasten unterst\u00fctzen drei Druckmodi: einfacher Klick, langer Klick und Doppelklick, so dass f\u00fcr jeden Druck unterschiedliche Szenen m\u00f6glich sind<\/li>\n<li>Batteriebetrieben, erwartete Batterielebensdauer 2 Jahre<\/li>\n<li>Jede Taste kann mit verschiedenen intelligenten Ger\u00e4ten verbunden werden, die das eWeLink-Remote-Gateway unterst\u00fctzen<\/li>\n<li><strong>EU-Standardabmessungen:<\/strong> 86 \u00d7 86 mm<\/li>\n<li>Kann mit 2-dimensionalen Klebeetiketten oder Schrauben an jeder beliebigen Stelle befestigt werden, keine Spachtelmasse erforderlich<\/li>\n<li>Betrieb von anderen Ger\u00e4ten, die mit <strong>eWeLink-Remote (Bluetooth Low Energy) Gateway zu Empf\u00e4ngern<\/strong> oder andere eWeLink-kompatible Ger\u00e4te \u00fcber Cloud-Szenen<\/li>\n<\/ul>","protected":false},"excerpt":{"rendered":"<p>Der SONOFF Switch R5 ist die neueste Generation von batteriebetriebenen Funkschaltern des Smart-Home-Herstellers. Er nutzt die Bluetooth Low Energy Technologie eWeLink-Remote anstelle von RF 433MHz. Er kann an eWeLink-Ger\u00e4te angeschlossen werden, die mit einem eWeLink-Remote (Bluetooth)-Empf\u00e4nger ausgestattet sind, wie z.B. der Sonoff MINI R3 oder die neue Generation der BL-Lampen.<\/p>","protected":false},"featured_media":6988,"template":"","meta":{"_acf_changed":false},"product_brand":[120],"product_cat":[131,136,95],"product_tag":[],"class_list":{"0":"post-6986","1":"product","2":"type-product","3":"status-publish","4":"has-post-thumbnail","6":"product_brand-sonoff","7":"product_cat-bluetooth","8":"product_cat-ewelink","9":"product_cat-stikala","11":"first","12":"instock","13":"sale","14":"taxable","15":"shipping-taxable","16":"purchasable","17":"product-type-simple"},"acf":[],"_links":{"self":[{"href":"https:\/\/iotronx.com\/de\/wp-json\/wp\/v2\/product\/6986","targetHints":{"allow":["GET"]}}],"collection":[{"href":"https:\/\/iotronx.com\/de\/wp-json\/wp\/v2\/product"}],"about":[{"href":"https:\/\/iotronx.com\/de\/wp-json\/wp\/v2\/types\/product"}],"wp:featuredmedia":[{"embeddable":true,"href":"https:\/\/iotronx.com\/de\/wp-json\/wp\/v2\/media\/6988"}],"wp:attachment":[{"href":"https:\/\/iotronx.com\/de\/wp-json\/wp\/v2\/media?parent=6986"}],"wp:term":[{"taxonomy":"product_brand","embeddable":true,"href":"https:\/\/iotronx.com\/de\/wp-json\/wp\/v2\/product_brand?post=6986"},{"taxonomy":"product_cat","embeddable":true,"href":"https:\/\/iotronx.com\/de\/wp-json\/wp\/v2\/product_cat?post=6986"},{"taxonomy":"product_tag","embeddable":true,"href":"https:\/\/iotronx.com\/de\/wp-json\/wp\/v2\/product_tag?post=6986"}],"curies":[{"name":"wp","href":"https:\/\/api.w.org\/{rel}","templated":true}]}}