{"id":7036,"date":"2025-07-13T17:28:56","date_gmt":"2025-07-13T17:28:56","guid":{"rendered":"http:\/\/iotronx.com\/izdelek\/sonoff-bmt01-smart-bbq-termometer-razsiritveni-komplet-2-kosa-dodatnih-sond\/"},"modified":"2025-09-24T12:35:46","modified_gmt":"2025-09-24T12:35:46","slug":"sonoff-bmt01-smart-bbq-thermometer-desorption-kit-2-stuck-extra-fuhler","status":"publish","type":"product","link":"https:\/\/iotronx.com\/de\/product\/sonoff-bmt01-smart-bbq-thermometer-desorption-kit-2-stuck-extra-fuhler\/","title":{"rendered":"Sonoff BMT01 smart BBQ Thermometer Erweiterungsset (2 zus\u00e4tzliche Sonden)"},"content":{"rendered":"<p>Wenn Sie bereits \u00fcber <strong>Sonoff BMT01 intelligentes Thermometer<\/strong>Dies ist Ihre Chance, die Kontrolle \u00fcber Ihre Kochk\u00fcnste auf die n\u00e4chste Stufe zu heben. <strong>Sonoff BMT01 BBQ Smart Thermometer Erweiterungsset<\/strong> bietet zus\u00e4tzliche Temperaturmesspunkte, um optimale Garergebnisse zu gew\u00e4hrleisten. Mit zus\u00e4tzlichen F\u00fchlern (zwei zus\u00e4tzliche F\u00fchler) k\u00f6nnen Sie mehrere Fleischst\u00fccke oder verschiedene Temperaturzonen gleichzeitig \u00fcberwachen und so beim Grillen, Braten oder R\u00e4uchern maximale Genauigkeit gew\u00e4hrleisten.<\/p>\n<p><\/p>\n<h3><strong>Hauptmerkmale:<\/strong><\/h3>\n<ul>\n<li><strong>Multi-Punkt-Temperaturmessung:<\/strong> Erm\u00f6glicht die gleichzeitige \u00dcberwachung von mehreren Fleischst\u00fccken oder Kochstellen.<\/li>\n<li><strong>Hochpr\u00e4zise Sensoren:<\/strong> Sie bieten pr\u00e4zise Temperaturmessungen f\u00fcr perfekte Kochergebnisse.<\/li>\n<li><strong>Breiter Temperaturbereich:<\/strong> Geeignet zum Grillen, R\u00e4uchern, Backen und f\u00fcr andere Zubereitungen.<\/li>\n<li><strong>Langlebige und hitzebest\u00e4ndige Konstruktion:<\/strong> Hergestellt aus hochwertigem Edelstahl f\u00fcr eine lange Lebensdauer.<\/li>\n<li><strong>Einfach zu verbinden:<\/strong> Nahtlose Integration mit <strong>Sonoff BMT01 BBQ Smart Thermometer<\/strong>die eine Echtzeit-Temperatur\u00fcberwachung \u00fcber eine mobile App erm\u00f6glicht.<\/li>\n<\/ul>\n<p><\/p>\n<h3><strong>Technische Daten:<\/strong><\/h3>\n<ul>\n<li><strong>Typ der Sonde:<\/strong> Temperaturf\u00fchler aus rostfreiem Stahl<\/li>\n<li><strong>Kompatibilit\u00e4t:<\/strong> Sonoff BMT01 BBQ Smart Thermometer<\/li>\n<li><strong>Messbereich:<\/strong> Entwickelt f\u00fcr den Einsatz bei hohen Kochtemperaturen<\/li>\n<li><strong>L\u00e4nge des Kabels:<\/strong> Erm\u00f6glicht eine flexible Positionierung an verschiedenen Stellen des Grills, Ofens oder Smokers<\/li>\n<li><strong>Material:<\/strong> Edelstahlsonde mit hitzebest\u00e4ndigem Kabel<\/li>\n<\/ul>\n<p><\/p>\n<p>Verfeinern Sie Ihr <strong>Sonoff BMT01 BBQ Smart Thermometer<\/strong> mit diesem Erweiterungsset und erreichen Sie eine perfekte Temperaturkontrolle bei jeder Lebensmittelzubereitung!<\/p>\n<p>\u26a0 <strong>Bemerkung:<\/strong> Dieses Produkt ist <strong>Erweiterungssatz<\/strong> f\u00fcr <strong>Sonoff BMT01 BBQ Smart Thermometer<\/strong> und <strong>nicht f\u00fcr den alleinigen Gebrauch bestimmt<\/strong>.<\/p>","protected":false},"excerpt":{"rendered":"<p>Mit dem Sonoff BMT01 BBQ Smart Thermometer Expansion Kit k\u00f6nnen Sie die Temperatur Ihres Grillguts an mehreren Stellen messen, um perfekte Garergebnisse zu gew\u00e4hrleisten. Mit den zwei zus\u00e4tzlichen Sonden, die in diesem Kit enthalten sind, k\u00f6nnen Sie bis zu 4 Fleischst\u00fccke oder verschiedene Hitzezonen gleichzeitig \u00fcberwachen, was die Genauigkeit beim Grillen, Braten oder R\u00e4uchern erh\u00f6ht.<\/p>","protected":false},"featured_media":7038,"template":"","meta":{"_acf_changed":false},"product_brand":[120],"product_cat":[136,17],"product_tag":[],"class_list":{"0":"post-7036","1":"product","2":"type-product","3":"status-publish","4":"has-post-thumbnail","6":"product_brand-sonoff","7":"product_cat-ewelink","8":"product_cat-nekategorizirano","10":"first","11":"instock","12":"sale","13":"taxable","14":"shipping-taxable","15":"purchasable","16":"product-type-simple"},"acf":[],"_links":{"self":[{"href":"https:\/\/iotronx.com\/de\/wp-json\/wp\/v2\/product\/7036","targetHints":{"allow":["GET"]}}],"collection":[{"href":"https:\/\/iotronx.com\/de\/wp-json\/wp\/v2\/product"}],"about":[{"href":"https:\/\/iotronx.com\/de\/wp-json\/wp\/v2\/types\/product"}],"wp:featuredmedia":[{"embeddable":true,"href":"https:\/\/iotronx.com\/de\/wp-json\/wp\/v2\/media\/7038"}],"wp:attachment":[{"href":"https:\/\/iotronx.com\/de\/wp-json\/wp\/v2\/media?parent=7036"}],"wp:term":[{"taxonomy":"product_brand","embeddable":true,"href":"https:\/\/iotronx.com\/de\/wp-json\/wp\/v2\/product_brand?post=7036"},{"taxonomy":"product_cat","embeddable":true,"href":"https:\/\/iotronx.com\/de\/wp-json\/wp\/v2\/product_cat?post=7036"},{"taxonomy":"product_tag","embeddable":true,"href":"https:\/\/iotronx.com\/de\/wp-json\/wp\/v2\/product_tag?post=7036"}],"curies":[{"name":"wp","href":"https:\/\/api.w.org\/{rel}","templated":true}]}}